{"id":29411,"date":"2024-12-02T11:24:36","date_gmt":"2024-12-02T10:24:36","guid":{"rendered":"https:\/\/maeshoney.com\/dados-de-producao\/"},"modified":"2026-03-17T17:28:18","modified_gmt":"2026-03-17T16:28:18","slug":"dados-de-producao","status":"publish","type":"page","link":"https:\/\/maeshoney.com\/pt-pt\/dados-de-producao\/","title":{"rendered":"Dados de produ\u00e7\u00e3o"},"content":{"rendered":"\t\t<div data-elementor-type=\"wp-page\" data-elementor-id=\"29411\" class=\"elementor elementor-29411 elementor-26784\" data-elementor-post-type=\"page\">\n\t\t\t\t\t\t<section class=\"elementor-section elementor-top-section elementor-element elementor-element-6ec6f81 elementor-section-stretched scheme_default elementor-section-height-min-height elementor-section-full_width elementor-section-content-middle elementor-section-height-default elementor-section-items-middle sc_fly_static\" data-id=\"6ec6f81\" data-element_type=\"section\" data-e-type=\"section\" data-settings=\"{&quot;stretch_section&quot;:&quot;section-stretched&quot;,&quot;background_background&quot;:&quot;classic&quot;}\">\n\t\t\t\t\t\t\t<div class=\"elementor-background-overlay\"><\/div>\n\t\t\t\t\t\t\t<div class=\"elementor-container elementor-column-gap-extended\">\n\t\t\t\t\t<div class=\"elementor-column elementor-col-100 elementor-top-column elementor-element elementor-element-9d8c7c1 sc_content_align_left sc_inner_width_none sc_layouts_column_icons_position_left sc_fly_static\" data-id=\"9d8c7c1\" data-element_type=\"column\" data-e-type=\"column\">\n\t\t\t<div class=\"elementor-widget-wrap elementor-element-populated\">\n\t\t\t\t\t\t<div class=\"elementor-element elementor-element-454cb8b sc_fly_static elementor-widget elementor-widget-trx_sc_title\" data-id=\"454cb8b\" data-element_type=\"widget\" data-e-type=\"widget\" data-widget_type=\"trx_sc_title.default\">\n\t\t\t\t<div class=\"elementor-widget-container\">\n\t\t\t\t\t<div\t\tclass=\"sc_title sc_title_default\" ><h1 class=\"sc_item_title sc_title_title sc_align_left sc_item_title_style_default sc_item_title_tag trx_addons_inline_470028168\"\n\t\t\t><span class=\"sc_item_title_text\">Dados de<br>produ\u00e7\u00e3o<\/span><\/h1><\/div>\t\t\t\t<\/div>\n\t\t\t\t<\/div>\n\t\t\t\t\t<\/div>\n\t\t<\/div>\n\t\t\t\t\t<\/div>\n\t\t<\/section>\n\t\t\t\t<section class=\"elementor-section elementor-top-section elementor-element elementor-element-aaf7324 elementor-section-stretched scheme_default elementor-section-boxed elementor-section-height-default elementor-section-height-default sc_fly_static\" data-id=\"aaf7324\" data-element_type=\"section\" data-e-type=\"section\" id=\"objetivos\" data-settings=\"{&quot;stretch_section&quot;:&quot;section-stretched&quot;,&quot;background_background&quot;:&quot;classic&quot;}\">\n\t\t\t\t\t\t<div class=\"elementor-container elementor-column-gap-extended\">\n\t\t\t\t\t<div class=\"elementor-column elementor-col-100 elementor-top-column elementor-element elementor-element-4aed2df sc_inner_width_none sc_content_align_inherit sc_layouts_column_icons_position_left sc_fly_static\" data-id=\"4aed2df\" data-element_type=\"column\" data-e-type=\"column\">\n\t\t\t<div class=\"elementor-widget-wrap elementor-element-populated\">\n\t\t\t\t\t\t<div class=\"elementor-element elementor-element-29386d9 sc_height_large sc_fly_static elementor-widget elementor-widget-spacer\" data-id=\"29386d9\" data-element_type=\"widget\" data-e-type=\"widget\" id=\"compromiso\" data-widget_type=\"spacer.default\">\n\t\t\t\t<div class=\"elementor-widget-container\">\n\t\t\t\t\t\t\t<div class=\"elementor-spacer\">\n\t\t\t<div class=\"elementor-spacer-inner\"><\/div>\n\t\t<\/div>\n\t\t\t\t\t\t<\/div>\n\t\t\t\t<\/div>\n\t\t\t\t\t<\/div>\n\t\t<\/div>\n\t\t\t\t\t<\/div>\n\t\t<\/section>\n\t\t\t\t<section class=\"elementor-section-with-custom-width elementor-section elementor-top-section elementor-element elementor-element-5eadb45 elementor-section-content-space-between scheme_default animated-slow animation_type_sequental hide_bg_image_on_tablet hide_bg_image_on_mobile sc_layouts_row sc_layouts_row_type_normal elementor-section-boxed elementor-section-height-default elementor-section-height-default sc_fly_static elementor-invisible\" data-id=\"5eadb45\" data-element_type=\"section\" data-e-type=\"section\" data-settings=\"{&quot;background_background&quot;:&quot;classic&quot;,&quot;animation&quot;:&quot;fadeIn&quot;,&quot;animation_delay&quot;:300}\">\n\t\t\t\t\t\t<div class=\"elementor-container elementor-column-gap-custom\">\n\t\t\t\t\t<div class=\"elementor-column elementor-col-50 elementor-top-column elementor-element elementor-element-6a95036 sc_content_align_center sc_inner_width_none sc_layouts_column_icons_position_left sc_fly_static\" data-id=\"6a95036\" data-element_type=\"column\" data-e-type=\"column\">\n\t\t\t<div class=\"elementor-widget-wrap elementor-element-populated\">\n\t\t\t\t\t\t<div class=\"elementor-element elementor-element-448454e sc_fly_static elementor-widget elementor-widget-trx_sc_title\" data-id=\"448454e\" data-element_type=\"widget\" data-e-type=\"widget\" data-widget_type=\"trx_sc_title.default\">\n\t\t\t\t<div class=\"elementor-widget-container\">\n\t\t\t\t\t<div\t\tclass=\"sc_title sc_title_default\" ><h2 class=\"sc_item_title sc_title_title sc_align_left sc_item_title_style_default sc_item_title_tag trx_addons_inline_692715927\"\n\t\t\t><span class=\"sc_item_title_text\">Maes Honey, fornecedor de mel com capacidade produtiva e flexibilidade<\/span><\/h2><\/div>\t\t\t\t<\/div>\n\t\t\t\t<\/div>\n\t\t\t\t<div class=\"elementor-element elementor-element-35c8260 sc_fly_static elementor-widget elementor-widget-spacer\" data-id=\"35c8260\" data-element_type=\"widget\" data-e-type=\"widget\" data-widget_type=\"spacer.default\">\n\t\t\t\t<div class=\"elementor-widget-container\">\n\t\t\t\t\t\t\t<div class=\"elementor-spacer\">\n\t\t\t<div class=\"elementor-spacer-inner\"><\/div>\n\t\t<\/div>\n\t\t\t\t\t\t<\/div>\n\t\t\t\t<\/div>\n\t\t\t\t<div class=\"elementor-element elementor-element-86c921b sc_fly_static elementor-widget elementor-widget-text-editor\" data-id=\"86c921b\" data-element_type=\"widget\" data-e-type=\"widget\" data-widget_type=\"text-editor.default\">\n\t\t\t\t<div class=\"elementor-widget-container\">\n\t\t\t\t\t\t\t\t\t<p>A nossa primeira exporta\u00e7\u00e3o foi em 1993 para a Alemanha. Desde ent\u00e3o, n\u00e3o par\u00e1mos de expandir as nossas fronteiras, estando agora presentes em mais de 35 pa\u00edses nos 5 continentes<\/p>\n<p>Nos \u00faltimos 15 anos, crescemos 10%. Este crescimento \u00e9 o resultado da nossa estrat\u00e9gia s\u00f3lida, baseada na constante inova\u00e7\u00e3o. Todos os anos, na Maes Honey, investimos parte dos nossos lucros anuais em melhorias tecnol\u00f3gicas e inova\u00e7\u00e3o, com o objetivo de fazer uma previs\u00e3o a longo prazo e antecipar as poss\u00edveis mudan\u00e7as que possam surgir nos mercados. A implementa\u00e7\u00e3o de tecnologias mais avan\u00e7adas permite-nos ser mais eficientes e sustent\u00e1veis, reduzindo o nosso impacto ambiental e aumentando a nossa produtividade.  <\/p>\n<p>No gr\u00e1fico \u00e0 direita, pode observar a evolu\u00e7\u00e3o da nossa produ\u00e7\u00e3o. O nosso sucesso devese \u00e0 combina\u00e7\u00e3o da tecnologia mais avan\u00e7ada e ao conhecimento dos mercados internacionais e do setor alimentar do mel.<\/p>\n<p>O nosso objetivo para os pr\u00f3ximos anos \u00e9 continuar a crescer de forma sustent\u00e1vel e respeitadora do meio ambiente. Para isso, continuaremos a investir em melhorias tecnol\u00f3gicas para nos adaptarmos \u00e0s poss\u00edveis mudan\u00e7as e tend\u00eancias de cada mercado alimentar. Na Maes Honey, queremos ado\u00e7ar todos os lares do mundo. <\/p>\n\t\t\t\t\t\t\t\t<\/div>\n\t\t\t\t<\/div>\n\t\t\t\t<div class=\"elementor-element elementor-element-a21f244 sc_fly_static elementor-widget elementor-widget-spacer\" data-id=\"a21f244\" data-element_type=\"widget\" data-e-type=\"widget\" data-widget_type=\"spacer.default\">\n\t\t\t\t<div class=\"elementor-widget-container\">\n\t\t\t\t\t\t\t<div class=\"elementor-spacer\">\n\t\t\t<div class=\"elementor-spacer-inner\"><\/div>\n\t\t<\/div>\n\t\t\t\t\t\t<\/div>\n\t\t\t\t<\/div>\n\t\t\t\t<div class=\"elementor-element elementor-element-fec1387 sc_fly_static elementor-widget elementor-widget-button\" data-id=\"fec1387\" data-element_type=\"widget\" data-e-type=\"widget\" data-widget_type=\"button.default\">\n\t\t\t\t<div class=\"elementor-widget-container\">\n\t\t\t\t\t\t\t\t\t<div class=\"elementor-button-wrapper\">\n\t\t\t\t\t<a class=\"elementor-button elementor-button-link elementor-size-sm\" href=\"https:\/\/maeshoney.com\/pt-pt\/fabrica\/\">\n\t\t\t\t\t\t<span class=\"elementor-button-content-wrapper\">\n\t\t\t\t\t\t\t\t\t<span class=\"elementor-button-text\">CONHE\u00c7A A F\u00c1BRICA<\/span>\n\t\t\t\t\t<\/span>\n\t\t\t\t\t<\/a>\n\t\t\t\t<\/div>\n\t\t\t\t\t\t\t\t<\/div>\n\t\t\t\t<\/div>\n\t\t\t\t\t<\/div>\n\t\t<\/div>\n\t\t\t\t<div class=\"elementor-column elementor-col-50 elementor-top-column elementor-element elementor-element-91292ca sc_inner_width_none sc_content_align_inherit sc_layouts_column_icons_position_left sc_fly_static\" data-id=\"91292ca\" data-element_type=\"column\" data-e-type=\"column\">\n\t\t\t<div class=\"elementor-widget-wrap elementor-element-populated\">\n\t\t\t\t\t\t<div class=\"elementor-element elementor-element-aa6ae78 sc_fly_static elementor-widget elementor-widget-image\" data-id=\"aa6ae78\" data-element_type=\"widget\" data-e-type=\"widget\" data-widget_type=\"image.default\">\n\t\t\t\t<div class=\"elementor-widget-container\">\n\t\t\t\t\t\t\t\t\t\t\t\t\t\t\t<img decoding=\"async\" src=\"https:\/\/maeshoney.com\/wp-content\/uploads\/2024\/10\/Group-91.png\" title=\"\" alt=\"\" loading=\"lazy\" \/>\t\t\t\t\t\t\t\t\t\t\t\t\t\t\t<\/div>\n\t\t\t\t<\/div>\n\t\t\t\t<div class=\"elementor-element elementor-element-4e482b3 sc_fly_static elementor-widget elementor-widget-trx_sc_title\" data-id=\"4e482b3\" data-element_type=\"widget\" data-e-type=\"widget\" data-widget_type=\"trx_sc_title.default\">\n\t\t\t\t<div class=\"elementor-widget-container\">\n\t\t\t\t\t<div\t\tclass=\"sc_title sc_title_default\" ><h3 class=\"sc_item_title sc_title_title sc_align_center sc_item_title_style_default sc_item_title_tag trx_addons_inline_959705242\"\n\t\t\t><span class=\"sc_item_title_text\">Evolu\u00e7\u00e3o em Quilos<\/span><\/h3><\/div>\t\t\t\t<\/div>\n\t\t\t\t<\/div>\n\t\t\t\t<div class=\"elementor-element elementor-element-9f5daf4 sc_fly_static elementor-widget elementor-widget-trx_sc_title\" data-id=\"9f5daf4\" data-element_type=\"widget\" data-e-type=\"widget\" data-widget_type=\"trx_sc_title.default\">\n\t\t\t\t<div class=\"elementor-widget-container\">\n\t\t\t\t\t<div\t\tclass=\"sc_title sc_title_default\" ><h3 class=\"sc_item_title sc_title_title sc_align_center sc_item_title_style_default sc_item_title_tag trx_addons_inline_1647313842\"\n\t\t\t><span class=\"sc_item_title_text\"><span style=\"font-size:32px;font-weight:700;line-height:15px;\">Crescimento de 10%<\/span> <br>nos \u00faltimos 15 anos.<\/span><\/h3><\/div>\t\t\t\t<\/div>\n\t\t\t\t<\/div>\n\t\t\t\t<div class=\"elementor-element elementor-element-f56fdc0 sc_fly_static elementor-widget elementor-widget-image\" data-id=\"f56fdc0\" data-element_type=\"widget\" data-e-type=\"widget\" data-widget_type=\"image.default\">\n\t\t\t\t<div class=\"elementor-widget-container\">\n\t\t\t\t\t\t\t\t\t\t\t\t\t\t\t<img fetchpriority=\"high\" decoding=\"async\" width=\"618\" height=\"348\" src=\"https:\/\/maeshoney.com\/wp-content\/uploads\/2024\/10\/Recurso-1-1-1.svg\" class=\"attachment-large size-large wp-image-26786\" alt=\"graph showing the company&#039;s growth.\" \/>\t\t\t\t\t\t\t\t\t\t\t\t\t\t\t<\/div>\n\t\t\t\t<\/div>\n\t\t\t\t\t<\/div>\n\t\t<\/div>\n\t\t\t\t\t<\/div>\n\t\t<\/section>\n\t\t\t\t<section class=\"elementor-section elementor-top-section elementor-element elementor-element-1ad20130 elementor-section-boxed elementor-section-height-default elementor-section-height-default sc_fly_static\" data-id=\"1ad20130\" data-element_type=\"section\" data-e-type=\"section\" id=\"depuradora\">\n\t\t\t\t\t\t<div class=\"elementor-container elementor-column-gap-extended\">\n\t\t\t\t\t<div class=\"elementor-column elementor-col-100 elementor-top-column elementor-element elementor-element-7ab5a705 sc_inner_width_none sc_content_align_inherit sc_layouts_column_icons_position_left sc_fly_static\" data-id=\"7ab5a705\" data-element_type=\"column\" data-e-type=\"column\">\n\t\t\t<div class=\"elementor-widget-wrap elementor-element-populated\">\n\t\t\t\t\t\t<div class=\"elementor-element elementor-element-5a906da sc_height_large sc_fly_static elementor-widget elementor-widget-spacer\" data-id=\"5a906da\" data-element_type=\"widget\" data-e-type=\"widget\" data-widget_type=\"spacer.default\">\n\t\t\t\t<div class=\"elementor-widget-container\">\n\t\t\t\t\t\t\t<div class=\"elementor-spacer\">\n\t\t\t<div class=\"elementor-spacer-inner\"><\/div>\n\t\t<\/div>\n\t\t\t\t\t\t<\/div>\n\t\t\t\t<\/div>\n\t\t\t\t\t<\/div>\n\t\t<\/div>\n\t\t\t\t\t<\/div>\n\t\t<\/section>\n\t\t\t\t<\/div>\n\t\t","protected":false},"excerpt":{"rendered":"<p>Dados deprodu\u00e7\u00e3o Maes Honey, fornecedor de mel com capacidade produtiva e flexibilidade A nossa primeira exporta\u00e7\u00e3o foi em 1993 para a Alemanha. Desde ent\u00e3o, n\u00e3o par\u00e1mos de expandir as nossas&hellip;<\/p>\n","protected":false},"author":26,"featured_media":0,"parent":0,"menu_order":4,"comment_status":"closed","ping_status":"closed","template":"","meta":{"_acf_changed":false,"footnotes":""},"class_list":["post-29411","page","type-page","status-publish","hentry"],"acf":[],"yoast_head":"<!-- This site is optimized with the Yoast SEO plugin v27.1.1 - https:\/\/yoast.com\/product\/yoast-seo-wordpress\/ -->\n<title>Dados de produ\u00e7\u00e3o - MAES HONEY<\/title>\n<meta name=\"description\" content=\"Nos \u00faltimos 15 anos crescemos 10%. \u00c9 o resultado da nossa estrat\u00e9gia s\u00f3lida, baseada na inova\u00e7\u00e3o constante.\" \/>\n<meta name=\"robots\" content=\"index, follow, max-snippet:-1, max-image-preview:large, max-video-preview:-1\" \/>\n<link rel=\"canonical\" href=\"https:\/\/maeshoney.com\/pt-pt\/dados-de-producao\/\" \/>\n<meta property=\"og:locale\" content=\"pt_PT\" \/>\n<meta property=\"og:type\" content=\"article\" \/>\n<meta property=\"og:title\" content=\"Dados de produ\u00e7\u00e3o - MAES HONEY\" \/>\n<meta property=\"og:description\" content=\"Nos \u00faltimos 15 anos crescemos 10%. \u00c9 o resultado da nossa estrat\u00e9gia s\u00f3lida, baseada na inova\u00e7\u00e3o constante.\" \/>\n<meta property=\"og:url\" content=\"https:\/\/maeshoney.com\/pt-pt\/dados-de-producao\/\" \/>\n<meta property=\"og:site_name\" content=\"MAES HONEY\" \/>\n<meta property=\"article:modified_time\" content=\"2026-03-17T16:28:18+00:00\" \/>\n<meta property=\"og:image\" content=\"https:\/\/maeshoney.com\/wp-content\/uploads\/elementor\/thumbs\/Group-91-qvalenybj2x21ke5uiztw32ney2dbc0k7a3us36e4g.png\" \/>\n<meta name=\"twitter:card\" content=\"summary_large_image\" \/>\n<meta name=\"twitter:label1\" content=\"Tempo estimado de leitura\" \/>\n\t<meta name=\"twitter:data1\" content=\"2 minutos\" \/>\n<script type=\"application\/ld+json\" class=\"yoast-schema-graph\">{\"@context\":\"https:\/\/schema.org\",\"@graph\":[{\"@type\":\"WebPage\",\"@id\":\"https:\/\/maeshoney.com\/pt-pt\/dados-de-producao\/\",\"url\":\"https:\/\/maeshoney.com\/pt-pt\/dados-de-producao\/\",\"name\":\"Dados de produ\u00e7\u00e3o - MAES HONEY\",\"isPartOf\":{\"@id\":\"https:\/\/maeshoney.com\/#website\"},\"primaryImageOfPage\":{\"@id\":\"https:\/\/maeshoney.com\/pt-pt\/dados-de-producao\/#primaryimage\"},\"image\":{\"@id\":\"https:\/\/maeshoney.com\/pt-pt\/dados-de-producao\/#primaryimage\"},\"thumbnailUrl\":\"https:\/\/maeshoney.com\/wp-content\/uploads\/elementor\/thumbs\/Group-91-qvalenybj2x21ke5uiztw32ney2dbc0k7a3us36e4g.png\",\"datePublished\":\"2024-12-02T10:24:36+00:00\",\"dateModified\":\"2026-03-17T16:28:18+00:00\",\"description\":\"Nos \u00faltimos 15 anos crescemos 10%. \u00c9 o resultado da nossa estrat\u00e9gia s\u00f3lida, baseada na inova\u00e7\u00e3o constante.\",\"breadcrumb\":{\"@id\":\"https:\/\/maeshoney.com\/pt-pt\/dados-de-producao\/#breadcrumb\"},\"inLanguage\":\"pt-PT\",\"potentialAction\":[{\"@type\":\"ReadAction\",\"target\":[\"https:\/\/maeshoney.com\/pt-pt\/dados-de-producao\/\"]}]},{\"@type\":\"ImageObject\",\"inLanguage\":\"pt-PT\",\"@id\":\"https:\/\/maeshoney.com\/pt-pt\/dados-de-producao\/#primaryimage\",\"url\":\"https:\/\/maeshoney.com\/wp-content\/uploads\/elementor\/thumbs\/Group-91-qvalenybj2x21ke5uiztw32ney2dbc0k7a3us36e4g.png\",\"contentUrl\":\"https:\/\/maeshoney.com\/wp-content\/uploads\/elementor\/thumbs\/Group-91-qvalenybj2x21ke5uiztw32ney2dbc0k7a3us36e4g.png\"},{\"@type\":\"BreadcrumbList\",\"@id\":\"https:\/\/maeshoney.com\/pt-pt\/dados-de-producao\/#breadcrumb\",\"itemListElement\":[{\"@type\":\"ListItem\",\"position\":1,\"name\":\"Portada\",\"item\":\"https:\/\/maeshoney.com\/pt-pt\/\"},{\"@type\":\"ListItem\",\"position\":2,\"name\":\"Dados de produ\u00e7\u00e3o\"}]},{\"@type\":\"WebSite\",\"@id\":\"https:\/\/maeshoney.com\/#website\",\"url\":\"https:\/\/maeshoney.com\/\",\"name\":\"MAES HONEY\",\"description\":\"En Maes Honey somos l\u00edderes en la exportaci\u00f3n de miel en Espa\u00f1a. Contamos con una gran capacidad de producci\u00f3n de miel anual.\",\"publisher\":{\"@id\":\"https:\/\/maeshoney.com\/#organization\"},\"potentialAction\":[{\"@type\":\"SearchAction\",\"target\":{\"@type\":\"EntryPoint\",\"urlTemplate\":\"https:\/\/maeshoney.com\/?s={search_term_string}\"},\"query-input\":{\"@type\":\"PropertyValueSpecification\",\"valueRequired\":true,\"valueName\":\"search_term_string\"}}],\"inLanguage\":\"pt-PT\"},{\"@type\":\"Organization\",\"@id\":\"https:\/\/maeshoney.com\/#organization\",\"name\":\"MAES HONEY\",\"url\":\"https:\/\/maeshoney.com\/\",\"logo\":{\"@type\":\"ImageObject\",\"inLanguage\":\"pt-PT\",\"@id\":\"https:\/\/maeshoney.com\/#\/schema\/logo\/image\/\",\"url\":\"https:\/\/maeshoney.com\/wp-content\/uploads\/2023\/11\/maes-honey-logo-es.png\",\"contentUrl\":\"https:\/\/maeshoney.com\/wp-content\/uploads\/2023\/11\/maes-honey-logo-es.png\",\"width\":157,\"height\":66,\"caption\":\"MAES HONEY\"},\"image\":{\"@id\":\"https:\/\/maeshoney.com\/#\/schema\/logo\/image\/\"}}]}<\/script>\n<!-- \/ Yoast SEO plugin. -->","yoast_head_json":{"title":"Dados de produ\u00e7\u00e3o - MAES HONEY","description":"Nos \u00faltimos 15 anos crescemos 10%. \u00c9 o resultado da nossa estrat\u00e9gia s\u00f3lida, baseada na inova\u00e7\u00e3o constante.","robots":{"index":"index","follow":"follow","max-snippet":"max-snippet:-1","max-image-preview":"max-image-preview:large","max-video-preview":"max-video-preview:-1"},"canonical":"https:\/\/maeshoney.com\/pt-pt\/dados-de-producao\/","og_locale":"pt_PT","og_type":"article","og_title":"Dados de produ\u00e7\u00e3o - MAES HONEY","og_description":"Nos \u00faltimos 15 anos crescemos 10%. \u00c9 o resultado da nossa estrat\u00e9gia s\u00f3lida, baseada na inova\u00e7\u00e3o constante.","og_url":"https:\/\/maeshoney.com\/pt-pt\/dados-de-producao\/","og_site_name":"MAES HONEY","article_modified_time":"2026-03-17T16:28:18+00:00","og_image":[{"url":"https:\/\/maeshoney.com\/wp-content\/uploads\/elementor\/thumbs\/Group-91-qvalenybj2x21ke5uiztw32ney2dbc0k7a3us36e4g.png","type":"","width":"","height":""}],"twitter_card":"summary_large_image","twitter_misc":{"Tempo estimado de leitura":"2 minutos"},"schema":{"@context":"https:\/\/schema.org","@graph":[{"@type":"WebPage","@id":"https:\/\/maeshoney.com\/pt-pt\/dados-de-producao\/","url":"https:\/\/maeshoney.com\/pt-pt\/dados-de-producao\/","name":"Dados de produ\u00e7\u00e3o - MAES HONEY","isPartOf":{"@id":"https:\/\/maeshoney.com\/#website"},"primaryImageOfPage":{"@id":"https:\/\/maeshoney.com\/pt-pt\/dados-de-producao\/#primaryimage"},"image":{"@id":"https:\/\/maeshoney.com\/pt-pt\/dados-de-producao\/#primaryimage"},"thumbnailUrl":"https:\/\/maeshoney.com\/wp-content\/uploads\/elementor\/thumbs\/Group-91-qvalenybj2x21ke5uiztw32ney2dbc0k7a3us36e4g.png","datePublished":"2024-12-02T10:24:36+00:00","dateModified":"2026-03-17T16:28:18+00:00","description":"Nos \u00faltimos 15 anos crescemos 10%. \u00c9 o resultado da nossa estrat\u00e9gia s\u00f3lida, baseada na inova\u00e7\u00e3o constante.","breadcrumb":{"@id":"https:\/\/maeshoney.com\/pt-pt\/dados-de-producao\/#breadcrumb"},"inLanguage":"pt-PT","potentialAction":[{"@type":"ReadAction","target":["https:\/\/maeshoney.com\/pt-pt\/dados-de-producao\/"]}]},{"@type":"ImageObject","inLanguage":"pt-PT","@id":"https:\/\/maeshoney.com\/pt-pt\/dados-de-producao\/#primaryimage","url":"https:\/\/maeshoney.com\/wp-content\/uploads\/elementor\/thumbs\/Group-91-qvalenybj2x21ke5uiztw32ney2dbc0k7a3us36e4g.png","contentUrl":"https:\/\/maeshoney.com\/wp-content\/uploads\/elementor\/thumbs\/Group-91-qvalenybj2x21ke5uiztw32ney2dbc0k7a3us36e4g.png"},{"@type":"BreadcrumbList","@id":"https:\/\/maeshoney.com\/pt-pt\/dados-de-producao\/#breadcrumb","itemListElement":[{"@type":"ListItem","position":1,"name":"Portada","item":"https:\/\/maeshoney.com\/pt-pt\/"},{"@type":"ListItem","position":2,"name":"Dados de produ\u00e7\u00e3o"}]},{"@type":"WebSite","@id":"https:\/\/maeshoney.com\/#website","url":"https:\/\/maeshoney.com\/","name":"MAES HONEY","description":"En Maes Honey somos l\u00edderes en la exportaci\u00f3n de miel en Espa\u00f1a. Contamos con una gran capacidad de producci\u00f3n de miel anual.","publisher":{"@id":"https:\/\/maeshoney.com\/#organization"},"potentialAction":[{"@type":"SearchAction","target":{"@type":"EntryPoint","urlTemplate":"https:\/\/maeshoney.com\/?s={search_term_string}"},"query-input":{"@type":"PropertyValueSpecification","valueRequired":true,"valueName":"search_term_string"}}],"inLanguage":"pt-PT"},{"@type":"Organization","@id":"https:\/\/maeshoney.com\/#organization","name":"MAES HONEY","url":"https:\/\/maeshoney.com\/","logo":{"@type":"ImageObject","inLanguage":"pt-PT","@id":"https:\/\/maeshoney.com\/#\/schema\/logo\/image\/","url":"https:\/\/maeshoney.com\/wp-content\/uploads\/2023\/11\/maes-honey-logo-es.png","contentUrl":"https:\/\/maeshoney.com\/wp-content\/uploads\/2023\/11\/maes-honey-logo-es.png","width":157,"height":66,"caption":"MAES HONEY"},"image":{"@id":"https:\/\/maeshoney.com\/#\/schema\/logo\/image\/"}}]}},"_links":{"self":[{"href":"https:\/\/maeshoney.com\/pt-pt\/wp-json\/wp\/v2\/pages\/29411","targetHints":{"allow":["GET"]}}],"collection":[{"href":"https:\/\/maeshoney.com\/pt-pt\/wp-json\/wp\/v2\/pages"}],"about":[{"href":"https:\/\/maeshoney.com\/pt-pt\/wp-json\/wp\/v2\/types\/page"}],"author":[{"embeddable":true,"href":"https:\/\/maeshoney.com\/pt-pt\/wp-json\/wp\/v2\/users\/26"}],"replies":[{"embeddable":true,"href":"https:\/\/maeshoney.com\/pt-pt\/wp-json\/wp\/v2\/comments?post=29411"}],"version-history":[{"count":1,"href":"https:\/\/maeshoney.com\/pt-pt\/wp-json\/wp\/v2\/pages\/29411\/revisions"}],"predecessor-version":[{"id":34222,"href":"https:\/\/maeshoney.com\/pt-pt\/wp-json\/wp\/v2\/pages\/29411\/revisions\/34222"}],"wp:attachment":[{"href":"https:\/\/maeshoney.com\/pt-pt\/wp-json\/wp\/v2\/media?parent=29411"}],"curies":[{"name":"wp","href":"https:\/\/api.w.org\/{rel}","templated":true}]}}