{"id":28966,"date":"2024-11-26T11:41:20","date_gmt":"2024-11-26T10:41:20","guid":{"rendered":"https:\/\/maeshoney.com\/tipos-de-mel\/"},"modified":"2026-03-17T17:23:25","modified_gmt":"2026-03-17T16:23:25","slug":"tipos-de-mel","status":"publish","type":"page","link":"https:\/\/maeshoney.com\/pt-pt\/tipos-de-mel\/","title":{"rendered":"Tipos de Mel"},"content":{"rendered":"\t\t<div data-elementor-type=\"wp-page\" data-elementor-id=\"28966\" class=\"elementor elementor-28966 elementor-25713\" data-elementor-post-type=\"page\">\n\t\t\t\t\t\t<section class=\"elementor-section elementor-top-section elementor-element elementor-element-67a7025 elementor-section-stretched scheme_default elementor-section-height-min-height elementor-section-full_width elementor-section-content-middle elementor-section-height-default elementor-section-items-middle sc_fly_static\" data-id=\"67a7025\" data-element_type=\"section\" data-e-type=\"section\" data-settings=\"{&quot;stretch_section&quot;:&quot;section-stretched&quot;,&quot;background_background&quot;:&quot;classic&quot;}\">\n\t\t\t\t\t\t\t<div class=\"elementor-background-overlay\"><\/div>\n\t\t\t\t\t\t\t<div class=\"elementor-container elementor-column-gap-extended\">\n\t\t\t\t\t<div class=\"elementor-column elementor-col-50 elementor-top-column elementor-element elementor-element-1e85f40 sc_content_align_left sc_inner_width_1_1 sc_layouts_column_icons_position_left sc_fly_static\" data-id=\"1e85f40\" data-element_type=\"column\" data-e-type=\"column\">\n\t\t\t<div class=\"elementor-widget-wrap elementor-element-populated\">\n\t\t\t\t\t\t<div class=\"elementor-element elementor-element-45dc9a7 sc_fly_static elementor-widget elementor-widget-trx_sc_title\" data-id=\"45dc9a7\" data-element_type=\"widget\" data-e-type=\"widget\" data-widget_type=\"trx_sc_title.default\">\n\t\t\t\t<div class=\"elementor-widget-container\">\n\t\t\t\t\t<div\t\tclass=\"sc_title sc_title_default\" ><h1 class=\"sc_item_title sc_title_title sc_align_left sc_item_title_style_default sc_item_title_tag trx_addons_inline_256020455\"\n\t\t\t><span class=\"sc_item_title_text\">Tipos de Mel<\/span><\/h1><\/div>\t\t\t\t<\/div>\n\t\t\t\t<\/div>\n\t\t\t\t<div class=\"elementor-element elementor-element-f9197aa elementor-widget__width-initial sc_fly_static elementor-widget elementor-widget-text-editor\" data-id=\"f9197aa\" data-element_type=\"widget\" data-e-type=\"widget\" data-widget_type=\"text-editor.default\">\n\t\t\t\t<div class=\"elementor-widget-container\">\n\t\t\t\t\t\t\t\t\t<p>Explore a variedade de tipos de mel que oferecemos, cada um com o seu pr\u00f3prio perfil de sabor e origem, para encontrar o que melhor se adapta \u00e0s suas necessidades.<\/p>\n\t\t\t\t\t\t\t\t<\/div>\n\t\t\t\t<\/div>\n\t\t\t\t\t<\/div>\n\t\t<\/div>\n\t\t\t\t<div class=\"elementor-column elementor-col-50 elementor-top-column elementor-element elementor-element-bf4e9ad sc_inner_width_1_1 sc_content_align_inherit sc_layouts_column_icons_position_left sc_fly_static\" data-id=\"bf4e9ad\" data-element_type=\"column\" data-e-type=\"column\">\n\t\t\t<div class=\"elementor-widget-wrap\">\n\t\t\t\t\t\t\t<\/div>\n\t\t<\/div>\n\t\t\t\t\t<\/div>\n\t\t<\/section>\n\t\t\t\t<section class=\"elementor-section elementor-top-section elementor-element elementor-element-d790a8b elementor-section-stretched scheme_default elementor-section-boxed elementor-section-height-default elementor-section-height-default sc_fly_static\" data-id=\"d790a8b\" data-element_type=\"section\" data-e-type=\"section\" data-settings=\"{&quot;stretch_section&quot;:&quot;section-stretched&quot;,&quot;background_background&quot;:&quot;classic&quot;}\">\n\t\t\t\t\t\t<div class=\"elementor-container elementor-column-gap-extended\">\n\t\t\t\t\t<div class=\"elementor-column elementor-col-100 elementor-top-column elementor-element elementor-element-0a117dc sc_inner_width_none sc_content_align_inherit sc_layouts_column_icons_position_left sc_fly_static\" data-id=\"0a117dc\" data-element_type=\"column\" data-e-type=\"column\">\n\t\t\t<div class=\"elementor-widget-wrap elementor-element-populated\">\n\t\t\t\t\t\t<div class=\"elementor-element elementor-element-4171113 sc_height_large sc_fly_static elementor-widget elementor-widget-spacer\" data-id=\"4171113\" data-element_type=\"widget\" data-e-type=\"widget\" data-widget_type=\"spacer.default\">\n\t\t\t\t<div class=\"elementor-widget-container\">\n\t\t\t\t\t\t\t<div class=\"elementor-spacer\">\n\t\t\t<div class=\"elementor-spacer-inner\"><\/div>\n\t\t<\/div>\n\t\t\t\t\t\t<\/div>\n\t\t\t\t<\/div>\n\t\t\t\t\t<\/div>\n\t\t<\/div>\n\t\t\t\t\t<\/div>\n\t\t<\/section>\n\t\t\t\t<section class=\"elementor-section-with-custom-width elementor-section elementor-top-section elementor-element elementor-element-8860be5 elementor-section-content-space-between scheme_default animated-slow animation_type_sequental hide_bg_image_on_tablet hide_bg_image_on_mobile sc_layouts_row sc_layouts_row_type_normal elementor-section-boxed elementor-section-height-default elementor-section-height-default sc_fly_static elementor-invisible\" data-id=\"8860be5\" data-element_type=\"section\" data-e-type=\"section\" data-settings=\"{&quot;background_background&quot;:&quot;classic&quot;,&quot;animation&quot;:&quot;fadeIn&quot;,&quot;animation_delay&quot;:300}\">\n\t\t\t\t\t\t<div class=\"elementor-container elementor-column-gap-custom\">\n\t\t\t\t\t<div class=\"elementor-column elementor-col-100 elementor-top-column elementor-element elementor-element-411520e sc_content_align_center sc_inner_width_none sc_layouts_column_icons_position_left sc_fly_static\" data-id=\"411520e\" data-element_type=\"column\" data-e-type=\"column\">\n\t\t\t<div class=\"elementor-widget-wrap elementor-element-populated\">\n\t\t\t\t\t\t<div class=\"elementor-element elementor-element-a40a7ad elementor-widget__width-initial sc_fly_static elementor-widget elementor-widget-trx_sc_title\" data-id=\"a40a7ad\" data-element_type=\"widget\" data-e-type=\"widget\" data-widget_type=\"trx_sc_title.default\">\n\t\t\t\t<div class=\"elementor-widget-container\">\n\t\t\t\t\t<div\t\tclass=\"sc_title sc_title_default\" ><h2 class=\"sc_item_title sc_title_title sc_align_center sc_item_title_style_default sc_item_title_tag trx_addons_inline_1583878133\"\n\t\t\t><span class=\"sc_item_title_text\">As nossas especialidades de mel oferecem um produto distinto e de qualidade superior.<\/span><\/h2><\/div>\t\t\t\t<\/div>\n\t\t\t\t<\/div>\n\t\t\t\t<div class=\"elementor-element elementor-element-d60a573 sc_fly_static elementor-widget elementor-widget-spacer\" data-id=\"d60a573\" data-element_type=\"widget\" data-e-type=\"widget\" data-widget_type=\"spacer.default\">\n\t\t\t\t<div class=\"elementor-widget-container\">\n\t\t\t\t\t\t\t<div class=\"elementor-spacer\">\n\t\t\t<div class=\"elementor-spacer-inner\"><\/div>\n\t\t<\/div>\n\t\t\t\t\t\t<\/div>\n\t\t\t\t<\/div>\n\t\t\t\t\t<\/div>\n\t\t<\/div>\n\t\t\t\t\t<\/div>\n\t\t<\/section>\n\t\t\t\t<section class=\"elementor-section-with-custom-width elementor-section elementor-top-section elementor-element elementor-element-20a8f3e elementor-section-content-space-between scheme_default animated-slow animation_type_sequental hide_bg_image_on_tablet hide_bg_image_on_mobile sc_layouts_row sc_layouts_row_type_normal elementor-section-boxed elementor-section-height-default elementor-section-height-default sc_fly_static elementor-invisible\" data-id=\"20a8f3e\" data-element_type=\"section\" data-e-type=\"section\" data-settings=\"{&quot;background_background&quot;:&quot;classic&quot;,&quot;animation&quot;:&quot;fadeIn&quot;,&quot;animation_delay&quot;:300}\">\n\t\t\t\t\t\t<div class=\"elementor-container elementor-column-gap-custom\">\n\t\t\t\t\t<div class=\"elementor-column elementor-col-33 elementor-top-column elementor-element elementor-element-69c644f sc_content_align_center sc_inner_width_none sc_layouts_column_icons_position_left sc_fly_static\" data-id=\"69c644f\" data-element_type=\"column\" data-e-type=\"column\">\n\t\t\t<div class=\"elementor-widget-wrap elementor-element-populated\">\n\t\t\t\t\t\t<div class=\"elementor-element elementor-element-44ff7e1 elementor-widget__width-inherit sc_fly_static elementor-widget elementor-widget-image\" data-id=\"44ff7e1\" data-element_type=\"widget\" data-e-type=\"widget\" data-widget_type=\"image.default\">\n\t\t\t\t<div class=\"elementor-widget-container\">\n\t\t\t\t\t\t\t\t\t\t\t\t\t\t\t<img fetchpriority=\"high\" decoding=\"async\" width=\"363\" height=\"224\" src=\"https:\/\/maeshoney.com\/wp-content\/uploads\/2024\/10\/Group-122.png\" class=\"attachment-full size-full wp-image-25767\" alt=\"Miel de flores. Dosificador de 450g. Marca Bonapi\" srcset=\"https:\/\/maeshoney.com\/wp-content\/uploads\/2024\/10\/Group-122.png 363w, https:\/\/maeshoney.com\/wp-content\/uploads\/2024\/10\/Group-122-300x185.png 300w\" sizes=\"(max-width: 600px) 100vw, 363px\" \/>\t\t\t\t\t\t\t\t\t\t\t\t\t\t\t<\/div>\n\t\t\t\t<\/div>\n\t\t\t\t<div class=\"elementor-element elementor-element-752d3ab sc_fly_static elementor-widget elementor-widget-text-editor\" data-id=\"752d3ab\" data-element_type=\"widget\" data-e-type=\"widget\" data-widget_type=\"text-editor.default\">\n\t\t\t\t<div class=\"elementor-widget-container\">\n\t\t\t\t\t\t\t\t\t<p>Mel de Flores<\/p>\n\t\t\t\t\t\t\t\t<\/div>\n\t\t\t\t<\/div>\n\t\t\t\t<div class=\"elementor-element elementor-element-e52297a sc_fly_static elementor-widget elementor-widget-text-editor\" data-id=\"e52297a\" data-element_type=\"widget\" data-e-type=\"widget\" data-widget_type=\"text-editor.default\">\n\t\t\t\t<div class=\"elementor-widget-container\">\n\t\t\t\t\t\t\t\t\t<p>Na Maes Honey destacamo-nos pela nossa especialidade na produ\u00e7\u00e3o e embalamento de mel de flores.<\/p>\n<p>Cor \u00e2mbar de intensidade vari\u00e1vel, aroma floral forte e sabor delicado que remete a plantas silvestres.<\/p>\n\t\t\t\t\t\t\t\t<\/div>\n\t\t\t\t<\/div>\n\t\t\t\t<div class=\"elementor-element elementor-element-97d3180 sc_fly_static elementor-widget elementor-widget-spacer\" data-id=\"97d3180\" data-element_type=\"widget\" data-e-type=\"widget\" data-widget_type=\"spacer.default\">\n\t\t\t\t<div class=\"elementor-widget-container\">\n\t\t\t\t\t\t\t<div class=\"elementor-spacer\">\n\t\t\t<div class=\"elementor-spacer-inner\"><\/div>\n\t\t<\/div>\n\t\t\t\t\t\t<\/div>\n\t\t\t\t<\/div>\n\t\t\t\t\t<\/div>\n\t\t<\/div>\n\t\t\t\t<div class=\"elementor-column elementor-col-33 elementor-top-column elementor-element elementor-element-6d1ab2d sc_content_align_center sc_inner_width_none sc_layouts_column_icons_position_left sc_fly_static\" data-id=\"6d1ab2d\" data-element_type=\"column\" data-e-type=\"column\">\n\t\t\t<div class=\"elementor-widget-wrap elementor-element-populated\">\n\t\t\t\t\t\t<div class=\"elementor-element elementor-element-f710a4f elementor-widget__width-inherit sc_fly_static elementor-widget elementor-widget-image\" data-id=\"f710a4f\" data-element_type=\"widget\" data-e-type=\"widget\" data-widget_type=\"image.default\">\n\t\t\t\t<div class=\"elementor-widget-container\">\n\t\t\t\t\t\t\t\t\t\t\t\t\t\t\t<img decoding=\"async\" src=\"https:\/\/maeshoney.com\/wp-content\/uploads\/elementor\/thumbs\/Group-123-1-qyn4rl2ur04t1htck31wv2xhkhykr9x3disaxyjgg0.png\" title=\"Organic blossom honey &#8211; bonapi honey\" alt=\"Organic blossom honey - bonapi honey\" loading=\"lazy\" \/>\t\t\t\t\t\t\t\t\t\t\t\t\t\t\t<\/div>\n\t\t\t\t<\/div>\n\t\t\t\t<div class=\"elementor-element elementor-element-9c18d20 sc_fly_static elementor-widget elementor-widget-text-editor\" data-id=\"9c18d20\" data-element_type=\"widget\" data-e-type=\"widget\" data-widget_type=\"text-editor.default\">\n\t\t\t\t<div class=\"elementor-widget-container\">\n\t\t\t\t\t\t\t\t\t<p>Mel de Flores Org\u00e2nico<\/p>\n\t\t\t\t\t\t\t\t<\/div>\n\t\t\t\t<\/div>\n\t\t\t\t<div class=\"elementor-element elementor-element-5fefac6 sc_fly_static elementor-widget elementor-widget-text-editor\" data-id=\"5fefac6\" data-element_type=\"widget\" data-e-type=\"widget\" data-widget_type=\"text-editor.default\">\n\t\t\t\t<div class=\"elementor-widget-container\">\n\t\t\t\t\t\t\t\t\t<p>Obtido de colmeias que respeitam rigorosas normas de produ\u00e7\u00e3o biol\u00f3gica em \u00e1reas de vegeta\u00e7\u00e3o n\u00e3o contaminadas. Certificado e aprovado pelo Conselho de Agricultura Biol\u00f3gica de Castela e Le\u00e3o (CAECYL)..<\/p><p>Caracter\u00edsticas: Aroma mais intenso e sabor aut\u00eantico em compara\u00e7\u00e3o ao mel convencional.<\/p>\t\t\t\t\t\t\t\t<\/div>\n\t\t\t\t<\/div>\n\t\t\t\t<div class=\"elementor-element elementor-element-e7b8ae4 sc_fly_static elementor-widget elementor-widget-spacer\" data-id=\"e7b8ae4\" data-element_type=\"widget\" data-e-type=\"widget\" data-widget_type=\"spacer.default\">\n\t\t\t\t<div class=\"elementor-widget-container\">\n\t\t\t\t\t\t\t<div class=\"elementor-spacer\">\n\t\t\t<div class=\"elementor-spacer-inner\"><\/div>\n\t\t<\/div>\n\t\t\t\t\t\t<\/div>\n\t\t\t\t<\/div>\n\t\t\t\t\t<\/div>\n\t\t<\/div>\n\t\t\t\t<div class=\"elementor-column elementor-col-33 elementor-top-column elementor-element elementor-element-c608e78 sc_inner_width_none sc_content_align_inherit sc_layouts_column_icons_position_left sc_fly_static\" data-id=\"c608e78\" data-element_type=\"column\" data-e-type=\"column\">\n\t\t\t<div class=\"elementor-widget-wrap elementor-element-populated\">\n\t\t\t\t\t\t<div class=\"elementor-element elementor-element-ecddfa3 sc_fly_static elementor-widget elementor-widget-image\" data-id=\"ecddfa3\" data-element_type=\"widget\" data-e-type=\"widget\" data-widget_type=\"image.default\">\n\t\t\t\t<div class=\"elementor-widget-container\">\n\t\t\t\t\t\t\t\t\t\t\t\t\t\t\t<img decoding=\"async\" width=\"289\" height=\"224\" src=\"https:\/\/maeshoney.com\/wp-content\/uploads\/2024\/10\/Group-124.png\" class=\"attachment-full size-full wp-image-25787\" alt=\"Miel de monta\u00f1a. Tarro pet 1kg\" \/>\t\t\t\t\t\t\t\t\t\t\t\t\t\t\t<\/div>\n\t\t\t\t<\/div>\n\t\t\t\t<div class=\"elementor-element elementor-element-34fe8d4 sc_fly_static elementor-widget elementor-widget-text-editor\" data-id=\"34fe8d4\" data-element_type=\"widget\" data-e-type=\"widget\" data-widget_type=\"text-editor.default\">\n\t\t\t\t<div class=\"elementor-widget-container\">\n\t\t\t\t\t\t\t\t\t<p>Mel de Montanha<\/p>\n\t\t\t\t\t\t\t\t<\/div>\n\t\t\t\t<\/div>\n\t\t\t\t<div class=\"elementor-element elementor-element-0de499a sc_fly_static elementor-widget elementor-widget-text-editor\" data-id=\"0de499a\" data-element_type=\"widget\" data-e-type=\"widget\" data-widget_type=\"text-editor.default\">\n\t\t\t\t<div class=\"elementor-widget-container\">\n\t\t\t\t\t\t\t\t\t<p>Cor \u00e2mbar escuro, aroma intenso de floresta e sabor doce predominante, com leves notas \u00e1cidas (silvas), amargas (urze e castanheiros) e ligeiramente salgadas (azinheiras e carvalhos).<\/p>\n<p>Ideal para consumidores mais gulosos.<\/p>\n\t\t\t\t\t\t\t\t<\/div>\n\t\t\t\t<\/div>\n\t\t\t\t<div class=\"elementor-element elementor-element-5340d6d sc_fly_static elementor-widget elementor-widget-spacer\" data-id=\"5340d6d\" data-element_type=\"widget\" data-e-type=\"widget\" data-widget_type=\"spacer.default\">\n\t\t\t\t<div class=\"elementor-widget-container\">\n\t\t\t\t\t\t\t<div class=\"elementor-spacer\">\n\t\t\t<div class=\"elementor-spacer-inner\"><\/div>\n\t\t<\/div>\n\t\t\t\t\t\t<\/div>\n\t\t\t\t<\/div>\n\t\t\t\t\t<\/div>\n\t\t<\/div>\n\t\t\t\t\t<\/div>\n\t\t<\/section>\n\t\t\t\t<section class=\"elementor-section-with-custom-width elementor-section elementor-top-section elementor-element elementor-element-bdd3862 elementor-section-content-space-between scheme_default animated-slow animation_type_sequental hide_bg_image_on_tablet hide_bg_image_on_mobile sc_layouts_row sc_layouts_row_type_normal elementor-section-boxed elementor-section-height-default elementor-section-height-default sc_fly_static elementor-invisible\" data-id=\"bdd3862\" data-element_type=\"section\" data-e-type=\"section\" data-settings=\"{&quot;background_background&quot;:&quot;classic&quot;,&quot;animation&quot;:&quot;fadeIn&quot;,&quot;animation_delay&quot;:300}\">\n\t\t\t\t\t\t<div class=\"elementor-container elementor-column-gap-custom\">\n\t\t\t\t\t<div class=\"elementor-column elementor-col-33 elementor-top-column elementor-element elementor-element-026a657 sc-tablet_layouts_column_align_center sc_layouts_column sc_layouts_hide_on_tablet sc_layouts_hide_on_mobile sc_inner_width_none sc_content_align_inherit sc_layouts_column_icons_position_left sc_fly_static\" data-id=\"026a657\" data-element_type=\"column\" data-e-type=\"column\">\n\t\t\t<div class=\"elementor-widget-wrap\">\n\t\t\t\t\t\t\t<\/div>\n\t\t<\/div>\n\t\t\t\t<div class=\"elementor-column elementor-col-33 elementor-top-column elementor-element elementor-element-ede236a sc_content_align_center sc_inner_width_none sc_layouts_column_icons_position_left sc_fly_static\" data-id=\"ede236a\" data-element_type=\"column\" data-e-type=\"column\">\n\t\t\t<div class=\"elementor-widget-wrap elementor-element-populated\">\n\t\t\t\t\t\t<div class=\"elementor-element elementor-element-426bdd5 elementor-align-center sc_fly_static elementor-widget elementor-widget-button\" data-id=\"426bdd5\" data-element_type=\"widget\" data-e-type=\"widget\" data-widget_type=\"button.default\">\n\t\t\t\t<div class=\"elementor-widget-container\">\n\t\t\t\t\t\t\t\t\t<div class=\"elementor-button-wrapper\">\n\t\t\t\t\t<a class=\"elementor-button elementor-button-link elementor-size-sm\" href=\"https:\/\/maeshoney.com\/pt-pt\/varejo-horeca-e-industria-de-mel\/\">\n\t\t\t\t\t\t<span class=\"elementor-button-content-wrapper\">\n\t\t\t\t\t\t\t\t\t<span class=\"elementor-button-text\">CONHE\u00c7A AS NOSSAS SOLU\u00c7\u00d5ES<\/span>\n\t\t\t\t\t<\/span>\n\t\t\t\t\t<\/a>\n\t\t\t\t<\/div>\n\t\t\t\t\t\t\t\t<\/div>\n\t\t\t\t<\/div>\n\t\t\t\t\t<\/div>\n\t\t<\/div>\n\t\t\t\t<div class=\"elementor-column elementor-col-33 elementor-top-column elementor-element elementor-element-a409fe1 sc_inner_width_none sc_content_align_inherit sc_layouts_column_icons_position_left sc_fly_static\" data-id=\"a409fe1\" data-element_type=\"column\" data-e-type=\"column\">\n\t\t\t<div class=\"elementor-widget-wrap\">\n\t\t\t\t\t\t\t<\/div>\n\t\t<\/div>\n\t\t\t\t\t<\/div>\n\t\t<\/section>\n\t\t\t\t<\/div>\n\t\t","protected":false},"excerpt":{"rendered":"<p>Tipos de Mel Explore a variedade de tipos de mel que oferecemos, cada um com o seu pr\u00f3prio perfil de sabor e origem, para encontrar o que melhor se adapta&hellip;<\/p>\n","protected":false},"author":26,"featured_media":0,"parent":0,"menu_order":0,"comment_status":"closed","ping_status":"closed","template":"","meta":{"_acf_changed":false,"footnotes":""},"class_list":["post-28966","page","type-page","status-publish","hentry"],"acf":[],"yoast_head":"<!-- This site is optimized with the Yoast SEO plugin v27.1.1 - https:\/\/yoast.com\/product\/yoast-seo-wordpress\/ -->\n<title>Tipos de Mel - MAES HONEY<\/title>\n<meta name=\"description\" content=\"Explore a variedade de tipos de mel que oferecemos na MAES HONEY, cada um com seu perfil de sabor e origem.\" \/>\n<meta name=\"robots\" content=\"index, follow, max-snippet:-1, max-image-preview:large, max-video-preview:-1\" \/>\n<link rel=\"canonical\" href=\"https:\/\/maeshoney.com\/pt-pt\/tipos-de-mel\/\" \/>\n<meta property=\"og:locale\" content=\"pt_PT\" \/>\n<meta property=\"og:type\" content=\"article\" \/>\n<meta property=\"og:title\" content=\"Tipos de Mel - MAES HONEY\" \/>\n<meta property=\"og:description\" content=\"Explore a variedade de tipos de mel que oferecemos na MAES HONEY, cada um com seu perfil de sabor e origem.\" \/>\n<meta property=\"og:url\" content=\"https:\/\/maeshoney.com\/pt-pt\/tipos-de-mel\/\" \/>\n<meta property=\"og:site_name\" content=\"MAES HONEY\" \/>\n<meta property=\"article:modified_time\" content=\"2026-03-17T16:23:25+00:00\" \/>\n<meta property=\"og:image\" content=\"https:\/\/maeshoney.com\/wp-content\/uploads\/2024\/10\/Group-122.png\" \/>\n<meta name=\"twitter:card\" content=\"summary_large_image\" \/>\n<meta name=\"twitter:label1\" content=\"Tempo estimado de leitura\" \/>\n\t<meta name=\"twitter:data1\" content=\"2 minutos\" \/>\n<script type=\"application\/ld+json\" class=\"yoast-schema-graph\">{\"@context\":\"https:\/\/schema.org\",\"@graph\":[{\"@type\":\"WebPage\",\"@id\":\"https:\/\/maeshoney.com\/pt-pt\/tipos-de-mel\/\",\"url\":\"https:\/\/maeshoney.com\/pt-pt\/tipos-de-mel\/\",\"name\":\"Tipos de Mel - MAES HONEY\",\"isPartOf\":{\"@id\":\"https:\/\/maeshoney.com\/#website\"},\"primaryImageOfPage\":{\"@id\":\"https:\/\/maeshoney.com\/pt-pt\/tipos-de-mel\/#primaryimage\"},\"image\":{\"@id\":\"https:\/\/maeshoney.com\/pt-pt\/tipos-de-mel\/#primaryimage\"},\"thumbnailUrl\":\"https:\/\/maeshoney.com\/wp-content\/uploads\/2024\/10\/Group-122.png\",\"datePublished\":\"2024-11-26T10:41:20+00:00\",\"dateModified\":\"2026-03-17T16:23:25+00:00\",\"description\":\"Explore a variedade de tipos de mel que oferecemos na MAES HONEY, cada um com seu perfil de sabor e origem.\",\"breadcrumb\":{\"@id\":\"https:\/\/maeshoney.com\/pt-pt\/tipos-de-mel\/#breadcrumb\"},\"inLanguage\":\"pt-PT\",\"potentialAction\":[{\"@type\":\"ReadAction\",\"target\":[\"https:\/\/maeshoney.com\/pt-pt\/tipos-de-mel\/\"]}]},{\"@type\":\"ImageObject\",\"inLanguage\":\"pt-PT\",\"@id\":\"https:\/\/maeshoney.com\/pt-pt\/tipos-de-mel\/#primaryimage\",\"url\":\"https:\/\/maeshoney.com\/wp-content\/uploads\/2024\/10\/Group-122.png\",\"contentUrl\":\"https:\/\/maeshoney.com\/wp-content\/uploads\/2024\/10\/Group-122.png\"},{\"@type\":\"BreadcrumbList\",\"@id\":\"https:\/\/maeshoney.com\/pt-pt\/tipos-de-mel\/#breadcrumb\",\"itemListElement\":[{\"@type\":\"ListItem\",\"position\":1,\"name\":\"Portada\",\"item\":\"https:\/\/maeshoney.com\/pt-pt\/\"},{\"@type\":\"ListItem\",\"position\":2,\"name\":\"Tipos de Mel\"}]},{\"@type\":\"WebSite\",\"@id\":\"https:\/\/maeshoney.com\/#website\",\"url\":\"https:\/\/maeshoney.com\/\",\"name\":\"MAES HONEY\",\"description\":\"En Maes Honey somos l\u00edderes en la exportaci\u00f3n de miel en Espa\u00f1a. Contamos con una gran capacidad de producci\u00f3n de miel anual.\",\"publisher\":{\"@id\":\"https:\/\/maeshoney.com\/#organization\"},\"potentialAction\":[{\"@type\":\"SearchAction\",\"target\":{\"@type\":\"EntryPoint\",\"urlTemplate\":\"https:\/\/maeshoney.com\/?s={search_term_string}\"},\"query-input\":{\"@type\":\"PropertyValueSpecification\",\"valueRequired\":true,\"valueName\":\"search_term_string\"}}],\"inLanguage\":\"pt-PT\"},{\"@type\":\"Organization\",\"@id\":\"https:\/\/maeshoney.com\/#organization\",\"name\":\"MAES HONEY\",\"url\":\"https:\/\/maeshoney.com\/\",\"logo\":{\"@type\":\"ImageObject\",\"inLanguage\":\"pt-PT\",\"@id\":\"https:\/\/maeshoney.com\/#\/schema\/logo\/image\/\",\"url\":\"https:\/\/maeshoney.com\/wp-content\/uploads\/2023\/11\/maes-honey-logo-es.png\",\"contentUrl\":\"https:\/\/maeshoney.com\/wp-content\/uploads\/2023\/11\/maes-honey-logo-es.png\",\"width\":157,\"height\":66,\"caption\":\"MAES HONEY\"},\"image\":{\"@id\":\"https:\/\/maeshoney.com\/#\/schema\/logo\/image\/\"}}]}<\/script>\n<!-- \/ Yoast SEO plugin. -->","yoast_head_json":{"title":"Tipos de Mel - MAES HONEY","description":"Explore a variedade de tipos de mel que oferecemos na MAES HONEY, cada um com seu perfil de sabor e origem.","robots":{"index":"index","follow":"follow","max-snippet":"max-snippet:-1","max-image-preview":"max-image-preview:large","max-video-preview":"max-video-preview:-1"},"canonical":"https:\/\/maeshoney.com\/pt-pt\/tipos-de-mel\/","og_locale":"pt_PT","og_type":"article","og_title":"Tipos de Mel - MAES HONEY","og_description":"Explore a variedade de tipos de mel que oferecemos na MAES HONEY, cada um com seu perfil de sabor e origem.","og_url":"https:\/\/maeshoney.com\/pt-pt\/tipos-de-mel\/","og_site_name":"MAES HONEY","article_modified_time":"2026-03-17T16:23:25+00:00","og_image":[{"url":"https:\/\/maeshoney.com\/wp-content\/uploads\/2024\/10\/Group-122.png","type":"","width":"","height":""}],"twitter_card":"summary_large_image","twitter_misc":{"Tempo estimado de leitura":"2 minutos"},"schema":{"@context":"https:\/\/schema.org","@graph":[{"@type":"WebPage","@id":"https:\/\/maeshoney.com\/pt-pt\/tipos-de-mel\/","url":"https:\/\/maeshoney.com\/pt-pt\/tipos-de-mel\/","name":"Tipos de Mel - MAES HONEY","isPartOf":{"@id":"https:\/\/maeshoney.com\/#website"},"primaryImageOfPage":{"@id":"https:\/\/maeshoney.com\/pt-pt\/tipos-de-mel\/#primaryimage"},"image":{"@id":"https:\/\/maeshoney.com\/pt-pt\/tipos-de-mel\/#primaryimage"},"thumbnailUrl":"https:\/\/maeshoney.com\/wp-content\/uploads\/2024\/10\/Group-122.png","datePublished":"2024-11-26T10:41:20+00:00","dateModified":"2026-03-17T16:23:25+00:00","description":"Explore a variedade de tipos de mel que oferecemos na MAES HONEY, cada um com seu perfil de sabor e origem.","breadcrumb":{"@id":"https:\/\/maeshoney.com\/pt-pt\/tipos-de-mel\/#breadcrumb"},"inLanguage":"pt-PT","potentialAction":[{"@type":"ReadAction","target":["https:\/\/maeshoney.com\/pt-pt\/tipos-de-mel\/"]}]},{"@type":"ImageObject","inLanguage":"pt-PT","@id":"https:\/\/maeshoney.com\/pt-pt\/tipos-de-mel\/#primaryimage","url":"https:\/\/maeshoney.com\/wp-content\/uploads\/2024\/10\/Group-122.png","contentUrl":"https:\/\/maeshoney.com\/wp-content\/uploads\/2024\/10\/Group-122.png"},{"@type":"BreadcrumbList","@id":"https:\/\/maeshoney.com\/pt-pt\/tipos-de-mel\/#breadcrumb","itemListElement":[{"@type":"ListItem","position":1,"name":"Portada","item":"https:\/\/maeshoney.com\/pt-pt\/"},{"@type":"ListItem","position":2,"name":"Tipos de Mel"}]},{"@type":"WebSite","@id":"https:\/\/maeshoney.com\/#website","url":"https:\/\/maeshoney.com\/","name":"MAES HONEY","description":"En Maes Honey somos l\u00edderes en la exportaci\u00f3n de miel en Espa\u00f1a. Contamos con una gran capacidad de producci\u00f3n de miel anual.","publisher":{"@id":"https:\/\/maeshoney.com\/#organization"},"potentialAction":[{"@type":"SearchAction","target":{"@type":"EntryPoint","urlTemplate":"https:\/\/maeshoney.com\/?s={search_term_string}"},"query-input":{"@type":"PropertyValueSpecification","valueRequired":true,"valueName":"search_term_string"}}],"inLanguage":"pt-PT"},{"@type":"Organization","@id":"https:\/\/maeshoney.com\/#organization","name":"MAES HONEY","url":"https:\/\/maeshoney.com\/","logo":{"@type":"ImageObject","inLanguage":"pt-PT","@id":"https:\/\/maeshoney.com\/#\/schema\/logo\/image\/","url":"https:\/\/maeshoney.com\/wp-content\/uploads\/2023\/11\/maes-honey-logo-es.png","contentUrl":"https:\/\/maeshoney.com\/wp-content\/uploads\/2023\/11\/maes-honey-logo-es.png","width":157,"height":66,"caption":"MAES HONEY"},"image":{"@id":"https:\/\/maeshoney.com\/#\/schema\/logo\/image\/"}}]}},"_links":{"self":[{"href":"https:\/\/maeshoney.com\/pt-pt\/wp-json\/wp\/v2\/pages\/28966","targetHints":{"allow":["GET"]}}],"collection":[{"href":"https:\/\/maeshoney.com\/pt-pt\/wp-json\/wp\/v2\/pages"}],"about":[{"href":"https:\/\/maeshoney.com\/pt-pt\/wp-json\/wp\/v2\/types\/page"}],"author":[{"embeddable":true,"href":"https:\/\/maeshoney.com\/pt-pt\/wp-json\/wp\/v2\/users\/26"}],"replies":[{"embeddable":true,"href":"https:\/\/maeshoney.com\/pt-pt\/wp-json\/wp\/v2\/comments?post=28966"}],"version-history":[{"count":3,"href":"https:\/\/maeshoney.com\/pt-pt\/wp-json\/wp\/v2\/pages\/28966\/revisions"}],"predecessor-version":[{"id":32945,"href":"https:\/\/maeshoney.com\/pt-pt\/wp-json\/wp\/v2\/pages\/28966\/revisions\/32945"}],"wp:attachment":[{"href":"https:\/\/maeshoney.com\/pt-pt\/wp-json\/wp\/v2\/media?parent=28966"}],"curies":[{"name":"wp","href":"https:\/\/api.w.org\/{rel}","templated":true}]}}