{"id":22690,"date":"2023-11-20T09:27:12","date_gmt":"2023-11-20T08:27:12","guid":{"rendered":"https:\/\/maeshoney.com\/aviso-legal\/"},"modified":"2026-03-18T08:31:51","modified_gmt":"2026-03-18T07:31:51","slug":"aviso-legal","status":"publish","type":"page","link":"https:\/\/maeshoney.com\/pt-pt\/aviso-legal\/","title":{"rendered":"Aviso Legal"},"content":{"rendered":"\t\t<div data-elementor-type=\"wp-page\" data-elementor-id=\"22690\" class=\"elementor elementor-22690 elementor-21977\" data-elementor-post-type=\"page\">\n\t\t\t\t\t\t<section class=\"elementor-section elementor-top-section elementor-element elementor-element-92fa7ac elementor-section-stretched scheme_default elementor-section-height-min-height elementor-section-full_width elementor-section-content-middle elementor-section-height-default elementor-section-items-middle sc_fly_static\" data-id=\"92fa7ac\" data-element_type=\"section\" data-e-type=\"section\" data-settings=\"{&quot;stretch_section&quot;:&quot;section-stretched&quot;,&quot;background_background&quot;:&quot;classic&quot;}\">\n\t\t\t\t\t\t\t<div class=\"elementor-background-overlay\"><\/div>\n\t\t\t\t\t\t\t<div class=\"elementor-container elementor-column-gap-extended\">\n\t\t\t\t\t<div class=\"elementor-column elementor-col-100 elementor-top-column elementor-element elementor-element-166b910 sc_content_align_left sc_inner_width_none sc_layouts_column_icons_position_left sc_fly_static\" data-id=\"166b910\" data-element_type=\"column\" data-e-type=\"column\">\n\t\t\t<div class=\"elementor-widget-wrap elementor-element-populated\">\n\t\t\t\t\t\t<div class=\"elementor-element elementor-element-8590e60 sc_fly_static elementor-widget elementor-widget-trx_sc_title\" data-id=\"8590e60\" data-element_type=\"widget\" data-e-type=\"widget\" data-widget_type=\"trx_sc_title.default\">\n\t\t\t\t<div class=\"elementor-widget-container\">\n\t\t\t\t\t<div\t\tclass=\"sc_title sc_title_default\" ><h1 class=\"sc_item_title sc_title_title sc_align_left sc_item_title_style_default sc_item_title_tag trx_addons_inline_220119526\"\n\t\t\t><span class=\"sc_item_title_text\">Aviso Legal<\/span><\/h1><\/div>\t\t\t\t<\/div>\n\t\t\t\t<\/div>\n\t\t\t\t\t<\/div>\n\t\t<\/div>\n\t\t\t\t\t<\/div>\n\t\t<\/section>\n\t\t\t\t<section class=\"elementor-section elementor-top-section elementor-element elementor-element-d53e3c3 elementor-section-stretched scheme_default elementor-section-boxed elementor-section-height-default elementor-section-height-default sc_fly_static\" data-id=\"d53e3c3\" data-element_type=\"section\" data-e-type=\"section\" data-settings=\"{&quot;stretch_section&quot;:&quot;section-stretched&quot;,&quot;background_background&quot;:&quot;classic&quot;}\">\n\t\t\t\t\t\t<div class=\"elementor-container elementor-column-gap-extended\">\n\t\t\t\t\t<div class=\"elementor-column elementor-col-100 elementor-top-column elementor-element elementor-element-c0614b5 sc_inner_width_none sc_content_align_inherit sc_layouts_column_icons_position_left sc_fly_static\" data-id=\"c0614b5\" data-element_type=\"column\" data-e-type=\"column\">\n\t\t\t<div class=\"elementor-widget-wrap elementor-element-populated\">\n\t\t\t\t\t\t<div class=\"elementor-element elementor-element-bfff135 sc_height_large sc_fly_static elementor-widget elementor-widget-spacer\" data-id=\"bfff135\" data-element_type=\"widget\" data-e-type=\"widget\" data-widget_type=\"spacer.default\">\n\t\t\t\t<div class=\"elementor-widget-container\">\n\t\t\t\t\t\t\t<div class=\"elementor-spacer\">\n\t\t\t<div class=\"elementor-spacer-inner\"><\/div>\n\t\t<\/div>\n\t\t\t\t\t\t<\/div>\n\t\t\t\t<\/div>\n\t\t\t\t\t<\/div>\n\t\t<\/div>\n\t\t\t\t\t<\/div>\n\t\t<\/section>\n\t\t\t\t<section class=\"elementor-section elementor-top-section elementor-element elementor-element-458c46d0 elementor-section-boxed elementor-section-height-default elementor-section-height-default sc_fly_static\" data-id=\"458c46d0\" data-element_type=\"section\" data-e-type=\"section\">\n\t\t\t\t\t\t<div class=\"elementor-container elementor-column-gap-extended\">\n\t\t\t\t\t<div class=\"elementor-column elementor-col-100 elementor-top-column elementor-element elementor-element-3799121d sc_inner_width_none sc_content_align_inherit sc_layouts_column_icons_position_left sc_fly_static\" data-id=\"3799121d\" data-element_type=\"column\" data-e-type=\"column\">\n\t\t\t<div class=\"elementor-widget-wrap elementor-element-populated\">\n\t\t\t\t\t\t<div class=\"elementor-element elementor-element-1f988a7f sc_fly_static elementor-widget elementor-widget-text-editor\" data-id=\"1f988a7f\" data-element_type=\"widget\" data-e-type=\"widget\" data-widget_type=\"text-editor.default\">\n\t\t\t\t<div class=\"elementor-widget-container\">\n\t\t\t\t\t\t\t\t\t<p>As presentes condi\u00e7\u00f5es de utiliza\u00e7\u00e3o do s\u00edtio web regulam as condi\u00e7\u00f5es de acesso e utiliza\u00e7\u00e3o deste s\u00edtio web, propriedade do GRUPO MAES HONEY, doravante \u201ca Empresa\u201d, que o utilizador do portal deve aceitar para poder utilizar todos os servi\u00e7os e informa\u00e7\u00f5es disponibilizados pelo portal.<\/p>\n<p>O utilizador, bem como a Empresa, propriet\u00e1ria do portal, poder\u00e3o ser designados conjuntamente como as partes. O simples acesso ou utiliza\u00e7\u00e3o do portal, da totalidade ou de parte dos seus conte\u00fados e servi\u00e7os implica a aceita\u00e7\u00e3o plena das presentes condi\u00e7\u00f5es de utiliza\u00e7\u00e3o. A disponibiliza\u00e7\u00e3o e utiliza\u00e7\u00e3o do portal entende-se sujeita ao estrito cumprimento dos termos estabelecidos nas presentes condi\u00e7\u00f5es de utiliza\u00e7\u00e3o do portal.  <\/p>\n<p>Os utilizadores podem aceder a diversos tipos de informa\u00e7\u00f5es e servi\u00e7os atrav\u00e9s do portal. O portal reserva-se o direito de modificar, a qualquer momento e sem aviso pr\u00e9vio, a apresenta\u00e7\u00e3o e configura\u00e7\u00e3o das informa\u00e7\u00f5es e servi\u00e7os oferecidos no portal. O utilizador reconhece e aceita expressamente que a qualquer momento o portal poder\u00e1 interromper, desativar e\/ou cancelar qualquer informa\u00e7\u00e3o ou servi\u00e7o. O portal envidar\u00e1 todos os esfor\u00e7os para tentar garantir a disponibilidade e acessibilidade do site. No entanto, por vezes, por motivos de manuten\u00e7\u00e3o, atualiza\u00e7\u00e3o, mudan\u00e7a de localiza\u00e7\u00e3o, etc., o acesso ao portal poder\u00e1 ser interrompido.    <\/p>\n<p>A aplica\u00e7\u00e3o n\u00e3o interv\u00e9m na cria\u00e7\u00e3o desses conte\u00fados e\/ou servi\u00e7os fornecidos ou prestados por terceiros na e\/ou atrav\u00e9s da aplica\u00e7\u00e3o, nem controla a sua legalidade. Em qualquer caso, n\u00e3o oferece qualquer tipo de garantia sobre os mesmos. O utilizador reconhece que a aplica\u00e7\u00e3o n\u00e3o \u00e9 nem ser\u00e1 respons\u00e1vel pelos conte\u00fados e\/ou servi\u00e7os fornecidos ou prestados por terceiros na e\/ou atrav\u00e9s da aplica\u00e7\u00e3o. O utilizador aceita que a aplica\u00e7\u00e3o n\u00e3o assumir\u00e1 qualquer responsabilidade por qualquer dano ou preju\u00edzo produzido como consequ\u00eancia da utiliza\u00e7\u00e3o destas informa\u00e7\u00f5es ou servi\u00e7os de terceiros.   <\/p>\n<p>A empresa respons\u00e1vel pelo s\u00edtio Web n\u00e3o pode assumir qualquer responsabilidade decorrente da utiliza\u00e7\u00e3o incorrecta, inadequada ou il\u00edcita das informa\u00e7\u00f5es contidas neste s\u00edtio Web.<\/p>\n<p>Dentro dos limites estabelecidos pela lei, a empresa n\u00e3o assume qualquer responsabilidade pela falta de veracidade, integridade, atualiza\u00e7\u00e3o e exatid\u00e3o dos dados ou informa\u00e7\u00f5es contidas nas suas p\u00e1ginas da Internet.<\/p>\n<p>Os conte\u00fados e informa\u00e7\u00f5es n\u00e3o vinculam a empresa e n\u00e3o constituem opini\u00f5es, conselhos ou aconselhamento jur\u00eddico de qualquer tipo, tratando-se apenas de um servi\u00e7o prestado com car\u00e1cter informativo e de divulga\u00e7\u00e3o. <\/p>\n<p>O s\u00edtio Web da empresa pode conter liga\u00e7\u00f5es a outros s\u00edtios Web de terceiros que n\u00e3o controla. Por conseguinte, a empresa n\u00e3o pode assumir a responsabilidade pelos conte\u00fados que possam aparecer nos s\u00edtios de terceiros. <\/p>\n<p>Os textos, imagens, sons, anima\u00e7\u00f5es, software e outros conte\u00fados inclu\u00eddos neste s\u00edtio Web s\u00e3o propriedade exclusiva da empresa ou dos seus licenciantes. Qualquer ato de transmiss\u00e3o, distribui\u00e7\u00e3o, transfer\u00eancia, reprodu\u00e7\u00e3o, armazenamento ou comunica\u00e7\u00e3o p\u00fablica total ou parcial deve ter o consentimento expresso da empresa. <\/p>\n<p>O utilizador deve respeitar sempre os termos e condi\u00e7\u00f5es estabelecidos no presente aviso legal. O utilizador declara expressamente que utilizar\u00e1 o portal de forma diligente e assume qualquer responsabilidade que possa resultar do incumprimento das regras. <\/p>\n<p>O utilizador compromete-se, nos casos em que lhe sejam solicitados dados ou informa\u00e7\u00f5es, a n\u00e3o falsificar a sua identidade fazendo-se passar por outra pessoa. O utilizador n\u00e3o poder\u00e1 utilizar o portal para actividades contr\u00e1rias \u00e0 lei, \u00e0 moral e \u00e0 ordem p\u00fablica, ou para fins proibidos ou que violem ou prejudiquem os direitos de terceiros. De igual modo, \u00e9 proibida a difus\u00e3o, armazenamento e\/ou gest\u00e3o de dados ou conte\u00fados que infrinjam os direitos de terceiros ou qualquer norma que regule os direitos de propriedade intelectual ou industrial.  <\/p>\n<p>Do mesmo modo, o utilizador n\u00e3o poder\u00e1 utilizar o portal para transmitir, armazenar, difundir, promover ou distribuir dados ou conte\u00fados que contenham v\u00edrus ou qualquer outro c\u00f3digo inform\u00e1tico, ficheiros ou programas concebidos para interromper, destruir ou danificar o funcionamento de qualquer programa ou equipamento inform\u00e1tico ou de telecomunica\u00e7\u00f5es.<\/p>\n<p>O utilizador compromete-se a indemnizar e a isentar o portal de qualquer dano, preju\u00edzo, san\u00e7\u00e3o, multa, san\u00e7\u00e3o ou indemniza\u00e7\u00e3o que o portal possa ter de suportar.<\/p>\n<p>De igual modo, pode consultar a nossa <u>Pol\u00edtica de Prote\u00e7\u00e3o de Dados<\/u> e a nossa<u> Pol\u00edtica de Cookies<\/u> clicando nas liga\u00e7\u00f5es.<\/p>\n\t\t\t\t\t\t\t\t<\/div>\n\t\t\t\t<\/div>\n\t\t\t\t\t<\/div>\n\t\t<\/div>\n\t\t\t\t\t<\/div>\n\t\t<\/section>\n\t\t\t\t<\/div>\n\t\t","protected":false},"excerpt":{"rendered":"<p>Aviso Legal As presentes condi\u00e7\u00f5es de utiliza\u00e7\u00e3o do s\u00edtio web regulam as condi\u00e7\u00f5es de acesso e utiliza\u00e7\u00e3o deste s\u00edtio web, propriedade do GRUPO MAES HONEY, doravante \u201ca Empresa\u201d, que o&hellip;<\/p>\n","protected":false},"author":21,"featured_media":0,"parent":0,"menu_order":20,"comment_status":"closed","ping_status":"closed","template":"","meta":{"_acf_changed":false,"footnotes":""},"class_list":["post-22690","page","type-page","status-publish","hentry"],"acf":[],"yoast_head":"<!-- This site is optimized with the Yoast SEO plugin v27.1.1 - https:\/\/yoast.com\/product\/yoast-seo-wordpress\/ -->\n<title>Aviso Legal - MAES HONEY<\/title>\n<meta name=\"description\" content=\"Consulte o aviso legal da Maes Honey com informa\u00e7\u00f5es sobre o uso do site, condi\u00e7\u00f5es legais e responsabilidades.\" \/>\n<meta name=\"robots\" content=\"noindex, nofollow\" \/>\n<meta property=\"og:locale\" content=\"pt_PT\" \/>\n<meta property=\"og:type\" content=\"article\" \/>\n<meta property=\"og:title\" content=\"Aviso Legal - MAES HONEY\" \/>\n<meta property=\"og:description\" content=\"Consulte o aviso legal da Maes Honey com informa\u00e7\u00f5es sobre o uso do site, condi\u00e7\u00f5es legais e responsabilidades.\" \/>\n<meta property=\"og:url\" content=\"https:\/\/maeshoney.com\/pt-pt\/aviso-legal\/\" \/>\n<meta property=\"og:site_name\" content=\"MAES HONEY\" \/>\n<meta property=\"article:modified_time\" content=\"2026-03-18T07:31:51+00:00\" \/>\n<meta name=\"twitter:card\" content=\"summary_large_image\" \/>\n<meta name=\"twitter:label1\" content=\"Tempo estimado de leitura\" \/>\n\t<meta name=\"twitter:data1\" content=\"4 minutos\" \/>\n<script type=\"application\/ld+json\" class=\"yoast-schema-graph\">{\"@context\":\"https:\/\/schema.org\",\"@graph\":[{\"@type\":\"WebPage\",\"@id\":\"https:\/\/maeshoney.com\/pt-pt\/aviso-legal\/\",\"url\":\"https:\/\/maeshoney.com\/pt-pt\/aviso-legal\/\",\"name\":\"Aviso Legal - MAES HONEY\",\"isPartOf\":{\"@id\":\"https:\/\/maeshoney.com\/#website\"},\"datePublished\":\"2023-11-20T08:27:12+00:00\",\"dateModified\":\"2026-03-18T07:31:51+00:00\",\"description\":\"Consulte o aviso legal da Maes Honey com informa\u00e7\u00f5es sobre o uso do site, condi\u00e7\u00f5es legais e responsabilidades.\",\"breadcrumb\":{\"@id\":\"https:\/\/maeshoney.com\/pt-pt\/aviso-legal\/#breadcrumb\"},\"inLanguage\":\"pt-PT\",\"potentialAction\":[{\"@type\":\"ReadAction\",\"target\":[\"https:\/\/maeshoney.com\/pt-pt\/aviso-legal\/\"]}]},{\"@type\":\"BreadcrumbList\",\"@id\":\"https:\/\/maeshoney.com\/pt-pt\/aviso-legal\/#breadcrumb\",\"itemListElement\":[{\"@type\":\"ListItem\",\"position\":1,\"name\":\"Portada\",\"item\":\"https:\/\/maeshoney.com\/pt-pt\/\"},{\"@type\":\"ListItem\",\"position\":2,\"name\":\"Aviso Legal\"}]},{\"@type\":\"WebSite\",\"@id\":\"https:\/\/maeshoney.com\/#website\",\"url\":\"https:\/\/maeshoney.com\/\",\"name\":\"MAES HONEY\",\"description\":\"En Maes Honey somos l\u00edderes en la exportaci\u00f3n de miel en Espa\u00f1a. Contamos con una gran capacidad de producci\u00f3n de miel anual.\",\"publisher\":{\"@id\":\"https:\/\/maeshoney.com\/#organization\"},\"potentialAction\":[{\"@type\":\"SearchAction\",\"target\":{\"@type\":\"EntryPoint\",\"urlTemplate\":\"https:\/\/maeshoney.com\/?s={search_term_string}\"},\"query-input\":{\"@type\":\"PropertyValueSpecification\",\"valueRequired\":true,\"valueName\":\"search_term_string\"}}],\"inLanguage\":\"pt-PT\"},{\"@type\":\"Organization\",\"@id\":\"https:\/\/maeshoney.com\/#organization\",\"name\":\"MAES HONEY\",\"url\":\"https:\/\/maeshoney.com\/\",\"logo\":{\"@type\":\"ImageObject\",\"inLanguage\":\"pt-PT\",\"@id\":\"https:\/\/maeshoney.com\/#\/schema\/logo\/image\/\",\"url\":\"https:\/\/maeshoney.com\/wp-content\/uploads\/2023\/11\/maes-honey-logo-es.png\",\"contentUrl\":\"https:\/\/maeshoney.com\/wp-content\/uploads\/2023\/11\/maes-honey-logo-es.png\",\"width\":157,\"height\":66,\"caption\":\"MAES HONEY\"},\"image\":{\"@id\":\"https:\/\/maeshoney.com\/#\/schema\/logo\/image\/\"}}]}<\/script>\n<!-- \/ Yoast SEO plugin. -->","yoast_head_json":{"title":"Aviso Legal - MAES HONEY","description":"Consulte o aviso legal da Maes Honey com informa\u00e7\u00f5es sobre o uso do site, condi\u00e7\u00f5es legais e responsabilidades.","robots":{"index":"noindex","follow":"nofollow"},"og_locale":"pt_PT","og_type":"article","og_title":"Aviso Legal - MAES HONEY","og_description":"Consulte o aviso legal da Maes Honey com informa\u00e7\u00f5es sobre o uso do site, condi\u00e7\u00f5es legais e responsabilidades.","og_url":"https:\/\/maeshoney.com\/pt-pt\/aviso-legal\/","og_site_name":"MAES HONEY","article_modified_time":"2026-03-18T07:31:51+00:00","twitter_card":"summary_large_image","twitter_misc":{"Tempo estimado de leitura":"4 minutos"},"schema":{"@context":"https:\/\/schema.org","@graph":[{"@type":"WebPage","@id":"https:\/\/maeshoney.com\/pt-pt\/aviso-legal\/","url":"https:\/\/maeshoney.com\/pt-pt\/aviso-legal\/","name":"Aviso Legal - MAES HONEY","isPartOf":{"@id":"https:\/\/maeshoney.com\/#website"},"datePublished":"2023-11-20T08:27:12+00:00","dateModified":"2026-03-18T07:31:51+00:00","description":"Consulte o aviso legal da Maes Honey com informa\u00e7\u00f5es sobre o uso do site, condi\u00e7\u00f5es legais e responsabilidades.","breadcrumb":{"@id":"https:\/\/maeshoney.com\/pt-pt\/aviso-legal\/#breadcrumb"},"inLanguage":"pt-PT","potentialAction":[{"@type":"ReadAction","target":["https:\/\/maeshoney.com\/pt-pt\/aviso-legal\/"]}]},{"@type":"BreadcrumbList","@id":"https:\/\/maeshoney.com\/pt-pt\/aviso-legal\/#breadcrumb","itemListElement":[{"@type":"ListItem","position":1,"name":"Portada","item":"https:\/\/maeshoney.com\/pt-pt\/"},{"@type":"ListItem","position":2,"name":"Aviso Legal"}]},{"@type":"WebSite","@id":"https:\/\/maeshoney.com\/#website","url":"https:\/\/maeshoney.com\/","name":"MAES HONEY","description":"En Maes Honey somos l\u00edderes en la exportaci\u00f3n de miel en Espa\u00f1a. Contamos con una gran capacidad de producci\u00f3n de miel anual.","publisher":{"@id":"https:\/\/maeshoney.com\/#organization"},"potentialAction":[{"@type":"SearchAction","target":{"@type":"EntryPoint","urlTemplate":"https:\/\/maeshoney.com\/?s={search_term_string}"},"query-input":{"@type":"PropertyValueSpecification","valueRequired":true,"valueName":"search_term_string"}}],"inLanguage":"pt-PT"},{"@type":"Organization","@id":"https:\/\/maeshoney.com\/#organization","name":"MAES HONEY","url":"https:\/\/maeshoney.com\/","logo":{"@type":"ImageObject","inLanguage":"pt-PT","@id":"https:\/\/maeshoney.com\/#\/schema\/logo\/image\/","url":"https:\/\/maeshoney.com\/wp-content\/uploads\/2023\/11\/maes-honey-logo-es.png","contentUrl":"https:\/\/maeshoney.com\/wp-content\/uploads\/2023\/11\/maes-honey-logo-es.png","width":157,"height":66,"caption":"MAES HONEY"},"image":{"@id":"https:\/\/maeshoney.com\/#\/schema\/logo\/image\/"}}]}},"_links":{"self":[{"href":"https:\/\/maeshoney.com\/pt-pt\/wp-json\/wp\/v2\/pages\/22690","targetHints":{"allow":["GET"]}}],"collection":[{"href":"https:\/\/maeshoney.com\/pt-pt\/wp-json\/wp\/v2\/pages"}],"about":[{"href":"https:\/\/maeshoney.com\/pt-pt\/wp-json\/wp\/v2\/types\/page"}],"author":[{"embeddable":true,"href":"https:\/\/maeshoney.com\/pt-pt\/wp-json\/wp\/v2\/users\/21"}],"replies":[{"embeddable":true,"href":"https:\/\/maeshoney.com\/pt-pt\/wp-json\/wp\/v2\/comments?post=22690"}],"version-history":[{"count":1,"href":"https:\/\/maeshoney.com\/pt-pt\/wp-json\/wp\/v2\/pages\/22690\/revisions"}],"predecessor-version":[{"id":34227,"href":"https:\/\/maeshoney.com\/pt-pt\/wp-json\/wp\/v2\/pages\/22690\/revisions\/34227"}],"wp:attachment":[{"href":"https:\/\/maeshoney.com\/pt-pt\/wp-json\/wp\/v2\/media?parent=22690"}],"curies":[{"name":"wp","href":"https:\/\/api.w.org\/{rel}","templated":true}]}}