{"id":22572,"date":"2023-11-18T11:57:20","date_gmt":"2023-11-18T10:57:20","guid":{"rendered":"https:\/\/maeshoney.com\/bloggen\/"},"modified":"2026-03-16T13:40:24","modified_gmt":"2026-03-16T12:40:24","slug":"bloggen","status":"publish","type":"page","link":"https:\/\/maeshoney.com\/nl\/bloggen\/","title":{"rendered":"Bloggen"},"content":{"rendered":"","protected":false},"excerpt":{"rendered":"","protected":false},"author":21,"featured_media":0,"parent":0,"menu_order":0,"comment_status":"closed","ping_status":"closed","template":"","meta":{"_acf_changed":false,"footnotes":""},"class_list":["post-22572","page","type-page","status-publish","hentry"],"acf":[],"yoast_head":"<!-- This site is optimized with the Yoast SEO plugin v27.1.1 - https:\/\/yoast.com\/product\/yoast-seo-wordpress\/ -->\n<title>Bloggen - MAES HONEY<\/title>\n<meta name=\"description\" content=\"Ontdek het Maes Honey blog met artikelen over honing, bijenteelt, productie en trends in de honingindustrie\" \/>\n<meta name=\"robots\" content=\"index, follow, max-snippet:-1, max-image-preview:large, max-video-preview:-1\" \/>\n<link rel=\"canonical\" href=\"https:\/\/maeshoney.com\/nl\/bloggen\/\" \/>\n<meta property=\"og:locale\" content=\"nl_NL\" \/>\n<meta property=\"og:type\" content=\"article\" \/>\n<meta property=\"og:title\" content=\"Bloggen - MAES HONEY\" \/>\n<meta property=\"og:description\" content=\"Ontdek het Maes Honey blog met artikelen over honing, bijenteelt, productie en trends in de honingindustrie\" \/>\n<meta property=\"og:url\" content=\"https:\/\/maeshoney.com\/nl\/bloggen\/\" \/>\n<meta property=\"og:site_name\" content=\"MAES HONEY\" \/>\n<meta property=\"article:modified_time\" content=\"2026-03-16T12:40:24+00:00\" \/>\n<meta name=\"twitter:card\" content=\"summary_large_image\" \/>\n<script type=\"application\/ld+json\" class=\"yoast-schema-graph\">{\"@context\":\"https:\/\/schema.org\",\"@graph\":[{\"@type\":\"WebPage\",\"@id\":\"https:\/\/maeshoney.com\/nl\/bloggen\/\",\"url\":\"https:\/\/maeshoney.com\/nl\/bloggen\/\",\"name\":\"Bloggen - MAES HONEY\",\"isPartOf\":{\"@id\":\"https:\/\/maeshoney.com\/#website\"},\"datePublished\":\"2023-11-18T10:57:20+00:00\",\"dateModified\":\"2026-03-16T12:40:24+00:00\",\"description\":\"Ontdek het Maes Honey blog met artikelen over honing, bijenteelt, productie en trends in de honingindustrie\",\"breadcrumb\":{\"@id\":\"https:\/\/maeshoney.com\/nl\/bloggen\/#breadcrumb\"},\"inLanguage\":\"nl-NL\",\"potentialAction\":[{\"@type\":\"ReadAction\",\"target\":[\"https:\/\/maeshoney.com\/nl\/bloggen\/\"]}]},{\"@type\":\"BreadcrumbList\",\"@id\":\"https:\/\/maeshoney.com\/nl\/bloggen\/#breadcrumb\",\"itemListElement\":[{\"@type\":\"ListItem\",\"position\":1,\"name\":\"Portada\",\"item\":\"https:\/\/maeshoney.com\/nl\/\"},{\"@type\":\"ListItem\",\"position\":2,\"name\":\"Bloggen\"}]},{\"@type\":\"WebSite\",\"@id\":\"https:\/\/maeshoney.com\/#website\",\"url\":\"https:\/\/maeshoney.com\/\",\"name\":\"MAES HONEY\",\"description\":\"En Maes Honey somos l\u00edderes en la exportaci\u00f3n de miel en Espa\u00f1a. Contamos con una gran capacidad de producci\u00f3n de miel anual.\",\"publisher\":{\"@id\":\"https:\/\/maeshoney.com\/#organization\"},\"potentialAction\":[{\"@type\":\"SearchAction\",\"target\":{\"@type\":\"EntryPoint\",\"urlTemplate\":\"https:\/\/maeshoney.com\/?s={search_term_string}\"},\"query-input\":{\"@type\":\"PropertyValueSpecification\",\"valueRequired\":true,\"valueName\":\"search_term_string\"}}],\"inLanguage\":\"nl-NL\"},{\"@type\":\"Organization\",\"@id\":\"https:\/\/maeshoney.com\/#organization\",\"name\":\"MAES HONEY\",\"url\":\"https:\/\/maeshoney.com\/\",\"logo\":{\"@type\":\"ImageObject\",\"inLanguage\":\"nl-NL\",\"@id\":\"https:\/\/maeshoney.com\/#\/schema\/logo\/image\/\",\"url\":\"https:\/\/maeshoney.com\/wp-content\/uploads\/2023\/11\/maes-honey-logo-es.png\",\"contentUrl\":\"https:\/\/maeshoney.com\/wp-content\/uploads\/2023\/11\/maes-honey-logo-es.png\",\"width\":157,\"height\":66,\"caption\":\"MAES HONEY\"},\"image\":{\"@id\":\"https:\/\/maeshoney.com\/#\/schema\/logo\/image\/\"}}]}<\/script>\n<!-- \/ Yoast SEO plugin. -->","yoast_head_json":{"title":"Bloggen - MAES HONEY","description":"Ontdek het Maes Honey blog met artikelen over honing, bijenteelt, productie en trends in de honingindustrie","robots":{"index":"index","follow":"follow","max-snippet":"max-snippet:-1","max-image-preview":"max-image-preview:large","max-video-preview":"max-video-preview:-1"},"canonical":"https:\/\/maeshoney.com\/nl\/bloggen\/","og_locale":"nl_NL","og_type":"article","og_title":"Bloggen - MAES HONEY","og_description":"Ontdek het Maes Honey blog met artikelen over honing, bijenteelt, productie en trends in de honingindustrie","og_url":"https:\/\/maeshoney.com\/nl\/bloggen\/","og_site_name":"MAES HONEY","article_modified_time":"2026-03-16T12:40:24+00:00","twitter_card":"summary_large_image","schema":{"@context":"https:\/\/schema.org","@graph":[{"@type":"WebPage","@id":"https:\/\/maeshoney.com\/nl\/bloggen\/","url":"https:\/\/maeshoney.com\/nl\/bloggen\/","name":"Bloggen - MAES HONEY","isPartOf":{"@id":"https:\/\/maeshoney.com\/#website"},"datePublished":"2023-11-18T10:57:20+00:00","dateModified":"2026-03-16T12:40:24+00:00","description":"Ontdek het Maes Honey blog met artikelen over honing, bijenteelt, productie en trends in de honingindustrie","breadcrumb":{"@id":"https:\/\/maeshoney.com\/nl\/bloggen\/#breadcrumb"},"inLanguage":"nl-NL","potentialAction":[{"@type":"ReadAction","target":["https:\/\/maeshoney.com\/nl\/bloggen\/"]}]},{"@type":"BreadcrumbList","@id":"https:\/\/maeshoney.com\/nl\/bloggen\/#breadcrumb","itemListElement":[{"@type":"ListItem","position":1,"name":"Portada","item":"https:\/\/maeshoney.com\/nl\/"},{"@type":"ListItem","position":2,"name":"Bloggen"}]},{"@type":"WebSite","@id":"https:\/\/maeshoney.com\/#website","url":"https:\/\/maeshoney.com\/","name":"MAES HONEY","description":"En Maes Honey somos l\u00edderes en la exportaci\u00f3n de miel en Espa\u00f1a. Contamos con una gran capacidad de producci\u00f3n de miel anual.","publisher":{"@id":"https:\/\/maeshoney.com\/#organization"},"potentialAction":[{"@type":"SearchAction","target":{"@type":"EntryPoint","urlTemplate":"https:\/\/maeshoney.com\/?s={search_term_string}"},"query-input":{"@type":"PropertyValueSpecification","valueRequired":true,"valueName":"search_term_string"}}],"inLanguage":"nl-NL"},{"@type":"Organization","@id":"https:\/\/maeshoney.com\/#organization","name":"MAES HONEY","url":"https:\/\/maeshoney.com\/","logo":{"@type":"ImageObject","inLanguage":"nl-NL","@id":"https:\/\/maeshoney.com\/#\/schema\/logo\/image\/","url":"https:\/\/maeshoney.com\/wp-content\/uploads\/2023\/11\/maes-honey-logo-es.png","contentUrl":"https:\/\/maeshoney.com\/wp-content\/uploads\/2023\/11\/maes-honey-logo-es.png","width":157,"height":66,"caption":"MAES HONEY"},"image":{"@id":"https:\/\/maeshoney.com\/#\/schema\/logo\/image\/"}}]}},"_links":{"self":[{"href":"https:\/\/maeshoney.com\/nl\/wp-json\/wp\/v2\/pages\/22572","targetHints":{"allow":["GET"]}}],"collection":[{"href":"https:\/\/maeshoney.com\/nl\/wp-json\/wp\/v2\/pages"}],"about":[{"href":"https:\/\/maeshoney.com\/nl\/wp-json\/wp\/v2\/types\/page"}],"author":[{"embeddable":true,"href":"https:\/\/maeshoney.com\/nl\/wp-json\/wp\/v2\/users\/21"}],"replies":[{"embeddable":true,"href":"https:\/\/maeshoney.com\/nl\/wp-json\/wp\/v2\/comments?post=22572"}],"version-history":[{"count":1,"href":"https:\/\/maeshoney.com\/nl\/wp-json\/wp\/v2\/pages\/22572\/revisions"}],"predecessor-version":[{"id":34145,"href":"https:\/\/maeshoney.com\/nl\/wp-json\/wp\/v2\/pages\/22572\/revisions\/34145"}],"wp:attachment":[{"href":"https:\/\/maeshoney.com\/nl\/wp-json\/wp\/v2\/media?parent=22572"}],"curies":[{"name":"wp","href":"https:\/\/api.w.org\/{rel}","templated":true}]}}