{"id":29407,"date":"2024-12-02T11:18:28","date_gmt":"2024-12-02T10:18:28","guid":{"rendered":"https:\/\/maeshoney.com\/dati-di-produzione\/"},"modified":"2026-03-17T13:09:25","modified_gmt":"2026-03-17T12:09:25","slug":"dati-di-produzione","status":"publish","type":"page","link":"https:\/\/maeshoney.com\/it\/dati-di-produzione\/","title":{"rendered":"Dati di produzione"},"content":{"rendered":"\t\t<div data-elementor-type=\"wp-page\" data-elementor-id=\"29407\" class=\"elementor elementor-29407 elementor-26784\" data-elementor-post-type=\"page\">\n\t\t\t\t\t\t<section class=\"elementor-section elementor-top-section elementor-element elementor-element-6ec6f81 elementor-section-stretched scheme_default elementor-section-height-min-height elementor-section-full_width elementor-section-content-middle elementor-section-height-default elementor-section-items-middle sc_fly_static\" data-id=\"6ec6f81\" data-element_type=\"section\" data-e-type=\"section\" data-settings=\"{&quot;stretch_section&quot;:&quot;section-stretched&quot;,&quot;background_background&quot;:&quot;classic&quot;}\">\n\t\t\t\t\t\t\t<div class=\"elementor-background-overlay\"><\/div>\n\t\t\t\t\t\t\t<div class=\"elementor-container elementor-column-gap-extended\">\n\t\t\t\t\t<div class=\"elementor-column elementor-col-100 elementor-top-column elementor-element elementor-element-9d8c7c1 sc_content_align_left sc_inner_width_none sc_layouts_column_icons_position_left sc_fly_static\" data-id=\"9d8c7c1\" data-element_type=\"column\" data-e-type=\"column\">\n\t\t\t<div class=\"elementor-widget-wrap elementor-element-populated\">\n\t\t\t\t\t\t<div class=\"elementor-element elementor-element-454cb8b sc_fly_static elementor-widget elementor-widget-trx_sc_title\" data-id=\"454cb8b\" data-element_type=\"widget\" data-e-type=\"widget\" data-widget_type=\"trx_sc_title.default\">\n\t\t\t\t<div class=\"elementor-widget-container\">\n\t\t\t\t\t<div\t\tclass=\"sc_title sc_title_default\" ><h1 class=\"sc_item_title sc_title_title sc_align_left sc_item_title_style_default sc_item_title_tag trx_addons_inline_1298666221\"\n\t\t\t><span class=\"sc_item_title_text\">Dati di<br>produzione<\/span><\/h1><\/div>\t\t\t\t<\/div>\n\t\t\t\t<\/div>\n\t\t\t\t\t<\/div>\n\t\t<\/div>\n\t\t\t\t\t<\/div>\n\t\t<\/section>\n\t\t\t\t<section class=\"elementor-section elementor-top-section elementor-element elementor-element-aaf7324 elementor-section-stretched scheme_default elementor-section-boxed elementor-section-height-default elementor-section-height-default sc_fly_static\" data-id=\"aaf7324\" data-element_type=\"section\" data-e-type=\"section\" id=\"objetivos\" data-settings=\"{&quot;stretch_section&quot;:&quot;section-stretched&quot;,&quot;background_background&quot;:&quot;classic&quot;}\">\n\t\t\t\t\t\t<div class=\"elementor-container elementor-column-gap-extended\">\n\t\t\t\t\t<div class=\"elementor-column elementor-col-100 elementor-top-column elementor-element elementor-element-4aed2df sc_inner_width_none sc_content_align_inherit sc_layouts_column_icons_position_left sc_fly_static\" data-id=\"4aed2df\" data-element_type=\"column\" data-e-type=\"column\">\n\t\t\t<div class=\"elementor-widget-wrap elementor-element-populated\">\n\t\t\t\t\t\t<div class=\"elementor-element elementor-element-29386d9 sc_height_large sc_fly_static elementor-widget elementor-widget-spacer\" data-id=\"29386d9\" data-element_type=\"widget\" data-e-type=\"widget\" id=\"compromiso\" data-widget_type=\"spacer.default\">\n\t\t\t\t<div class=\"elementor-widget-container\">\n\t\t\t\t\t\t\t<div class=\"elementor-spacer\">\n\t\t\t<div class=\"elementor-spacer-inner\"><\/div>\n\t\t<\/div>\n\t\t\t\t\t\t<\/div>\n\t\t\t\t<\/div>\n\t\t\t\t\t<\/div>\n\t\t<\/div>\n\t\t\t\t\t<\/div>\n\t\t<\/section>\n\t\t\t\t<section class=\"elementor-section-with-custom-width elementor-section elementor-top-section elementor-element elementor-element-5eadb45 elementor-section-content-space-between scheme_default animated-slow animation_type_sequental hide_bg_image_on_tablet hide_bg_image_on_mobile sc_layouts_row sc_layouts_row_type_normal elementor-section-boxed elementor-section-height-default elementor-section-height-default sc_fly_static elementor-invisible\" data-id=\"5eadb45\" data-element_type=\"section\" data-e-type=\"section\" data-settings=\"{&quot;background_background&quot;:&quot;classic&quot;,&quot;animation&quot;:&quot;fadeIn&quot;,&quot;animation_delay&quot;:300}\">\n\t\t\t\t\t\t<div class=\"elementor-container elementor-column-gap-custom\">\n\t\t\t\t\t<div class=\"elementor-column elementor-col-50 elementor-top-column elementor-element elementor-element-6a95036 sc_content_align_center sc_inner_width_none sc_layouts_column_icons_position_left sc_fly_static\" data-id=\"6a95036\" data-element_type=\"column\" data-e-type=\"column\">\n\t\t\t<div class=\"elementor-widget-wrap elementor-element-populated\">\n\t\t\t\t\t\t<div class=\"elementor-element elementor-element-448454e sc_fly_static elementor-widget elementor-widget-trx_sc_title\" data-id=\"448454e\" data-element_type=\"widget\" data-e-type=\"widget\" data-widget_type=\"trx_sc_title.default\">\n\t\t\t\t<div class=\"elementor-widget-container\">\n\t\t\t\t\t<div\t\tclass=\"sc_title sc_title_default\" ><h2 class=\"sc_item_title sc_title_title sc_align_left sc_item_title_style_default sc_item_title_tag trx_addons_inline_525742550\"\n\t\t\t><span class=\"sc_item_title_text\">Maes Honey, fornitore di miele con capacit\u00e0 produttiva e flessibilit\u00e0<\/span><\/h2><\/div>\t\t\t\t<\/div>\n\t\t\t\t<\/div>\n\t\t\t\t<div class=\"elementor-element elementor-element-35c8260 sc_fly_static elementor-widget elementor-widget-spacer\" data-id=\"35c8260\" data-element_type=\"widget\" data-e-type=\"widget\" data-widget_type=\"spacer.default\">\n\t\t\t\t<div class=\"elementor-widget-container\">\n\t\t\t\t\t\t\t<div class=\"elementor-spacer\">\n\t\t\t<div class=\"elementor-spacer-inner\"><\/div>\n\t\t<\/div>\n\t\t\t\t\t\t<\/div>\n\t\t\t\t<\/div>\n\t\t\t\t<div class=\"elementor-element elementor-element-86c921b sc_fly_static elementor-widget elementor-widget-text-editor\" data-id=\"86c921b\" data-element_type=\"widget\" data-e-type=\"widget\" data-widget_type=\"text-editor.default\">\n\t\t\t\t<div class=\"elementor-widget-container\">\n\t\t\t\t\t\t\t\t\t<p>La nostra prima esportazione \u00e8 avvenuta nel 1993 verso la Germania. Da allora, non abbiamo mai smesso di espandere i nostri confini, fino a raggiungere pi\u00f9 di 35 paesi nei 5 continenti.<\/p>\n<p>Negli ultimi 15 anni, siamo cresciuti del 10%. Questa crescita \u00e8 il risultato della nostra solida strategia, basata sull&#8217;innovazione costante. Ogni anno, in Maes Honey, investiamo parte dei nostri profitti annuali in miglioramenti tecnologici e innovazione, con l&#8217;obiettivo di pianificare a lungo termine e anticipare i possibili cambiamenti che potrebbero verificarsi nei mercati. L&#8217;adozione di tecnologie pi\u00f9 avanzate ci consente di essere pi\u00f9 efficienti e sostenibili, riducendo il nostro impatto ambientale e aumentando la nostra produttivit\u00e0  <\/p>\n<p>Nel grafico a destra, potete osservare l&#8217;evoluzione della nostra produzione. Il nostro successo \u00e8 dovuto alla combinazione della tecnologia pi\u00f9 avanzata e della conoscenza dei mercati internazionali e del settore alimentare del miele.<\/p>\n<p>Il nostro obiettivo per i prossimi anni \u00e8 continuare a crescere in modo sostenibile e rispettoso dell&#8217;ambiente. Per questo, continueremo a investire in miglioramenti tecnologici per adattarci ai possibili cambiamenti e tendenze di ogni mercato alimentare. In Maes Honey, vogliamo addolcire tutte le case del mondo. <\/p>\n\t\t\t\t\t\t\t\t<\/div>\n\t\t\t\t<\/div>\n\t\t\t\t<div class=\"elementor-element elementor-element-a21f244 sc_fly_static elementor-widget elementor-widget-spacer\" data-id=\"a21f244\" data-element_type=\"widget\" data-e-type=\"widget\" data-widget_type=\"spacer.default\">\n\t\t\t\t<div class=\"elementor-widget-container\">\n\t\t\t\t\t\t\t<div class=\"elementor-spacer\">\n\t\t\t<div class=\"elementor-spacer-inner\"><\/div>\n\t\t<\/div>\n\t\t\t\t\t\t<\/div>\n\t\t\t\t<\/div>\n\t\t\t\t<div class=\"elementor-element elementor-element-fec1387 sc_fly_static elementor-widget elementor-widget-button\" data-id=\"fec1387\" data-element_type=\"widget\" data-e-type=\"widget\" data-widget_type=\"button.default\">\n\t\t\t\t<div class=\"elementor-widget-container\">\n\t\t\t\t\t\t\t\t\t<div class=\"elementor-button-wrapper\">\n\t\t\t\t\t<a class=\"elementor-button elementor-button-link elementor-size-sm\" href=\"https:\/\/maeshoney.com\/it\/fabbrica\/\">\n\t\t\t\t\t\t<span class=\"elementor-button-content-wrapper\">\n\t\t\t\t\t\t\t\t\t<span class=\"elementor-button-text\">SCOPRI LA FABBRICA<\/span>\n\t\t\t\t\t<\/span>\n\t\t\t\t\t<\/a>\n\t\t\t\t<\/div>\n\t\t\t\t\t\t\t\t<\/div>\n\t\t\t\t<\/div>\n\t\t\t\t\t<\/div>\n\t\t<\/div>\n\t\t\t\t<div class=\"elementor-column elementor-col-50 elementor-top-column elementor-element elementor-element-91292ca sc_inner_width_none sc_content_align_inherit sc_layouts_column_icons_position_left sc_fly_static\" data-id=\"91292ca\" data-element_type=\"column\" data-e-type=\"column\">\n\t\t\t<div class=\"elementor-widget-wrap elementor-element-populated\">\n\t\t\t\t\t\t<div class=\"elementor-element elementor-element-aa6ae78 sc_fly_static elementor-widget elementor-widget-image\" data-id=\"aa6ae78\" data-element_type=\"widget\" data-e-type=\"widget\" data-widget_type=\"image.default\">\n\t\t\t\t<div class=\"elementor-widget-container\">\n\t\t\t\t\t\t\t\t\t\t\t\t\t\t\t<img decoding=\"async\" src=\"https:\/\/maeshoney.com\/wp-content\/uploads\/2024\/10\/Group-91.png\" title=\"\" alt=\"\" loading=\"lazy\" \/>\t\t\t\t\t\t\t\t\t\t\t\t\t\t\t<\/div>\n\t\t\t\t<\/div>\n\t\t\t\t<div class=\"elementor-element elementor-element-4e482b3 sc_fly_static elementor-widget elementor-widget-trx_sc_title\" data-id=\"4e482b3\" data-element_type=\"widget\" data-e-type=\"widget\" data-widget_type=\"trx_sc_title.default\">\n\t\t\t\t<div class=\"elementor-widget-container\">\n\t\t\t\t\t<div\t\tclass=\"sc_title sc_title_default\" ><h3 class=\"sc_item_title sc_title_title sc_align_center sc_item_title_style_default sc_item_title_tag trx_addons_inline_689335052\"\n\t\t\t><span class=\"sc_item_title_text\">Evoluzione in chili<\/span><\/h3><\/div>\t\t\t\t<\/div>\n\t\t\t\t<\/div>\n\t\t\t\t<div class=\"elementor-element elementor-element-9f5daf4 sc_fly_static elementor-widget elementor-widget-trx_sc_title\" data-id=\"9f5daf4\" data-element_type=\"widget\" data-e-type=\"widget\" data-widget_type=\"trx_sc_title.default\">\n\t\t\t\t<div class=\"elementor-widget-container\">\n\t\t\t\t\t<div\t\tclass=\"sc_title sc_title_default\" ><h3 class=\"sc_item_title sc_title_title sc_align_center sc_item_title_style_default sc_item_title_tag trx_addons_inline_1217802118\"\n\t\t\t><span class=\"sc_item_title_text\"><span style=\"font-size:32px;font-weight:700;line-height:15px;\">Crescita del 10%<\/span><br>negli ultimi 15 anni.<\/span><\/h3><\/div>\t\t\t\t<\/div>\n\t\t\t\t<\/div>\n\t\t\t\t<div class=\"elementor-element elementor-element-f56fdc0 sc_fly_static elementor-widget elementor-widget-image\" data-id=\"f56fdc0\" data-element_type=\"widget\" data-e-type=\"widget\" data-widget_type=\"image.default\">\n\t\t\t\t<div class=\"elementor-widget-container\">\n\t\t\t\t\t\t\t\t\t\t\t\t\t\t\t<img fetchpriority=\"high\" decoding=\"async\" width=\"618\" height=\"348\" src=\"https:\/\/maeshoney.com\/wp-content\/uploads\/2024\/10\/Recurso-1-1-1.svg\" class=\"attachment-large size-large wp-image-26786\" alt=\"graph showing the company&#039;s growth.\" \/>\t\t\t\t\t\t\t\t\t\t\t\t\t\t\t<\/div>\n\t\t\t\t<\/div>\n\t\t\t\t\t<\/div>\n\t\t<\/div>\n\t\t\t\t\t<\/div>\n\t\t<\/section>\n\t\t\t\t<section class=\"elementor-section elementor-top-section elementor-element elementor-element-1ad20130 elementor-section-boxed elementor-section-height-default elementor-section-height-default sc_fly_static\" data-id=\"1ad20130\" data-element_type=\"section\" data-e-type=\"section\" id=\"depuradora\">\n\t\t\t\t\t\t<div class=\"elementor-container elementor-column-gap-extended\">\n\t\t\t\t\t<div class=\"elementor-column elementor-col-100 elementor-top-column elementor-element elementor-element-7ab5a705 sc_inner_width_none sc_content_align_inherit sc_layouts_column_icons_position_left sc_fly_static\" data-id=\"7ab5a705\" data-element_type=\"column\" data-e-type=\"column\">\n\t\t\t<div class=\"elementor-widget-wrap elementor-element-populated\">\n\t\t\t\t\t\t<div class=\"elementor-element elementor-element-5a906da sc_height_large sc_fly_static elementor-widget elementor-widget-spacer\" data-id=\"5a906da\" data-element_type=\"widget\" data-e-type=\"widget\" data-widget_type=\"spacer.default\">\n\t\t\t\t<div class=\"elementor-widget-container\">\n\t\t\t\t\t\t\t<div class=\"elementor-spacer\">\n\t\t\t<div class=\"elementor-spacer-inner\"><\/div>\n\t\t<\/div>\n\t\t\t\t\t\t<\/div>\n\t\t\t\t<\/div>\n\t\t\t\t\t<\/div>\n\t\t<\/div>\n\t\t\t\t\t<\/div>\n\t\t<\/section>\n\t\t\t\t<\/div>\n\t\t","protected":false},"excerpt":{"rendered":"<p>Dati diproduzione Maes Honey, fornitore di miele con capacit\u00e0 produttiva e flessibilit\u00e0 La nostra prima esportazione \u00e8 avvenuta nel 1993 verso la Germania. Da allora, non abbiamo mai smesso di&hellip;<\/p>\n","protected":false},"author":26,"featured_media":0,"parent":0,"menu_order":4,"comment_status":"closed","ping_status":"closed","template":"","meta":{"_acf_changed":false,"footnotes":""},"class_list":["post-29407","page","type-page","status-publish","hentry"],"acf":[],"yoast_head":"<!-- This site is optimized with the Yoast SEO plugin v27.1.1 - https:\/\/yoast.com\/product\/yoast-seo-wordpress\/ -->\n<title>Dati di produzione - MAES HONEY<\/title>\n<meta name=\"description\" content=\"Negli ultimi 15 anni siamo cresciuti del 10%. \u00c8 il risultato della nostra solida strategia, basata sull\u2019innovazione costante.\" \/>\n<meta name=\"robots\" content=\"index, follow, max-snippet:-1, max-image-preview:large, max-video-preview:-1\" \/>\n<link rel=\"canonical\" href=\"https:\/\/maeshoney.com\/it\/dati-di-produzione\/\" \/>\n<meta property=\"og:locale\" content=\"it_IT\" \/>\n<meta property=\"og:type\" content=\"article\" \/>\n<meta property=\"og:title\" content=\"Dati di produzione - MAES HONEY\" \/>\n<meta property=\"og:description\" content=\"Negli ultimi 15 anni siamo cresciuti del 10%. \u00c8 il risultato della nostra solida strategia, basata sull\u2019innovazione costante.\" \/>\n<meta property=\"og:url\" content=\"https:\/\/maeshoney.com\/it\/dati-di-produzione\/\" \/>\n<meta property=\"og:site_name\" content=\"MAES HONEY\" \/>\n<meta property=\"article:modified_time\" content=\"2026-03-17T12:09:25+00:00\" \/>\n<meta property=\"og:image\" content=\"https:\/\/maeshoney.com\/wp-content\/uploads\/elementor\/thumbs\/Group-91-qvalenybj2x21ke5uiztw32ney2dbc0k7a3us36e4g.png\" \/>\n<meta name=\"twitter:card\" content=\"summary_large_image\" \/>\n<meta name=\"twitter:label1\" content=\"Tempo di lettura stimato\" \/>\n\t<meta name=\"twitter:data1\" content=\"2 minuti\" \/>\n<script type=\"application\/ld+json\" class=\"yoast-schema-graph\">{\"@context\":\"https:\/\/schema.org\",\"@graph\":[{\"@type\":\"WebPage\",\"@id\":\"https:\/\/maeshoney.com\/it\/dati-di-produzione\/\",\"url\":\"https:\/\/maeshoney.com\/it\/dati-di-produzione\/\",\"name\":\"Dati di produzione - MAES HONEY\",\"isPartOf\":{\"@id\":\"https:\/\/maeshoney.com\/#website\"},\"primaryImageOfPage\":{\"@id\":\"https:\/\/maeshoney.com\/it\/dati-di-produzione\/#primaryimage\"},\"image\":{\"@id\":\"https:\/\/maeshoney.com\/it\/dati-di-produzione\/#primaryimage\"},\"thumbnailUrl\":\"https:\/\/maeshoney.com\/wp-content\/uploads\/elementor\/thumbs\/Group-91-qvalenybj2x21ke5uiztw32ney2dbc0k7a3us36e4g.png\",\"datePublished\":\"2024-12-02T10:18:28+00:00\",\"dateModified\":\"2026-03-17T12:09:25+00:00\",\"description\":\"Negli ultimi 15 anni siamo cresciuti del 10%. \u00c8 il risultato della nostra solida strategia, basata sull\u2019innovazione costante.\",\"breadcrumb\":{\"@id\":\"https:\/\/maeshoney.com\/it\/dati-di-produzione\/#breadcrumb\"},\"inLanguage\":\"it-IT\",\"potentialAction\":[{\"@type\":\"ReadAction\",\"target\":[\"https:\/\/maeshoney.com\/it\/dati-di-produzione\/\"]}]},{\"@type\":\"ImageObject\",\"inLanguage\":\"it-IT\",\"@id\":\"https:\/\/maeshoney.com\/it\/dati-di-produzione\/#primaryimage\",\"url\":\"https:\/\/maeshoney.com\/wp-content\/uploads\/elementor\/thumbs\/Group-91-qvalenybj2x21ke5uiztw32ney2dbc0k7a3us36e4g.png\",\"contentUrl\":\"https:\/\/maeshoney.com\/wp-content\/uploads\/elementor\/thumbs\/Group-91-qvalenybj2x21ke5uiztw32ney2dbc0k7a3us36e4g.png\"},{\"@type\":\"BreadcrumbList\",\"@id\":\"https:\/\/maeshoney.com\/it\/dati-di-produzione\/#breadcrumb\",\"itemListElement\":[{\"@type\":\"ListItem\",\"position\":1,\"name\":\"Portada\",\"item\":\"https:\/\/maeshoney.com\/it\/\"},{\"@type\":\"ListItem\",\"position\":2,\"name\":\"Dati di produzione\"}]},{\"@type\":\"WebSite\",\"@id\":\"https:\/\/maeshoney.com\/#website\",\"url\":\"https:\/\/maeshoney.com\/\",\"name\":\"MAES HONEY\",\"description\":\"En Maes Honey somos l\u00edderes en la exportaci\u00f3n de miel en Espa\u00f1a. Contamos con una gran capacidad de producci\u00f3n de miel anual.\",\"publisher\":{\"@id\":\"https:\/\/maeshoney.com\/#organization\"},\"potentialAction\":[{\"@type\":\"SearchAction\",\"target\":{\"@type\":\"EntryPoint\",\"urlTemplate\":\"https:\/\/maeshoney.com\/?s={search_term_string}\"},\"query-input\":{\"@type\":\"PropertyValueSpecification\",\"valueRequired\":true,\"valueName\":\"search_term_string\"}}],\"inLanguage\":\"it-IT\"},{\"@type\":\"Organization\",\"@id\":\"https:\/\/maeshoney.com\/#organization\",\"name\":\"MAES HONEY\",\"url\":\"https:\/\/maeshoney.com\/\",\"logo\":{\"@type\":\"ImageObject\",\"inLanguage\":\"it-IT\",\"@id\":\"https:\/\/maeshoney.com\/#\/schema\/logo\/image\/\",\"url\":\"https:\/\/maeshoney.com\/wp-content\/uploads\/2023\/11\/maes-honey-logo-es.png\",\"contentUrl\":\"https:\/\/maeshoney.com\/wp-content\/uploads\/2023\/11\/maes-honey-logo-es.png\",\"width\":157,\"height\":66,\"caption\":\"MAES HONEY\"},\"image\":{\"@id\":\"https:\/\/maeshoney.com\/#\/schema\/logo\/image\/\"}}]}<\/script>\n<!-- \/ Yoast SEO plugin. -->","yoast_head_json":{"title":"Dati di produzione - MAES HONEY","description":"Negli ultimi 15 anni siamo cresciuti del 10%. \u00c8 il risultato della nostra solida strategia, basata sull\u2019innovazione costante.","robots":{"index":"index","follow":"follow","max-snippet":"max-snippet:-1","max-image-preview":"max-image-preview:large","max-video-preview":"max-video-preview:-1"},"canonical":"https:\/\/maeshoney.com\/it\/dati-di-produzione\/","og_locale":"it_IT","og_type":"article","og_title":"Dati di produzione - MAES HONEY","og_description":"Negli ultimi 15 anni siamo cresciuti del 10%. \u00c8 il risultato della nostra solida strategia, basata sull\u2019innovazione costante.","og_url":"https:\/\/maeshoney.com\/it\/dati-di-produzione\/","og_site_name":"MAES HONEY","article_modified_time":"2026-03-17T12:09:25+00:00","og_image":[{"url":"https:\/\/maeshoney.com\/wp-content\/uploads\/elementor\/thumbs\/Group-91-qvalenybj2x21ke5uiztw32ney2dbc0k7a3us36e4g.png","type":"","width":"","height":""}],"twitter_card":"summary_large_image","twitter_misc":{"Tempo di lettura stimato":"2 minuti"},"schema":{"@context":"https:\/\/schema.org","@graph":[{"@type":"WebPage","@id":"https:\/\/maeshoney.com\/it\/dati-di-produzione\/","url":"https:\/\/maeshoney.com\/it\/dati-di-produzione\/","name":"Dati di produzione - MAES HONEY","isPartOf":{"@id":"https:\/\/maeshoney.com\/#website"},"primaryImageOfPage":{"@id":"https:\/\/maeshoney.com\/it\/dati-di-produzione\/#primaryimage"},"image":{"@id":"https:\/\/maeshoney.com\/it\/dati-di-produzione\/#primaryimage"},"thumbnailUrl":"https:\/\/maeshoney.com\/wp-content\/uploads\/elementor\/thumbs\/Group-91-qvalenybj2x21ke5uiztw32ney2dbc0k7a3us36e4g.png","datePublished":"2024-12-02T10:18:28+00:00","dateModified":"2026-03-17T12:09:25+00:00","description":"Negli ultimi 15 anni siamo cresciuti del 10%. \u00c8 il risultato della nostra solida strategia, basata sull\u2019innovazione costante.","breadcrumb":{"@id":"https:\/\/maeshoney.com\/it\/dati-di-produzione\/#breadcrumb"},"inLanguage":"it-IT","potentialAction":[{"@type":"ReadAction","target":["https:\/\/maeshoney.com\/it\/dati-di-produzione\/"]}]},{"@type":"ImageObject","inLanguage":"it-IT","@id":"https:\/\/maeshoney.com\/it\/dati-di-produzione\/#primaryimage","url":"https:\/\/maeshoney.com\/wp-content\/uploads\/elementor\/thumbs\/Group-91-qvalenybj2x21ke5uiztw32ney2dbc0k7a3us36e4g.png","contentUrl":"https:\/\/maeshoney.com\/wp-content\/uploads\/elementor\/thumbs\/Group-91-qvalenybj2x21ke5uiztw32ney2dbc0k7a3us36e4g.png"},{"@type":"BreadcrumbList","@id":"https:\/\/maeshoney.com\/it\/dati-di-produzione\/#breadcrumb","itemListElement":[{"@type":"ListItem","position":1,"name":"Portada","item":"https:\/\/maeshoney.com\/it\/"},{"@type":"ListItem","position":2,"name":"Dati di produzione"}]},{"@type":"WebSite","@id":"https:\/\/maeshoney.com\/#website","url":"https:\/\/maeshoney.com\/","name":"MAES HONEY","description":"En Maes Honey somos l\u00edderes en la exportaci\u00f3n de miel en Espa\u00f1a. Contamos con una gran capacidad de producci\u00f3n de miel anual.","publisher":{"@id":"https:\/\/maeshoney.com\/#organization"},"potentialAction":[{"@type":"SearchAction","target":{"@type":"EntryPoint","urlTemplate":"https:\/\/maeshoney.com\/?s={search_term_string}"},"query-input":{"@type":"PropertyValueSpecification","valueRequired":true,"valueName":"search_term_string"}}],"inLanguage":"it-IT"},{"@type":"Organization","@id":"https:\/\/maeshoney.com\/#organization","name":"MAES HONEY","url":"https:\/\/maeshoney.com\/","logo":{"@type":"ImageObject","inLanguage":"it-IT","@id":"https:\/\/maeshoney.com\/#\/schema\/logo\/image\/","url":"https:\/\/maeshoney.com\/wp-content\/uploads\/2023\/11\/maes-honey-logo-es.png","contentUrl":"https:\/\/maeshoney.com\/wp-content\/uploads\/2023\/11\/maes-honey-logo-es.png","width":157,"height":66,"caption":"MAES HONEY"},"image":{"@id":"https:\/\/maeshoney.com\/#\/schema\/logo\/image\/"}}]}},"_links":{"self":[{"href":"https:\/\/maeshoney.com\/it\/wp-json\/wp\/v2\/pages\/29407","targetHints":{"allow":["GET"]}}],"collection":[{"href":"https:\/\/maeshoney.com\/it\/wp-json\/wp\/v2\/pages"}],"about":[{"href":"https:\/\/maeshoney.com\/it\/wp-json\/wp\/v2\/types\/page"}],"author":[{"embeddable":true,"href":"https:\/\/maeshoney.com\/it\/wp-json\/wp\/v2\/users\/26"}],"replies":[{"embeddable":true,"href":"https:\/\/maeshoney.com\/it\/wp-json\/wp\/v2\/comments?post=29407"}],"version-history":[{"count":1,"href":"https:\/\/maeshoney.com\/it\/wp-json\/wp\/v2\/pages\/29407\/revisions"}],"predecessor-version":[{"id":34206,"href":"https:\/\/maeshoney.com\/it\/wp-json\/wp\/v2\/pages\/29407\/revisions\/34206"}],"wp:attachment":[{"href":"https:\/\/maeshoney.com\/it\/wp-json\/wp\/v2\/media?parent=29407"}],"curies":[{"name":"wp","href":"https:\/\/api.w.org\/{rel}","templated":true}]}}