{"id":22714,"date":"2023-11-20T10:46:22","date_gmt":"2023-11-20T09:46:22","guid":{"rendered":"https:\/\/maeshoney.com\/avviso-legale\/"},"modified":"2026-03-17T13:16:54","modified_gmt":"2026-03-17T12:16:54","slug":"avviso-legale","status":"publish","type":"page","link":"https:\/\/maeshoney.com\/it\/avviso-legale\/","title":{"rendered":"Avviso legale"},"content":{"rendered":"\t\t<div data-elementor-type=\"wp-page\" data-elementor-id=\"22714\" class=\"elementor elementor-22714 elementor-21977\" data-elementor-post-type=\"page\">\n\t\t\t\t\t\t<section class=\"elementor-section elementor-top-section elementor-element elementor-element-92fa7ac elementor-section-stretched scheme_default elementor-section-height-min-height elementor-section-full_width elementor-section-content-middle elementor-section-height-default elementor-section-items-middle sc_fly_static\" data-id=\"92fa7ac\" data-element_type=\"section\" data-e-type=\"section\" data-settings=\"{&quot;stretch_section&quot;:&quot;section-stretched&quot;,&quot;background_background&quot;:&quot;classic&quot;}\">\n\t\t\t\t\t\t\t<div class=\"elementor-background-overlay\"><\/div>\n\t\t\t\t\t\t\t<div class=\"elementor-container elementor-column-gap-extended\">\n\t\t\t\t\t<div class=\"elementor-column elementor-col-100 elementor-top-column elementor-element elementor-element-166b910 sc_content_align_left sc_inner_width_none sc_layouts_column_icons_position_left sc_fly_static\" data-id=\"166b910\" data-element_type=\"column\" data-e-type=\"column\">\n\t\t\t<div class=\"elementor-widget-wrap elementor-element-populated\">\n\t\t\t\t\t\t<div class=\"elementor-element elementor-element-8590e60 sc_fly_static elementor-widget elementor-widget-trx_sc_title\" data-id=\"8590e60\" data-element_type=\"widget\" data-e-type=\"widget\" data-widget_type=\"trx_sc_title.default\">\n\t\t\t\t<div class=\"elementor-widget-container\">\n\t\t\t\t\t<div\t\tclass=\"sc_title sc_title_default\" ><h1 class=\"sc_item_title sc_title_title sc_align_left sc_item_title_style_default sc_item_title_tag trx_addons_inline_1773610439\"\n\t\t\t><span class=\"sc_item_title_text\">Avviso legale<\/span><\/h1><\/div>\t\t\t\t<\/div>\n\t\t\t\t<\/div>\n\t\t\t\t\t<\/div>\n\t\t<\/div>\n\t\t\t\t\t<\/div>\n\t\t<\/section>\n\t\t\t\t<section class=\"elementor-section elementor-top-section elementor-element elementor-element-d53e3c3 elementor-section-stretched scheme_default elementor-section-boxed elementor-section-height-default elementor-section-height-default sc_fly_static\" data-id=\"d53e3c3\" data-element_type=\"section\" data-e-type=\"section\" data-settings=\"{&quot;stretch_section&quot;:&quot;section-stretched&quot;,&quot;background_background&quot;:&quot;classic&quot;}\">\n\t\t\t\t\t\t<div class=\"elementor-container elementor-column-gap-extended\">\n\t\t\t\t\t<div class=\"elementor-column elementor-col-100 elementor-top-column elementor-element elementor-element-c0614b5 sc_inner_width_none sc_content_align_inherit sc_layouts_column_icons_position_left sc_fly_static\" data-id=\"c0614b5\" data-element_type=\"column\" data-e-type=\"column\">\n\t\t\t<div class=\"elementor-widget-wrap elementor-element-populated\">\n\t\t\t\t\t\t<div class=\"elementor-element elementor-element-bfff135 sc_height_large sc_fly_static elementor-widget elementor-widget-spacer\" data-id=\"bfff135\" data-element_type=\"widget\" data-e-type=\"widget\" data-widget_type=\"spacer.default\">\n\t\t\t\t<div class=\"elementor-widget-container\">\n\t\t\t\t\t\t\t<div class=\"elementor-spacer\">\n\t\t\t<div class=\"elementor-spacer-inner\"><\/div>\n\t\t<\/div>\n\t\t\t\t\t\t<\/div>\n\t\t\t\t<\/div>\n\t\t\t\t\t<\/div>\n\t\t<\/div>\n\t\t\t\t\t<\/div>\n\t\t<\/section>\n\t\t\t\t<section class=\"elementor-section elementor-top-section elementor-element elementor-element-458c46d0 elementor-section-boxed elementor-section-height-default elementor-section-height-default sc_fly_static\" data-id=\"458c46d0\" data-element_type=\"section\" data-e-type=\"section\">\n\t\t\t\t\t\t<div class=\"elementor-container elementor-column-gap-extended\">\n\t\t\t\t\t<div class=\"elementor-column elementor-col-100 elementor-top-column elementor-element elementor-element-3799121d sc_inner_width_none sc_content_align_inherit sc_layouts_column_icons_position_left sc_fly_static\" data-id=\"3799121d\" data-element_type=\"column\" data-e-type=\"column\">\n\t\t\t<div class=\"elementor-widget-wrap elementor-element-populated\">\n\t\t\t\t\t\t<div class=\"elementor-element elementor-element-1f988a7f sc_fly_static elementor-widget elementor-widget-text-editor\" data-id=\"1f988a7f\" data-element_type=\"widget\" data-e-type=\"widget\" data-widget_type=\"text-editor.default\">\n\t\t\t\t<div class=\"elementor-widget-container\">\n\t\t\t\t\t\t\t\t\t<p>Le presenti condizioni di utilizzo del sito web regolano le condizioni di accesso e di utilizzo di questo sito web, di propriet\u00e0 di GRUPO MAES HONEY, di seguito \u201cla Societ\u00e0\u201d, che l&#8217;utente del portale deve accettare per poter utilizzare tutti i servizi e le informazioni fornite dal portale.<\/p>\n<p>L&#8217;utente e la Societ\u00e0, proprietaria del portale, possono essere indicati congiuntamente come le parti. Il semplice accesso o utilizzo del portale, di tutti o parte dei suoi contenuti e servizi, implica la piena accettazione delle presenti condizioni d&#8217;uso. La fornitura e l&#8217;utilizzo del portale si intendono subordinati al rigoroso rispetto dei termini stabiliti nelle presenti condizioni d&#8217;uso del portale.  <\/p>\n<p>Gli utenti possono accedere a diversi tipi di informazioni e servizi attraverso il portale. Il portale si riserva il diritto di modificare, in qualsiasi momento e senza preavviso, la presentazione e la configurazione delle informazioni e dei servizi forniti.<br \/>Nei limiti stabiliti dalla legge, l&#8217;azienda non si assume alcuna responsabilit\u00e0 per la mancanza di veridicit\u00e0, completezza, aggiornamento e accuratezza dei dati o delle informazioni contenute nelle sue pagine Internet.    <\/p>\n<p>I contenuti e le informazioni non sono vincolanti per l&#8217;azienda e non costituiscono opinioni, consigli o consulenze legali di alcun tipo, trattandosi di un mero servizio offerto a scopo informativo e divulgativo. Il sito web della societ\u00e0 pu\u00f2 contenere link ad altri siti web di terzi che la societ\u00e0 non controlla. Pertanto, la societ\u00e0 non pu\u00f2 assumersi la responsabilit\u00e0 per i contenuti che possono apparire sui siti di terzi.   <\/p>\n<p>La societ\u00e0 responsabile del sito web non pu\u00f2 assumersi alcuna responsabilit\u00e0 derivante dall&#8217;uso errato, inappropriato o illecito delle informazioni contenute in questa pagina Internet.<\/p>\n<p>Nei limiti stabiliti dalla legge, la societ\u00e0 non si assume alcuna responsabilit\u00e0 derivante dalla mancanza di veridicit\u00e0, integrit\u00e0, aggiornamento e precisione dei dati o delle informazioni contenuti nelle proprie pagine Internet.<\/p>\n<p>I contenuti e le informazioni non sono vincolanti per l&#8217;azienda e non costituiscono opinioni, consigli o consulenze legali di alcun tipo, trattandosi di un mero servizio offerto a scopo informativo e divulgativo. <\/p>\n<p>Il sito web della societ\u00e0 pu\u00f2 contenere link ad altri siti web di terzi che la societ\u00e0 non controlla. Pertanto, la societ\u00e0 non pu\u00f2 assumersi la responsabilit\u00e0 per i contenuti che possono apparire sui siti di terzi. <\/p>\n<p>I testi, le immagini, i suoni, le animazioni, il software e gli altri contenuti inclusi in questo sito web sono di propriet\u00e0 esclusiva della societ\u00e0 o dei suoi licenziatari. Qualsiasi atto di trasmissione, distribuzione, trasferimento, riproduzione, archiviazione o comunicazione pubblica totale o parziale deve avere il consenso esplicito dell&#8217;azienda. <\/p>\n<p>L&#8217;utente \u00e8 tenuto a rispettare in ogni momento i termini e le condizioni stabiliti nel presente avviso legale. L&#8217;utente dichiara espressamente di utilizzare il portale con diligenza e si assume ogni responsabilit\u00e0 che possa derivare dal mancato rispetto delle regole. <\/p>\n<p>L&#8217;utente si impegna, nei casi in cui gli vengano richiesti dati o informazioni, a non falsificare la propria identit\u00e0 spacciandosi per un&#8217;altra persona. L&#8217;utente non pu\u00f2 utilizzare il portale per attivit\u00e0 contrarie alla legge, al buon costume e all&#8217;ordine pubblico, o per scopi vietati o che violino o danneggino i diritti di terzi. Allo stesso modo, \u00e8 vietata la diffusione, l&#8217;archiviazione e\/o la gestione di dati o contenuti che violino i diritti di terzi o le norme che regolano i diritti di propriet\u00e0 intellettuale o industriale.  <\/p>\n<p>Allo stesso modo, l&#8217;utente non pu\u00f2 utilizzare il portale per trasmettere, archiviare, diffondere, promuovere o distribuire dati o contenuti che contengano virus o qualsiasi altro codice informatico, file o programma destinato a interrompere, distruggere o danneggiare il funzionamento di qualsiasi programma o apparecchiatura informatica o di telecomunicazione.<\/p>\n<p>L&#8217;utente si impegna a manlevare e tenere indenne il portale da qualsiasi danno, pregiudizio, sanzione, multa, ammenda o risarcimento che il portale potrebbe dover affrontare.<\/p>\n<p>Allo stesso modo, \u00e8 possibile consultare la nostra<u> Politica di protezione dei dati<\/u> e la nostra <u>Politica sui cookie<\/u> cliccando sui link.<\/p>\n\t\t\t\t\t\t\t\t<\/div>\n\t\t\t\t<\/div>\n\t\t\t\t\t<\/div>\n\t\t<\/div>\n\t\t\t\t\t<\/div>\n\t\t<\/section>\n\t\t\t\t<\/div>\n\t\t","protected":false},"excerpt":{"rendered":"<p>Avviso legale Le presenti condizioni di utilizzo del sito web regolano le condizioni di accesso e di utilizzo di questo sito web, di propriet\u00e0 di GRUPO MAES HONEY, di seguito&hellip;<\/p>\n","protected":false},"author":21,"featured_media":0,"parent":0,"menu_order":20,"comment_status":"closed","ping_status":"closed","template":"","meta":{"_acf_changed":false,"footnotes":""},"class_list":["post-22714","page","type-page","status-publish","hentry"],"acf":[],"yoast_head":"<!-- This site is optimized with the Yoast SEO plugin v27.1.1 - https:\/\/yoast.com\/product\/yoast-seo-wordpress\/ -->\n<title>Avviso legale - MAES HONEY<\/title>\n<meta name=\"description\" content=\"Leggi l\u2019avviso legale di Maes Honey con informazioni sulla propriet\u00e0 del sito, condizioni d\u2019uso e responsabilit\u00e0 legali.\" \/>\n<meta name=\"robots\" content=\"noindex, nofollow\" \/>\n<meta property=\"og:locale\" content=\"it_IT\" \/>\n<meta property=\"og:type\" content=\"article\" \/>\n<meta property=\"og:title\" content=\"Avviso legale - MAES HONEY\" \/>\n<meta property=\"og:description\" content=\"Leggi l\u2019avviso legale di Maes Honey con informazioni sulla propriet\u00e0 del sito, condizioni d\u2019uso e responsabilit\u00e0 legali.\" \/>\n<meta property=\"og:url\" content=\"https:\/\/maeshoney.com\/it\/avviso-legale\/\" \/>\n<meta property=\"og:site_name\" content=\"MAES HONEY\" \/>\n<meta property=\"article:modified_time\" content=\"2026-03-17T12:16:54+00:00\" \/>\n<meta name=\"twitter:card\" content=\"summary_large_image\" \/>\n<meta name=\"twitter:label1\" content=\"Tempo di lettura stimato\" \/>\n\t<meta name=\"twitter:data1\" content=\"3 minuti\" \/>\n<script type=\"application\/ld+json\" class=\"yoast-schema-graph\">{\"@context\":\"https:\/\/schema.org\",\"@graph\":[{\"@type\":\"WebPage\",\"@id\":\"https:\/\/maeshoney.com\/it\/avviso-legale\/\",\"url\":\"https:\/\/maeshoney.com\/it\/avviso-legale\/\",\"name\":\"Avviso legale - MAES HONEY\",\"isPartOf\":{\"@id\":\"https:\/\/maeshoney.com\/#website\"},\"datePublished\":\"2023-11-20T09:46:22+00:00\",\"dateModified\":\"2026-03-17T12:16:54+00:00\",\"description\":\"Leggi l\u2019avviso legale di Maes Honey con informazioni sulla propriet\u00e0 del sito, condizioni d\u2019uso e responsabilit\u00e0 legali.\",\"breadcrumb\":{\"@id\":\"https:\/\/maeshoney.com\/it\/avviso-legale\/#breadcrumb\"},\"inLanguage\":\"it-IT\",\"potentialAction\":[{\"@type\":\"ReadAction\",\"target\":[\"https:\/\/maeshoney.com\/it\/avviso-legale\/\"]}]},{\"@type\":\"BreadcrumbList\",\"@id\":\"https:\/\/maeshoney.com\/it\/avviso-legale\/#breadcrumb\",\"itemListElement\":[{\"@type\":\"ListItem\",\"position\":1,\"name\":\"Portada\",\"item\":\"https:\/\/maeshoney.com\/it\/\"},{\"@type\":\"ListItem\",\"position\":2,\"name\":\"Avviso legale\"}]},{\"@type\":\"WebSite\",\"@id\":\"https:\/\/maeshoney.com\/#website\",\"url\":\"https:\/\/maeshoney.com\/\",\"name\":\"MAES HONEY\",\"description\":\"En Maes Honey somos l\u00edderes en la exportaci\u00f3n de miel en Espa\u00f1a. Contamos con una gran capacidad de producci\u00f3n de miel anual.\",\"publisher\":{\"@id\":\"https:\/\/maeshoney.com\/#organization\"},\"potentialAction\":[{\"@type\":\"SearchAction\",\"target\":{\"@type\":\"EntryPoint\",\"urlTemplate\":\"https:\/\/maeshoney.com\/?s={search_term_string}\"},\"query-input\":{\"@type\":\"PropertyValueSpecification\",\"valueRequired\":true,\"valueName\":\"search_term_string\"}}],\"inLanguage\":\"it-IT\"},{\"@type\":\"Organization\",\"@id\":\"https:\/\/maeshoney.com\/#organization\",\"name\":\"MAES HONEY\",\"url\":\"https:\/\/maeshoney.com\/\",\"logo\":{\"@type\":\"ImageObject\",\"inLanguage\":\"it-IT\",\"@id\":\"https:\/\/maeshoney.com\/#\/schema\/logo\/image\/\",\"url\":\"https:\/\/maeshoney.com\/wp-content\/uploads\/2023\/11\/maes-honey-logo-es.png\",\"contentUrl\":\"https:\/\/maeshoney.com\/wp-content\/uploads\/2023\/11\/maes-honey-logo-es.png\",\"width\":157,\"height\":66,\"caption\":\"MAES HONEY\"},\"image\":{\"@id\":\"https:\/\/maeshoney.com\/#\/schema\/logo\/image\/\"}}]}<\/script>\n<!-- \/ Yoast SEO plugin. -->","yoast_head_json":{"title":"Avviso legale - MAES HONEY","description":"Leggi l\u2019avviso legale di Maes Honey con informazioni sulla propriet\u00e0 del sito, condizioni d\u2019uso e responsabilit\u00e0 legali.","robots":{"index":"noindex","follow":"nofollow"},"og_locale":"it_IT","og_type":"article","og_title":"Avviso legale - MAES HONEY","og_description":"Leggi l\u2019avviso legale di Maes Honey con informazioni sulla propriet\u00e0 del sito, condizioni d\u2019uso e responsabilit\u00e0 legali.","og_url":"https:\/\/maeshoney.com\/it\/avviso-legale\/","og_site_name":"MAES HONEY","article_modified_time":"2026-03-17T12:16:54+00:00","twitter_card":"summary_large_image","twitter_misc":{"Tempo di lettura stimato":"3 minuti"},"schema":{"@context":"https:\/\/schema.org","@graph":[{"@type":"WebPage","@id":"https:\/\/maeshoney.com\/it\/avviso-legale\/","url":"https:\/\/maeshoney.com\/it\/avviso-legale\/","name":"Avviso legale - MAES HONEY","isPartOf":{"@id":"https:\/\/maeshoney.com\/#website"},"datePublished":"2023-11-20T09:46:22+00:00","dateModified":"2026-03-17T12:16:54+00:00","description":"Leggi l\u2019avviso legale di Maes Honey con informazioni sulla propriet\u00e0 del sito, condizioni d\u2019uso e responsabilit\u00e0 legali.","breadcrumb":{"@id":"https:\/\/maeshoney.com\/it\/avviso-legale\/#breadcrumb"},"inLanguage":"it-IT","potentialAction":[{"@type":"ReadAction","target":["https:\/\/maeshoney.com\/it\/avviso-legale\/"]}]},{"@type":"BreadcrumbList","@id":"https:\/\/maeshoney.com\/it\/avviso-legale\/#breadcrumb","itemListElement":[{"@type":"ListItem","position":1,"name":"Portada","item":"https:\/\/maeshoney.com\/it\/"},{"@type":"ListItem","position":2,"name":"Avviso legale"}]},{"@type":"WebSite","@id":"https:\/\/maeshoney.com\/#website","url":"https:\/\/maeshoney.com\/","name":"MAES HONEY","description":"En Maes Honey somos l\u00edderes en la exportaci\u00f3n de miel en Espa\u00f1a. Contamos con una gran capacidad de producci\u00f3n de miel anual.","publisher":{"@id":"https:\/\/maeshoney.com\/#organization"},"potentialAction":[{"@type":"SearchAction","target":{"@type":"EntryPoint","urlTemplate":"https:\/\/maeshoney.com\/?s={search_term_string}"},"query-input":{"@type":"PropertyValueSpecification","valueRequired":true,"valueName":"search_term_string"}}],"inLanguage":"it-IT"},{"@type":"Organization","@id":"https:\/\/maeshoney.com\/#organization","name":"MAES HONEY","url":"https:\/\/maeshoney.com\/","logo":{"@type":"ImageObject","inLanguage":"it-IT","@id":"https:\/\/maeshoney.com\/#\/schema\/logo\/image\/","url":"https:\/\/maeshoney.com\/wp-content\/uploads\/2023\/11\/maes-honey-logo-es.png","contentUrl":"https:\/\/maeshoney.com\/wp-content\/uploads\/2023\/11\/maes-honey-logo-es.png","width":157,"height":66,"caption":"MAES HONEY"},"image":{"@id":"https:\/\/maeshoney.com\/#\/schema\/logo\/image\/"}}]}},"_links":{"self":[{"href":"https:\/\/maeshoney.com\/it\/wp-json\/wp\/v2\/pages\/22714","targetHints":{"allow":["GET"]}}],"collection":[{"href":"https:\/\/maeshoney.com\/it\/wp-json\/wp\/v2\/pages"}],"about":[{"href":"https:\/\/maeshoney.com\/it\/wp-json\/wp\/v2\/types\/page"}],"author":[{"embeddable":true,"href":"https:\/\/maeshoney.com\/it\/wp-json\/wp\/v2\/users\/21"}],"replies":[{"embeddable":true,"href":"https:\/\/maeshoney.com\/it\/wp-json\/wp\/v2\/comments?post=22714"}],"version-history":[{"count":1,"href":"https:\/\/maeshoney.com\/it\/wp-json\/wp\/v2\/pages\/22714\/revisions"}],"predecessor-version":[{"id":34209,"href":"https:\/\/maeshoney.com\/it\/wp-json\/wp\/v2\/pages\/22714\/revisions\/34209"}],"wp:attachment":[{"href":"https:\/\/maeshoney.com\/it\/wp-json\/wp\/v2\/media?parent=22714"}],"curies":[{"name":"wp","href":"https:\/\/api.w.org\/{rel}","templated":true}]}}