{"id":29405,"date":"2024-12-02T11:17:42","date_gmt":"2024-12-02T10:17:42","guid":{"rendered":"https:\/\/maeshoney.com\/donnees-de-production\/"},"modified":"2024-12-09T12:56:47","modified_gmt":"2024-12-09T11:56:47","slug":"donnees-de-production","status":"publish","type":"page","link":"https:\/\/maeshoney.com\/fr\/donnees-de-production\/","title":{"rendered":"Donn\u00e9es de production"},"content":{"rendered":"\t\t<div data-elementor-type=\"wp-page\" data-elementor-id=\"29405\" class=\"elementor elementor-29405 elementor-26784\" data-elementor-post-type=\"page\">\n\t\t\t\t\t\t<section class=\"elementor-section elementor-top-section elementor-element elementor-element-6ec6f81 elementor-section-stretched scheme_default elementor-section-height-min-height elementor-section-full_width elementor-section-content-middle elementor-section-height-default elementor-section-items-middle sc_fly_static\" data-id=\"6ec6f81\" data-element_type=\"section\" data-e-type=\"section\" data-settings=\"{&quot;stretch_section&quot;:&quot;section-stretched&quot;,&quot;background_background&quot;:&quot;classic&quot;}\">\n\t\t\t\t\t\t\t<div class=\"elementor-background-overlay\"><\/div>\n\t\t\t\t\t\t\t<div class=\"elementor-container elementor-column-gap-extended\">\n\t\t\t\t\t<div class=\"elementor-column elementor-col-100 elementor-top-column elementor-element elementor-element-9d8c7c1 sc_content_align_left sc_inner_width_none sc_layouts_column_icons_position_left sc_fly_static\" data-id=\"9d8c7c1\" data-element_type=\"column\" data-e-type=\"column\">\n\t\t\t<div class=\"elementor-widget-wrap elementor-element-populated\">\n\t\t\t\t\t\t<div class=\"elementor-element elementor-element-454cb8b sc_fly_static elementor-widget elementor-widget-trx_sc_title\" data-id=\"454cb8b\" data-element_type=\"widget\" data-e-type=\"widget\" data-widget_type=\"trx_sc_title.default\">\n\t\t\t\t<div class=\"elementor-widget-container\">\n\t\t\t\t\t<div\t\tclass=\"sc_title sc_title_default\" ><h1 class=\"sc_item_title sc_title_title sc_align_left sc_item_title_style_default sc_item_title_tag trx_addons_inline_1754768675\"\n\t\t\t><span class=\"sc_item_title_text\">Donn\u00e9es de<br>production<\/span><\/h1><\/div>\t\t\t\t<\/div>\n\t\t\t\t<\/div>\n\t\t\t\t\t<\/div>\n\t\t<\/div>\n\t\t\t\t\t<\/div>\n\t\t<\/section>\n\t\t\t\t<section class=\"elementor-section elementor-top-section elementor-element elementor-element-aaf7324 elementor-section-stretched scheme_default elementor-section-boxed elementor-section-height-default elementor-section-height-default sc_fly_static\" data-id=\"aaf7324\" data-element_type=\"section\" data-e-type=\"section\" id=\"objetivos\" data-settings=\"{&quot;stretch_section&quot;:&quot;section-stretched&quot;,&quot;background_background&quot;:&quot;classic&quot;}\">\n\t\t\t\t\t\t<div class=\"elementor-container elementor-column-gap-extended\">\n\t\t\t\t\t<div class=\"elementor-column elementor-col-100 elementor-top-column elementor-element elementor-element-4aed2df sc_inner_width_none sc_content_align_inherit sc_layouts_column_icons_position_left sc_fly_static\" data-id=\"4aed2df\" data-element_type=\"column\" data-e-type=\"column\">\n\t\t\t<div class=\"elementor-widget-wrap elementor-element-populated\">\n\t\t\t\t\t\t<div class=\"elementor-element elementor-element-29386d9 sc_height_large sc_fly_static elementor-widget elementor-widget-spacer\" data-id=\"29386d9\" data-element_type=\"widget\" data-e-type=\"widget\" id=\"compromiso\" data-widget_type=\"spacer.default\">\n\t\t\t\t<div class=\"elementor-widget-container\">\n\t\t\t\t\t\t\t<div class=\"elementor-spacer\">\n\t\t\t<div class=\"elementor-spacer-inner\"><\/div>\n\t\t<\/div>\n\t\t\t\t\t\t<\/div>\n\t\t\t\t<\/div>\n\t\t\t\t\t<\/div>\n\t\t<\/div>\n\t\t\t\t\t<\/div>\n\t\t<\/section>\n\t\t\t\t<section class=\"elementor-section-with-custom-width elementor-section elementor-top-section elementor-element elementor-element-5eadb45 elementor-section-content-space-between scheme_default animated-slow animation_type_sequental hide_bg_image_on_tablet hide_bg_image_on_mobile sc_layouts_row sc_layouts_row_type_normal elementor-section-boxed elementor-section-height-default elementor-section-height-default sc_fly_static elementor-invisible\" data-id=\"5eadb45\" data-element_type=\"section\" data-e-type=\"section\" data-settings=\"{&quot;background_background&quot;:&quot;classic&quot;,&quot;animation&quot;:&quot;fadeIn&quot;,&quot;animation_delay&quot;:300}\">\n\t\t\t\t\t\t<div class=\"elementor-container elementor-column-gap-custom\">\n\t\t\t\t\t<div class=\"elementor-column elementor-col-50 elementor-top-column elementor-element elementor-element-6a95036 sc_content_align_center sc_inner_width_none sc_layouts_column_icons_position_left sc_fly_static\" data-id=\"6a95036\" data-element_type=\"column\" data-e-type=\"column\">\n\t\t\t<div class=\"elementor-widget-wrap elementor-element-populated\">\n\t\t\t\t\t\t<div class=\"elementor-element elementor-element-448454e sc_fly_static elementor-widget elementor-widget-trx_sc_title\" data-id=\"448454e\" data-element_type=\"widget\" data-e-type=\"widget\" data-widget_type=\"trx_sc_title.default\">\n\t\t\t\t<div class=\"elementor-widget-container\">\n\t\t\t\t\t<div\t\tclass=\"sc_title sc_title_default\" ><h2 class=\"sc_item_title sc_title_title sc_align_left sc_item_title_style_default sc_item_title_tag trx_addons_inline_1070278072\"\n\t\t\t><span class=\"sc_item_title_text\">Maes Honey, fournisseur de miel avec capacit\u00e9 de production et flexibilit\u00e9<\/span><\/h2><\/div>\t\t\t\t<\/div>\n\t\t\t\t<\/div>\n\t\t\t\t<div class=\"elementor-element elementor-element-35c8260 sc_fly_static elementor-widget elementor-widget-spacer\" data-id=\"35c8260\" data-element_type=\"widget\" data-e-type=\"widget\" data-widget_type=\"spacer.default\">\n\t\t\t\t<div class=\"elementor-widget-container\">\n\t\t\t\t\t\t\t<div class=\"elementor-spacer\">\n\t\t\t<div class=\"elementor-spacer-inner\"><\/div>\n\t\t<\/div>\n\t\t\t\t\t\t<\/div>\n\t\t\t\t<\/div>\n\t\t\t\t<div class=\"elementor-element elementor-element-86c921b sc_fly_static elementor-widget elementor-widget-text-editor\" data-id=\"86c921b\" data-element_type=\"widget\" data-e-type=\"widget\" data-widget_type=\"text-editor.default\">\n\t\t\t\t<div class=\"elementor-widget-container\">\n\t\t\t\t\t\t\t\t\t<p>Notre premi\u00e8re exportation a eu lieu en 1993 vers l&rsquo;Allemagne. Depuis, nous n&rsquo;avons cess\u00e9<br \/>d&rsquo;\u00e9tendre nos fronti\u00e8res, et nous sommes d\u00e9sormais pr\u00e9sents dans plus de 35 pays sur<br \/>les 5 continents.<\/p>\n<p>Au cours des 15 derni\u00e8res ann\u00e9es, nous avons connu une croissance de 10 %. Cette croissance est le fruit de notre strat\u00e9gie solide, bas\u00e9e sur l&rsquo;innovation constante. Chaque ann\u00e9e, chez Maes Honey, nous investissons une partie de nos b\u00e9n\u00e9fices annuels dans des am\u00e9liorations technologiques et dans l&rsquo;innovation, dans le but de pr\u00e9voir \u00e0 long terme et d&rsquo;anticiper les \u00e9ventuels changements des march\u00e9s. L&rsquo;adoption de technologies plus avanc\u00e9es nous permet d\u2019\u00eatre plus efficaces et durables, en r\u00e9duisant notre impact environnemental tout en augmentant notre productivit\u00e9.  <\/p>\n<p>Dans le graphique \u00e0 droite, vous pouvez observer l&rsquo;\u00e9volution de notre production. Notre succ\u00e8s r\u00e9side dans la combinaison de la technologie la plus avanc\u00e9e et de la connaissance des march\u00e9s internationaux et du secteur alimentaire du miel<\/p>\n<p>Notre objectif pour les prochaines ann\u00e9es est de continuer \u00e0 cro\u00eetre de mani\u00e8re durable et respectueuse de l&rsquo;environnement. Pour cela, nous continuerons \u00e0 investir dans des am\u00e9liorations technologiques afin de nous adapter aux \u00e9ventuels changements et tendances de chaque march\u00e9 alimentaire. Chez Maes Honey, nous voulons adoucir tous les foyers du monde. <\/p>\n\t\t\t\t\t\t\t\t<\/div>\n\t\t\t\t<\/div>\n\t\t\t\t<div class=\"elementor-element elementor-element-a21f244 sc_fly_static elementor-widget elementor-widget-spacer\" data-id=\"a21f244\" data-element_type=\"widget\" data-e-type=\"widget\" data-widget_type=\"spacer.default\">\n\t\t\t\t<div class=\"elementor-widget-container\">\n\t\t\t\t\t\t\t<div class=\"elementor-spacer\">\n\t\t\t<div class=\"elementor-spacer-inner\"><\/div>\n\t\t<\/div>\n\t\t\t\t\t\t<\/div>\n\t\t\t\t<\/div>\n\t\t\t\t<div class=\"elementor-element elementor-element-fec1387 sc_fly_static elementor-widget elementor-widget-button\" data-id=\"fec1387\" data-element_type=\"widget\" data-e-type=\"widget\" data-widget_type=\"button.default\">\n\t\t\t\t<div class=\"elementor-widget-container\">\n\t\t\t\t\t\t\t\t\t<div class=\"elementor-button-wrapper\">\n\t\t\t\t\t<a class=\"elementor-button elementor-button-link elementor-size-sm\" href=\"https:\/\/maeshoney.com\/fr\/usine\/\">\n\t\t\t\t\t\t<span class=\"elementor-button-content-wrapper\">\n\t\t\t\t\t\t\t\t\t<span class=\"elementor-button-text\">VISITEZ L'USINE<\/span>\n\t\t\t\t\t<\/span>\n\t\t\t\t\t<\/a>\n\t\t\t\t<\/div>\n\t\t\t\t\t\t\t\t<\/div>\n\t\t\t\t<\/div>\n\t\t\t\t\t<\/div>\n\t\t<\/div>\n\t\t\t\t<div class=\"elementor-column elementor-col-50 elementor-top-column elementor-element elementor-element-91292ca sc_inner_width_none sc_content_align_inherit sc_layouts_column_icons_position_left sc_fly_static\" data-id=\"91292ca\" data-element_type=\"column\" data-e-type=\"column\">\n\t\t\t<div class=\"elementor-widget-wrap elementor-element-populated\">\n\t\t\t\t\t\t<div class=\"elementor-element elementor-element-aa6ae78 sc_fly_static elementor-widget elementor-widget-image\" data-id=\"aa6ae78\" data-element_type=\"widget\" data-e-type=\"widget\" data-widget_type=\"image.default\">\n\t\t\t\t<div class=\"elementor-widget-container\">\n\t\t\t\t\t\t\t\t\t\t\t\t\t\t\t<img decoding=\"async\" src=\"https:\/\/maeshoney.com\/wp-content\/uploads\/2024\/10\/Group-91.png\" title=\"\" alt=\"\" loading=\"lazy\" \/>\t\t\t\t\t\t\t\t\t\t\t\t\t\t\t<\/div>\n\t\t\t\t<\/div>\n\t\t\t\t<div class=\"elementor-element elementor-element-4e482b3 sc_fly_static elementor-widget elementor-widget-trx_sc_title\" data-id=\"4e482b3\" data-element_type=\"widget\" data-e-type=\"widget\" data-widget_type=\"trx_sc_title.default\">\n\t\t\t\t<div class=\"elementor-widget-container\">\n\t\t\t\t\t<div\t\tclass=\"sc_title sc_title_default\" ><h3 class=\"sc_item_title sc_title_title sc_align_center sc_item_title_style_default sc_item_title_tag trx_addons_inline_90914314\"\n\t\t\t><span class=\"sc_item_title_text\">\u00c9volution en kilos<\/span><\/h3><\/div>\t\t\t\t<\/div>\n\t\t\t\t<\/div>\n\t\t\t\t<div class=\"elementor-element elementor-element-9f5daf4 sc_fly_static elementor-widget elementor-widget-trx_sc_title\" data-id=\"9f5daf4\" data-element_type=\"widget\" data-e-type=\"widget\" data-widget_type=\"trx_sc_title.default\">\n\t\t\t\t<div class=\"elementor-widget-container\">\n\t\t\t\t\t<div\t\tclass=\"sc_title sc_title_default\" ><h3 class=\"sc_item_title sc_title_title sc_align_center sc_item_title_style_default sc_item_title_tag trx_addons_inline_1349062553\"\n\t\t\t><span class=\"sc_item_title_text\"><span style=\"font-size:32px;font-weight:700;line-height:15px;\">Croissance de 10 % <\/span><br>au cours des 15 derni\u00e8res ann\u00e9es.<\/span><\/h3><\/div>\t\t\t\t<\/div>\n\t\t\t\t<\/div>\n\t\t\t\t<div class=\"elementor-element elementor-element-f56fdc0 sc_fly_static elementor-widget elementor-widget-image\" data-id=\"f56fdc0\" data-element_type=\"widget\" data-e-type=\"widget\" data-widget_type=\"image.default\">\n\t\t\t\t<div class=\"elementor-widget-container\">\n\t\t\t\t\t\t\t\t\t\t\t\t\t\t\t<img fetchpriority=\"high\" decoding=\"async\" width=\"618\" height=\"348\" src=\"https:\/\/maeshoney.com\/wp-content\/uploads\/2024\/10\/Recurso-1-1-1.svg\" class=\"attachment-large size-large wp-image-26786\" alt=\"graph showing the company&#039;s growth.\" \/>\t\t\t\t\t\t\t\t\t\t\t\t\t\t\t<\/div>\n\t\t\t\t<\/div>\n\t\t\t\t\t<\/div>\n\t\t<\/div>\n\t\t\t\t\t<\/div>\n\t\t<\/section>\n\t\t\t\t<section class=\"elementor-section elementor-top-section elementor-element elementor-element-1ad20130 elementor-section-boxed elementor-section-height-default elementor-section-height-default sc_fly_static\" data-id=\"1ad20130\" data-element_type=\"section\" data-e-type=\"section\" id=\"depuradora\">\n\t\t\t\t\t\t<div class=\"elementor-container elementor-column-gap-extended\">\n\t\t\t\t\t<div class=\"elementor-column elementor-col-100 elementor-top-column elementor-element elementor-element-7ab5a705 sc_inner_width_none sc_content_align_inherit sc_layouts_column_icons_position_left sc_fly_static\" data-id=\"7ab5a705\" data-element_type=\"column\" data-e-type=\"column\">\n\t\t\t<div class=\"elementor-widget-wrap elementor-element-populated\">\n\t\t\t\t\t\t<div class=\"elementor-element elementor-element-5a906da sc_height_large sc_fly_static elementor-widget elementor-widget-spacer\" data-id=\"5a906da\" data-element_type=\"widget\" data-e-type=\"widget\" data-widget_type=\"spacer.default\">\n\t\t\t\t<div class=\"elementor-widget-container\">\n\t\t\t\t\t\t\t<div class=\"elementor-spacer\">\n\t\t\t<div class=\"elementor-spacer-inner\"><\/div>\n\t\t<\/div>\n\t\t\t\t\t\t<\/div>\n\t\t\t\t<\/div>\n\t\t\t\t\t<\/div>\n\t\t<\/div>\n\t\t\t\t\t<\/div>\n\t\t<\/section>\n\t\t\t\t<\/div>\n\t\t","protected":false},"excerpt":{"rendered":"<p>Donn\u00e9es deproduction Maes Honey, fournisseur de miel avec capacit\u00e9 de production et flexibilit\u00e9 Notre premi\u00e8re exportation a eu lieu en 1993 vers l&rsquo;Allemagne. Depuis, nous n&rsquo;avons cess\u00e9d&rsquo;\u00e9tendre nos fronti\u00e8res, et&hellip;<\/p>\n","protected":false},"author":26,"featured_media":0,"parent":0,"menu_order":4,"comment_status":"closed","ping_status":"closed","template":"","meta":{"_acf_changed":false,"footnotes":""},"class_list":["post-29405","page","type-page","status-publish","hentry"],"acf":[],"yoast_head":"<!-- This site is optimized with the Yoast SEO plugin v27.1.1 - https:\/\/yoast.com\/product\/yoast-seo-wordpress\/ -->\n<title>Donn\u00e9es de production - MAES HONEY<\/title>\n<meta name=\"description\" content=\"Au cours des 15 derni\u00e8res ann\u00e9es, nous avons connu une croissance de 10 %. C&#039;est le r\u00e9sultat de notre strat\u00e9gie solide, bas\u00e9e sur une innovation constante.\" \/>\n<meta name=\"robots\" content=\"index, follow, max-snippet:-1, max-image-preview:large, max-video-preview:-1\" \/>\n<link rel=\"canonical\" href=\"https:\/\/maeshoney.com\/fr\/donnees-de-production\/\" \/>\n<meta property=\"og:locale\" content=\"fr_FR\" \/>\n<meta property=\"og:type\" content=\"article\" \/>\n<meta property=\"og:title\" content=\"Donn\u00e9es de production - MAES HONEY\" \/>\n<meta property=\"og:description\" content=\"Au cours des 15 derni\u00e8res ann\u00e9es, nous avons connu une croissance de 10 %. C&#039;est le r\u00e9sultat de notre strat\u00e9gie solide, bas\u00e9e sur une innovation constante.\" \/>\n<meta property=\"og:url\" content=\"https:\/\/maeshoney.com\/fr\/donnees-de-production\/\" \/>\n<meta property=\"og:site_name\" content=\"MAES HONEY\" \/>\n<meta property=\"article:modified_time\" content=\"2024-12-09T11:56:47+00:00\" \/>\n<meta property=\"og:image\" content=\"https:\/\/maeshoney.com\/wp-content\/uploads\/elementor\/thumbs\/Group-91-qvalenybj2x21ke5uiztw32ney2dbc0k7a3us36e4g.png\" \/>\n<meta name=\"twitter:card\" content=\"summary_large_image\" \/>\n<meta name=\"twitter:label1\" content=\"Dur\u00e9e de lecture estim\u00e9e\" \/>\n\t<meta name=\"twitter:data1\" content=\"1 minute\" \/>\n<script type=\"application\/ld+json\" class=\"yoast-schema-graph\">{\"@context\":\"https:\/\/schema.org\",\"@graph\":[{\"@type\":\"WebPage\",\"@id\":\"https:\/\/maeshoney.com\/fr\/donnees-de-production\/\",\"url\":\"https:\/\/maeshoney.com\/fr\/donnees-de-production\/\",\"name\":\"Donn\u00e9es de production - MAES HONEY\",\"isPartOf\":{\"@id\":\"https:\/\/maeshoney.com\/#website\"},\"primaryImageOfPage\":{\"@id\":\"https:\/\/maeshoney.com\/fr\/donnees-de-production\/#primaryimage\"},\"image\":{\"@id\":\"https:\/\/maeshoney.com\/fr\/donnees-de-production\/#primaryimage\"},\"thumbnailUrl\":\"https:\/\/maeshoney.com\/wp-content\/uploads\/elementor\/thumbs\/Group-91-qvalenybj2x21ke5uiztw32ney2dbc0k7a3us36e4g.png\",\"datePublished\":\"2024-12-02T10:17:42+00:00\",\"dateModified\":\"2024-12-09T11:56:47+00:00\",\"description\":\"Au cours des 15 derni\u00e8res ann\u00e9es, nous avons connu une croissance de 10 %. C'est le r\u00e9sultat de notre strat\u00e9gie solide, bas\u00e9e sur une innovation constante.\",\"breadcrumb\":{\"@id\":\"https:\/\/maeshoney.com\/fr\/donnees-de-production\/#breadcrumb\"},\"inLanguage\":\"fr-FR\",\"potentialAction\":[{\"@type\":\"ReadAction\",\"target\":[\"https:\/\/maeshoney.com\/fr\/donnees-de-production\/\"]}]},{\"@type\":\"ImageObject\",\"inLanguage\":\"fr-FR\",\"@id\":\"https:\/\/maeshoney.com\/fr\/donnees-de-production\/#primaryimage\",\"url\":\"https:\/\/maeshoney.com\/wp-content\/uploads\/elementor\/thumbs\/Group-91-qvalenybj2x21ke5uiztw32ney2dbc0k7a3us36e4g.png\",\"contentUrl\":\"https:\/\/maeshoney.com\/wp-content\/uploads\/elementor\/thumbs\/Group-91-qvalenybj2x21ke5uiztw32ney2dbc0k7a3us36e4g.png\"},{\"@type\":\"BreadcrumbList\",\"@id\":\"https:\/\/maeshoney.com\/fr\/donnees-de-production\/#breadcrumb\",\"itemListElement\":[{\"@type\":\"ListItem\",\"position\":1,\"name\":\"Portada\",\"item\":\"https:\/\/maeshoney.com\/fr\/\"},{\"@type\":\"ListItem\",\"position\":2,\"name\":\"Donn\u00e9es de production\"}]},{\"@type\":\"WebSite\",\"@id\":\"https:\/\/maeshoney.com\/#website\",\"url\":\"https:\/\/maeshoney.com\/\",\"name\":\"MAES HONEY\",\"description\":\"En Maes Honey somos l\u00edderes en la exportaci\u00f3n de miel en Espa\u00f1a. Contamos con una gran capacidad de producci\u00f3n de miel anual.\",\"publisher\":{\"@id\":\"https:\/\/maeshoney.com\/#organization\"},\"potentialAction\":[{\"@type\":\"SearchAction\",\"target\":{\"@type\":\"EntryPoint\",\"urlTemplate\":\"https:\/\/maeshoney.com\/?s={search_term_string}\"},\"query-input\":{\"@type\":\"PropertyValueSpecification\",\"valueRequired\":true,\"valueName\":\"search_term_string\"}}],\"inLanguage\":\"fr-FR\"},{\"@type\":\"Organization\",\"@id\":\"https:\/\/maeshoney.com\/#organization\",\"name\":\"MAES HONEY\",\"url\":\"https:\/\/maeshoney.com\/\",\"logo\":{\"@type\":\"ImageObject\",\"inLanguage\":\"fr-FR\",\"@id\":\"https:\/\/maeshoney.com\/#\/schema\/logo\/image\/\",\"url\":\"https:\/\/maeshoney.com\/wp-content\/uploads\/2023\/11\/maes-honey-logo-es.png\",\"contentUrl\":\"https:\/\/maeshoney.com\/wp-content\/uploads\/2023\/11\/maes-honey-logo-es.png\",\"width\":157,\"height\":66,\"caption\":\"MAES HONEY\"},\"image\":{\"@id\":\"https:\/\/maeshoney.com\/#\/schema\/logo\/image\/\"}}]}<\/script>\n<!-- \/ Yoast SEO plugin. -->","yoast_head_json":{"title":"Donn\u00e9es de production - MAES HONEY","description":"Au cours des 15 derni\u00e8res ann\u00e9es, nous avons connu une croissance de 10 %. C'est le r\u00e9sultat de notre strat\u00e9gie solide, bas\u00e9e sur une innovation constante.","robots":{"index":"index","follow":"follow","max-snippet":"max-snippet:-1","max-image-preview":"max-image-preview:large","max-video-preview":"max-video-preview:-1"},"canonical":"https:\/\/maeshoney.com\/fr\/donnees-de-production\/","og_locale":"fr_FR","og_type":"article","og_title":"Donn\u00e9es de production - MAES HONEY","og_description":"Au cours des 15 derni\u00e8res ann\u00e9es, nous avons connu une croissance de 10 %. C'est le r\u00e9sultat de notre strat\u00e9gie solide, bas\u00e9e sur une innovation constante.","og_url":"https:\/\/maeshoney.com\/fr\/donnees-de-production\/","og_site_name":"MAES HONEY","article_modified_time":"2024-12-09T11:56:47+00:00","og_image":[{"url":"https:\/\/maeshoney.com\/wp-content\/uploads\/elementor\/thumbs\/Group-91-qvalenybj2x21ke5uiztw32ney2dbc0k7a3us36e4g.png","type":"","width":"","height":""}],"twitter_card":"summary_large_image","twitter_misc":{"Dur\u00e9e de lecture estim\u00e9e":"1 minute"},"schema":{"@context":"https:\/\/schema.org","@graph":[{"@type":"WebPage","@id":"https:\/\/maeshoney.com\/fr\/donnees-de-production\/","url":"https:\/\/maeshoney.com\/fr\/donnees-de-production\/","name":"Donn\u00e9es de production - MAES HONEY","isPartOf":{"@id":"https:\/\/maeshoney.com\/#website"},"primaryImageOfPage":{"@id":"https:\/\/maeshoney.com\/fr\/donnees-de-production\/#primaryimage"},"image":{"@id":"https:\/\/maeshoney.com\/fr\/donnees-de-production\/#primaryimage"},"thumbnailUrl":"https:\/\/maeshoney.com\/wp-content\/uploads\/elementor\/thumbs\/Group-91-qvalenybj2x21ke5uiztw32ney2dbc0k7a3us36e4g.png","datePublished":"2024-12-02T10:17:42+00:00","dateModified":"2024-12-09T11:56:47+00:00","description":"Au cours des 15 derni\u00e8res ann\u00e9es, nous avons connu une croissance de 10 %. C'est le r\u00e9sultat de notre strat\u00e9gie solide, bas\u00e9e sur une innovation constante.","breadcrumb":{"@id":"https:\/\/maeshoney.com\/fr\/donnees-de-production\/#breadcrumb"},"inLanguage":"fr-FR","potentialAction":[{"@type":"ReadAction","target":["https:\/\/maeshoney.com\/fr\/donnees-de-production\/"]}]},{"@type":"ImageObject","inLanguage":"fr-FR","@id":"https:\/\/maeshoney.com\/fr\/donnees-de-production\/#primaryimage","url":"https:\/\/maeshoney.com\/wp-content\/uploads\/elementor\/thumbs\/Group-91-qvalenybj2x21ke5uiztw32ney2dbc0k7a3us36e4g.png","contentUrl":"https:\/\/maeshoney.com\/wp-content\/uploads\/elementor\/thumbs\/Group-91-qvalenybj2x21ke5uiztw32ney2dbc0k7a3us36e4g.png"},{"@type":"BreadcrumbList","@id":"https:\/\/maeshoney.com\/fr\/donnees-de-production\/#breadcrumb","itemListElement":[{"@type":"ListItem","position":1,"name":"Portada","item":"https:\/\/maeshoney.com\/fr\/"},{"@type":"ListItem","position":2,"name":"Donn\u00e9es de production"}]},{"@type":"WebSite","@id":"https:\/\/maeshoney.com\/#website","url":"https:\/\/maeshoney.com\/","name":"MAES HONEY","description":"En Maes Honey somos l\u00edderes en la exportaci\u00f3n de miel en Espa\u00f1a. Contamos con una gran capacidad de producci\u00f3n de miel anual.","publisher":{"@id":"https:\/\/maeshoney.com\/#organization"},"potentialAction":[{"@type":"SearchAction","target":{"@type":"EntryPoint","urlTemplate":"https:\/\/maeshoney.com\/?s={search_term_string}"},"query-input":{"@type":"PropertyValueSpecification","valueRequired":true,"valueName":"search_term_string"}}],"inLanguage":"fr-FR"},{"@type":"Organization","@id":"https:\/\/maeshoney.com\/#organization","name":"MAES HONEY","url":"https:\/\/maeshoney.com\/","logo":{"@type":"ImageObject","inLanguage":"fr-FR","@id":"https:\/\/maeshoney.com\/#\/schema\/logo\/image\/","url":"https:\/\/maeshoney.com\/wp-content\/uploads\/2023\/11\/maes-honey-logo-es.png","contentUrl":"https:\/\/maeshoney.com\/wp-content\/uploads\/2023\/11\/maes-honey-logo-es.png","width":157,"height":66,"caption":"MAES HONEY"},"image":{"@id":"https:\/\/maeshoney.com\/#\/schema\/logo\/image\/"}}]}},"_links":{"self":[{"href":"https:\/\/maeshoney.com\/fr\/wp-json\/wp\/v2\/pages\/29405","targetHints":{"allow":["GET"]}}],"collection":[{"href":"https:\/\/maeshoney.com\/fr\/wp-json\/wp\/v2\/pages"}],"about":[{"href":"https:\/\/maeshoney.com\/fr\/wp-json\/wp\/v2\/types\/page"}],"author":[{"embeddable":true,"href":"https:\/\/maeshoney.com\/fr\/wp-json\/wp\/v2\/users\/26"}],"replies":[{"embeddable":true,"href":"https:\/\/maeshoney.com\/fr\/wp-json\/wp\/v2\/comments?post=29405"}],"version-history":[{"count":0,"href":"https:\/\/maeshoney.com\/fr\/wp-json\/wp\/v2\/pages\/29405\/revisions"}],"wp:attachment":[{"href":"https:\/\/maeshoney.com\/fr\/wp-json\/wp\/v2\/media?parent=29405"}],"curies":[{"name":"wp","href":"https:\/\/api.w.org\/{rel}","templated":true}]}}