{"id":22721,"date":"2023-11-20T11:00:07","date_gmt":"2023-11-20T10:00:07","guid":{"rendered":"https:\/\/maeshoney.com\/avis-juridique\/"},"modified":"2024-11-29T14:09:01","modified_gmt":"2024-11-29T13:09:01","slug":"avis-juridique","status":"publish","type":"page","link":"https:\/\/maeshoney.com\/fr\/avis-juridique\/","title":{"rendered":"Avis juridique"},"content":{"rendered":"\t\t<div data-elementor-type=\"wp-page\" data-elementor-id=\"22721\" class=\"elementor elementor-22721 elementor-21977\" data-elementor-post-type=\"page\">\n\t\t\t\t\t\t<section class=\"elementor-section elementor-top-section elementor-element elementor-element-92fa7ac elementor-section-stretched scheme_default elementor-section-height-min-height elementor-section-full_width elementor-section-content-middle elementor-section-height-default elementor-section-items-middle sc_fly_static\" data-id=\"92fa7ac\" data-element_type=\"section\" data-e-type=\"section\" data-settings=\"{&quot;stretch_section&quot;:&quot;section-stretched&quot;,&quot;background_background&quot;:&quot;classic&quot;}\">\n\t\t\t\t\t\t\t<div class=\"elementor-background-overlay\"><\/div>\n\t\t\t\t\t\t\t<div class=\"elementor-container elementor-column-gap-extended\">\n\t\t\t\t\t<div class=\"elementor-column elementor-col-100 elementor-top-column elementor-element elementor-element-166b910 sc_content_align_left sc_inner_width_none sc_layouts_column_icons_position_left sc_fly_static\" data-id=\"166b910\" data-element_type=\"column\" data-e-type=\"column\">\n\t\t\t<div class=\"elementor-widget-wrap elementor-element-populated\">\n\t\t\t\t\t\t<div class=\"elementor-element elementor-element-8590e60 sc_fly_static elementor-widget elementor-widget-trx_sc_title\" data-id=\"8590e60\" data-element_type=\"widget\" data-e-type=\"widget\" data-widget_type=\"trx_sc_title.default\">\n\t\t\t\t<div class=\"elementor-widget-container\">\n\t\t\t\t\t<div\t\tclass=\"sc_title sc_title_default\" ><h1 class=\"sc_item_title sc_title_title sc_align_left sc_item_title_style_default sc_item_title_tag trx_addons_inline_237355031\"\n\t\t\t><span class=\"sc_item_title_text\">Avis juridique<\/span><\/h1><\/div>\t\t\t\t<\/div>\n\t\t\t\t<\/div>\n\t\t\t\t\t<\/div>\n\t\t<\/div>\n\t\t\t\t\t<\/div>\n\t\t<\/section>\n\t\t\t\t<section class=\"elementor-section elementor-top-section elementor-element elementor-element-d53e3c3 elementor-section-stretched scheme_default elementor-section-boxed elementor-section-height-default elementor-section-height-default sc_fly_static\" data-id=\"d53e3c3\" data-element_type=\"section\" data-e-type=\"section\" data-settings=\"{&quot;stretch_section&quot;:&quot;section-stretched&quot;,&quot;background_background&quot;:&quot;classic&quot;}\">\n\t\t\t\t\t\t<div class=\"elementor-container elementor-column-gap-extended\">\n\t\t\t\t\t<div class=\"elementor-column elementor-col-100 elementor-top-column elementor-element elementor-element-c0614b5 sc_inner_width_none sc_content_align_inherit sc_layouts_column_icons_position_left sc_fly_static\" data-id=\"c0614b5\" data-element_type=\"column\" data-e-type=\"column\">\n\t\t\t<div class=\"elementor-widget-wrap elementor-element-populated\">\n\t\t\t\t\t\t<div class=\"elementor-element elementor-element-bfff135 sc_height_large sc_fly_static elementor-widget elementor-widget-spacer\" data-id=\"bfff135\" data-element_type=\"widget\" data-e-type=\"widget\" data-widget_type=\"spacer.default\">\n\t\t\t\t<div class=\"elementor-widget-container\">\n\t\t\t\t\t\t\t<div class=\"elementor-spacer\">\n\t\t\t<div class=\"elementor-spacer-inner\"><\/div>\n\t\t<\/div>\n\t\t\t\t\t\t<\/div>\n\t\t\t\t<\/div>\n\t\t\t\t\t<\/div>\n\t\t<\/div>\n\t\t\t\t\t<\/div>\n\t\t<\/section>\n\t\t\t\t<section class=\"elementor-section elementor-top-section elementor-element elementor-element-458c46d0 elementor-section-boxed elementor-section-height-default elementor-section-height-default sc_fly_static\" data-id=\"458c46d0\" data-element_type=\"section\" data-e-type=\"section\">\n\t\t\t\t\t\t<div class=\"elementor-container elementor-column-gap-extended\">\n\t\t\t\t\t<div class=\"elementor-column elementor-col-100 elementor-top-column elementor-element elementor-element-3799121d sc_inner_width_none sc_content_align_inherit sc_layouts_column_icons_position_left sc_fly_static\" data-id=\"3799121d\" data-element_type=\"column\" data-e-type=\"column\">\n\t\t\t<div class=\"elementor-widget-wrap elementor-element-populated\">\n\t\t\t\t\t\t<div class=\"elementor-element elementor-element-1f988a7f sc_fly_static elementor-widget elementor-widget-text-editor\" data-id=\"1f988a7f\" data-element_type=\"widget\" data-e-type=\"widget\" data-widget_type=\"text-editor.default\">\n\t\t\t\t<div class=\"elementor-widget-container\">\n\t\t\t\t\t\t\t\t\t<p>Les pr\u00e9sentes conditions d&rsquo;utilisation du site web r\u00e9glementent les conditions d&rsquo;acc\u00e8s et d&rsquo;utilisation de ce site web, propri\u00e9t\u00e9 du GRUPO MAES HONEY, ci-apr\u00e8s d\u00e9nomm\u00e9 \u00ab l&rsquo;entreprise \u00bb, que l&rsquo;utilisateur du portail doit accepter pour pouvoir utiliser tous les services et informations fournis par le portail.<\/p>\n<p>L&rsquo;utilisateur et l&rsquo;entreprise, propri\u00e9taire du portail, peuvent \u00eatre d\u00e9sign\u00e9s conjointement comme les parties. Le simple fait d&rsquo;acc\u00e9der au portail ou de l&rsquo;utiliser, ainsi que tout ou partie de son contenu et de ses services, implique l&rsquo;acceptation pleine et enti\u00e8re des pr\u00e9sentes conditions d&rsquo;utilisation. La mise \u00e0 disposition et l&rsquo;utilisation du portail sont subordonn\u00e9es au strict respect des conditions \u00e9nonc\u00e9es dans les pr\u00e9sentes conditions d&rsquo;utilisation du portail.  <\/p>\n<p>Les utilisateurs peuvent acc\u00e9der \u00e0 diff\u00e9rents types d&rsquo;informations et de services par l&rsquo;interm\u00e9diaire du portail. Le portail se r\u00e9serve le droit de modifier, \u00e0 tout moment et sans pr\u00e9avis, la pr\u00e9sentation et la configuration des informations et des services fournis.    <\/p>\n<p>L&rsquo;application n&rsquo;intervient pas dans la cr\u00e9ation de ces contenus et\/ou services fournis ou fournis par des tiers dans et\/ou via l&rsquo;application, ni ne contr\u00f4le leur l\u00e9galit\u00e9. En aucun cas, il n\u2019offre aucune garantie sur ceux-ci. L&rsquo;utilisateur reconna\u00eet que l&rsquo;application n&rsquo;est pas et ne sera pas responsable du contenu et\/ou des services fournis ou fournis par des tiers dans et\/ou via l&rsquo;application. L&rsquo;utilisateur accepte que l&rsquo;application n&rsquo;assume aucune responsabilit\u00e9 pour tout dommage ou pr\u00e9judice caus\u00e9 du fait de l&rsquo;utilisation de ces informations ou de services tiers.   <\/p>\n<p>La soci\u00e9t\u00e9 responsable du site Web ne peut assumer aucune responsabilit\u00e9 d\u00e9riv\u00e9e de l&rsquo;utilisation incorrecte, inappropri\u00e9e ou illicite des informations qui apparaissent sur cette page Internet.<\/p>\n<p>Dans les limites fix\u00e9es par la loi, la soci\u00e9t\u00e9 n&rsquo;assume aucune responsabilit\u00e9 d\u00e9riv\u00e9e du manque de v\u00e9racit\u00e9, d&rsquo;int\u00e9grit\u00e9, de mise \u00e0 jour et de pr\u00e9cision des donn\u00e9es ou informations contenues sur ses pages Internet.<\/p>\n<p>Les contenus et informations n&rsquo;engagent pas la soci\u00e9t\u00e9 et ne constituent pas des opinions, des conseils ou des conseils juridiques de quelque nature que ce soit car il s&rsquo;agit simplement d&rsquo;un service propos\u00e9 \u00e0 des fins informatives et informatives. <\/p>\n<p>Le site Internet de la soci\u00e9t\u00e9 peut contenir des liens vers d\u2019autres sites Internet de tiers qu\u2019elle ne peut contr\u00f4ler. Par cons\u00e9quent, la soci\u00e9t\u00e9 ne peut assumer la responsabilit\u00e9 du contenu pouvant appara\u00eetre sur des pages tierces. <\/p>\n<p>Les textes, images, sons, animations, logiciels et autres contenus inclus sur ce site Internet sont la propri\u00e9t\u00e9 exclusive de la soci\u00e9t\u00e9 ou de ses conc\u00e9dants de licence. Tout acte de transmission, distribution, transfert, reproduction, stockage ou communication publique totale ou partielle doit avoir l&rsquo;accord expr\u00e8s de la soci\u00e9t\u00e9. <\/p>\n<p>L&rsquo;utilisateur doit respecter \u00e0 tout moment les termes et conditions \u00e9tablis dans le pr\u00e9sent avis l\u00e9gal. L&rsquo;utilisateur d\u00e9clare express\u00e9ment qu&rsquo;il utilisera le portail avec diligence et qu&rsquo;il assumera toute responsabilit\u00e9 pouvant d\u00e9couler du non-respect des r\u00e8gles. <\/p>\n<p>L&rsquo;utilisateur s&rsquo;engage, dans les cas o\u00f9 des donn\u00e9es ou informations sont demand\u00e9es, \u00e0 ne pas usurper son identit\u00e9 en se faisant passer pour une autre personne. L&rsquo;utilisateur ne peut pas utiliser le portail pour des activit\u00e9s contraires \u00e0 la loi, la morale et l&rsquo;ordre public, ainsi qu&rsquo;\u00e0 des fins interdites ou qui violent ou l\u00e8sent les droits de tiers. De m\u00eame, la diffusion, le stockage et\/ou la gestion de donn\u00e9es ou de contenus portant atteinte aux droits de tiers ou \u00e0 toute r\u00e9glementation r\u00e9glementant les droits de propri\u00e9t\u00e9 intellectuelle ou industrielle sont interdits.  <\/p>\n<p>De m\u00eame, l&rsquo;utilisateur ne peut pas utiliser le portail pour transmettre, stocker, divulguer, promouvoir ou distribuer des donn\u00e9es ou des contenus contenant des virus ou tout autre code informatique, fichiers ou programmes con\u00e7us pour interrompre, d\u00e9truire ou nuire au fonctionnement de tout programme ou \u00e9quipement. ou les t\u00e9l\u00e9communications.<\/p>\n<p>L&rsquo;utilisateur s&rsquo;engage \u00e0 indemniser et \u00e0 d\u00e9gager le portail de toute responsabilit\u00e9 pour tout dommage, perte, sanction, amende, p\u00e9nalit\u00e9 ou compensation auquel le portail serait confront\u00e9.<\/p>\n<p>De m\u00eame, vous pouvez consulter notre <u>Politique de Protection des Donn\u00e9es<\/u> et notre <u>Politique de Cookies<\/u>, en cliquant dans les liens.<\/p>\n\t\t\t\t\t\t\t\t<\/div>\n\t\t\t\t<\/div>\n\t\t\t\t\t<\/div>\n\t\t<\/div>\n\t\t\t\t\t<\/div>\n\t\t<\/section>\n\t\t\t\t<\/div>\n\t\t","protected":false},"excerpt":{"rendered":"<p>Avis juridique Les pr\u00e9sentes conditions d&rsquo;utilisation du site web r\u00e9glementent les conditions d&rsquo;acc\u00e8s et d&rsquo;utilisation de ce site web, propri\u00e9t\u00e9 du GRUPO MAES HONEY, ci-apr\u00e8s d\u00e9nomm\u00e9 \u00ab l&rsquo;entreprise \u00bb, que&hellip;<\/p>\n","protected":false},"author":21,"featured_media":0,"parent":0,"menu_order":20,"comment_status":"closed","ping_status":"closed","template":"","meta":{"_acf_changed":false,"footnotes":""},"class_list":["post-22721","page","type-page","status-publish","hentry"],"acf":[],"yoast_head":"<!-- This site is optimized with the Yoast SEO plugin v27.1.1 - https:\/\/yoast.com\/product\/yoast-seo-wordpress\/ -->\n<title>Avis juridique - MAES HONEY<\/title>\n<meta name=\"robots\" content=\"noindex, nofollow\" \/>\n<meta property=\"og:locale\" content=\"fr_FR\" \/>\n<meta property=\"og:type\" content=\"article\" \/>\n<meta property=\"og:title\" content=\"Avis juridique - MAES HONEY\" \/>\n<meta property=\"og:description\" content=\"Avis juridique Les pr\u00e9sentes conditions d&rsquo;utilisation du site web r\u00e9glementent les conditions d&rsquo;acc\u00e8s et d&rsquo;utilisation de ce site web, propri\u00e9t\u00e9 du GRUPO MAES HONEY, ci-apr\u00e8s d\u00e9nomm\u00e9 \u00ab l&rsquo;entreprise \u00bb, que&hellip;\" \/>\n<meta property=\"og:url\" content=\"https:\/\/maeshoney.com\/fr\/avis-juridique\/\" \/>\n<meta property=\"og:site_name\" content=\"MAES HONEY\" \/>\n<meta property=\"article:modified_time\" content=\"2024-11-29T13:09:01+00:00\" \/>\n<meta name=\"twitter:card\" content=\"summary_large_image\" \/>\n<meta name=\"twitter:label1\" content=\"Dur\u00e9e de lecture estim\u00e9e\" \/>\n\t<meta name=\"twitter:data1\" content=\"4 minutes\" \/>\n<script type=\"application\/ld+json\" class=\"yoast-schema-graph\">{\"@context\":\"https:\/\/schema.org\",\"@graph\":[{\"@type\":\"WebPage\",\"@id\":\"https:\/\/maeshoney.com\/fr\/avis-juridique\/\",\"url\":\"https:\/\/maeshoney.com\/fr\/avis-juridique\/\",\"name\":\"Avis juridique - MAES HONEY\",\"isPartOf\":{\"@id\":\"https:\/\/maeshoney.com\/#website\"},\"datePublished\":\"2023-11-20T10:00:07+00:00\",\"dateModified\":\"2024-11-29T13:09:01+00:00\",\"breadcrumb\":{\"@id\":\"https:\/\/maeshoney.com\/fr\/avis-juridique\/#breadcrumb\"},\"inLanguage\":\"fr-FR\",\"potentialAction\":[{\"@type\":\"ReadAction\",\"target\":[\"https:\/\/maeshoney.com\/fr\/avis-juridique\/\"]}]},{\"@type\":\"BreadcrumbList\",\"@id\":\"https:\/\/maeshoney.com\/fr\/avis-juridique\/#breadcrumb\",\"itemListElement\":[{\"@type\":\"ListItem\",\"position\":1,\"name\":\"Portada\",\"item\":\"https:\/\/maeshoney.com\/fr\/\"},{\"@type\":\"ListItem\",\"position\":2,\"name\":\"Avis juridique\"}]},{\"@type\":\"WebSite\",\"@id\":\"https:\/\/maeshoney.com\/#website\",\"url\":\"https:\/\/maeshoney.com\/\",\"name\":\"MAES HONEY\",\"description\":\"En Maes Honey somos l\u00edderes en la exportaci\u00f3n de miel en Espa\u00f1a. Contamos con una gran capacidad de producci\u00f3n de miel anual.\",\"publisher\":{\"@id\":\"https:\/\/maeshoney.com\/#organization\"},\"potentialAction\":[{\"@type\":\"SearchAction\",\"target\":{\"@type\":\"EntryPoint\",\"urlTemplate\":\"https:\/\/maeshoney.com\/?s={search_term_string}\"},\"query-input\":{\"@type\":\"PropertyValueSpecification\",\"valueRequired\":true,\"valueName\":\"search_term_string\"}}],\"inLanguage\":\"fr-FR\"},{\"@type\":\"Organization\",\"@id\":\"https:\/\/maeshoney.com\/#organization\",\"name\":\"MAES HONEY\",\"url\":\"https:\/\/maeshoney.com\/\",\"logo\":{\"@type\":\"ImageObject\",\"inLanguage\":\"fr-FR\",\"@id\":\"https:\/\/maeshoney.com\/#\/schema\/logo\/image\/\",\"url\":\"https:\/\/maeshoney.com\/wp-content\/uploads\/2023\/11\/maes-honey-logo-es.png\",\"contentUrl\":\"https:\/\/maeshoney.com\/wp-content\/uploads\/2023\/11\/maes-honey-logo-es.png\",\"width\":157,\"height\":66,\"caption\":\"MAES HONEY\"},\"image\":{\"@id\":\"https:\/\/maeshoney.com\/#\/schema\/logo\/image\/\"}}]}<\/script>\n<!-- \/ Yoast SEO plugin. -->","yoast_head_json":{"title":"Avis juridique - MAES HONEY","robots":{"index":"noindex","follow":"nofollow"},"og_locale":"fr_FR","og_type":"article","og_title":"Avis juridique - MAES HONEY","og_description":"Avis juridique Les pr\u00e9sentes conditions d&rsquo;utilisation du site web r\u00e9glementent les conditions d&rsquo;acc\u00e8s et d&rsquo;utilisation de ce site web, propri\u00e9t\u00e9 du GRUPO MAES HONEY, ci-apr\u00e8s d\u00e9nomm\u00e9 \u00ab l&rsquo;entreprise \u00bb, que&hellip;","og_url":"https:\/\/maeshoney.com\/fr\/avis-juridique\/","og_site_name":"MAES HONEY","article_modified_time":"2024-11-29T13:09:01+00:00","twitter_card":"summary_large_image","twitter_misc":{"Dur\u00e9e de lecture estim\u00e9e":"4 minutes"},"schema":{"@context":"https:\/\/schema.org","@graph":[{"@type":"WebPage","@id":"https:\/\/maeshoney.com\/fr\/avis-juridique\/","url":"https:\/\/maeshoney.com\/fr\/avis-juridique\/","name":"Avis juridique - MAES HONEY","isPartOf":{"@id":"https:\/\/maeshoney.com\/#website"},"datePublished":"2023-11-20T10:00:07+00:00","dateModified":"2024-11-29T13:09:01+00:00","breadcrumb":{"@id":"https:\/\/maeshoney.com\/fr\/avis-juridique\/#breadcrumb"},"inLanguage":"fr-FR","potentialAction":[{"@type":"ReadAction","target":["https:\/\/maeshoney.com\/fr\/avis-juridique\/"]}]},{"@type":"BreadcrumbList","@id":"https:\/\/maeshoney.com\/fr\/avis-juridique\/#breadcrumb","itemListElement":[{"@type":"ListItem","position":1,"name":"Portada","item":"https:\/\/maeshoney.com\/fr\/"},{"@type":"ListItem","position":2,"name":"Avis juridique"}]},{"@type":"WebSite","@id":"https:\/\/maeshoney.com\/#website","url":"https:\/\/maeshoney.com\/","name":"MAES HONEY","description":"En Maes Honey somos l\u00edderes en la exportaci\u00f3n de miel en Espa\u00f1a. Contamos con una gran capacidad de producci\u00f3n de miel anual.","publisher":{"@id":"https:\/\/maeshoney.com\/#organization"},"potentialAction":[{"@type":"SearchAction","target":{"@type":"EntryPoint","urlTemplate":"https:\/\/maeshoney.com\/?s={search_term_string}"},"query-input":{"@type":"PropertyValueSpecification","valueRequired":true,"valueName":"search_term_string"}}],"inLanguage":"fr-FR"},{"@type":"Organization","@id":"https:\/\/maeshoney.com\/#organization","name":"MAES HONEY","url":"https:\/\/maeshoney.com\/","logo":{"@type":"ImageObject","inLanguage":"fr-FR","@id":"https:\/\/maeshoney.com\/#\/schema\/logo\/image\/","url":"https:\/\/maeshoney.com\/wp-content\/uploads\/2023\/11\/maes-honey-logo-es.png","contentUrl":"https:\/\/maeshoney.com\/wp-content\/uploads\/2023\/11\/maes-honey-logo-es.png","width":157,"height":66,"caption":"MAES HONEY"},"image":{"@id":"https:\/\/maeshoney.com\/#\/schema\/logo\/image\/"}}]}},"_links":{"self":[{"href":"https:\/\/maeshoney.com\/fr\/wp-json\/wp\/v2\/pages\/22721","targetHints":{"allow":["GET"]}}],"collection":[{"href":"https:\/\/maeshoney.com\/fr\/wp-json\/wp\/v2\/pages"}],"about":[{"href":"https:\/\/maeshoney.com\/fr\/wp-json\/wp\/v2\/types\/page"}],"author":[{"embeddable":true,"href":"https:\/\/maeshoney.com\/fr\/wp-json\/wp\/v2\/users\/21"}],"replies":[{"embeddable":true,"href":"https:\/\/maeshoney.com\/fr\/wp-json\/wp\/v2\/comments?post=22721"}],"version-history":[{"count":0,"href":"https:\/\/maeshoney.com\/fr\/wp-json\/wp\/v2\/pages\/22721\/revisions"}],"wp:attachment":[{"href":"https:\/\/maeshoney.com\/fr\/wp-json\/wp\/v2\/media?parent=22721"}],"curies":[{"name":"wp","href":"https:\/\/api.w.org\/{rel}","templated":true}]}}