{"id":22729,"date":"2023-11-20T11:15:29","date_gmt":"2023-11-20T10:15:29","guid":{"rendered":"https:\/\/maeshoney.com\/legal-warning\/"},"modified":"2026-03-16T13:34:09","modified_gmt":"2026-03-16T12:34:09","slug":"legal-warning","status":"publish","type":"page","link":"https:\/\/maeshoney.com\/en\/legal-warning\/","title":{"rendered":"Legal Notice"},"content":{"rendered":"\t\t<div data-elementor-type=\"wp-page\" data-elementor-id=\"22729\" class=\"elementor elementor-22729 elementor-21977\" data-elementor-post-type=\"page\">\n\t\t\t\t\t\t<section class=\"elementor-section elementor-top-section elementor-element elementor-element-92fa7ac elementor-section-stretched scheme_default elementor-section-height-min-height elementor-section-full_width elementor-section-content-middle elementor-section-height-default elementor-section-items-middle sc_fly_static\" data-id=\"92fa7ac\" data-element_type=\"section\" data-e-type=\"section\" data-settings=\"{&quot;stretch_section&quot;:&quot;section-stretched&quot;,&quot;background_background&quot;:&quot;classic&quot;}\">\n\t\t\t\t\t\t\t<div class=\"elementor-background-overlay\"><\/div>\n\t\t\t\t\t\t\t<div class=\"elementor-container elementor-column-gap-extended\">\n\t\t\t\t\t<div class=\"elementor-column elementor-col-100 elementor-top-column elementor-element elementor-element-166b910 sc_content_align_left sc_inner_width_none sc_layouts_column_icons_position_left sc_fly_static\" data-id=\"166b910\" data-element_type=\"column\" data-e-type=\"column\">\n\t\t\t<div class=\"elementor-widget-wrap elementor-element-populated\">\n\t\t\t\t\t\t<div class=\"elementor-element elementor-element-8590e60 sc_fly_static elementor-widget elementor-widget-trx_sc_title\" data-id=\"8590e60\" data-element_type=\"widget\" data-e-type=\"widget\" data-widget_type=\"trx_sc_title.default\">\n\t\t\t\t<div class=\"elementor-widget-container\">\n\t\t\t\t\t<div\t\tclass=\"sc_title sc_title_default\" ><h1 class=\"sc_item_title sc_title_title sc_align_left sc_item_title_style_default sc_item_title_tag trx_addons_inline_1149218488\"\n\t\t\t><span class=\"sc_item_title_text\">Legal Notice<\/span><\/h1><\/div>\t\t\t\t<\/div>\n\t\t\t\t<\/div>\n\t\t\t\t\t<\/div>\n\t\t<\/div>\n\t\t\t\t\t<\/div>\n\t\t<\/section>\n\t\t\t\t<section class=\"elementor-section elementor-top-section elementor-element elementor-element-d53e3c3 elementor-section-stretched scheme_default elementor-section-boxed elementor-section-height-default elementor-section-height-default sc_fly_static\" data-id=\"d53e3c3\" data-element_type=\"section\" data-e-type=\"section\" data-settings=\"{&quot;stretch_section&quot;:&quot;section-stretched&quot;,&quot;background_background&quot;:&quot;classic&quot;}\">\n\t\t\t\t\t\t<div class=\"elementor-container elementor-column-gap-extended\">\n\t\t\t\t\t<div class=\"elementor-column elementor-col-100 elementor-top-column elementor-element elementor-element-c0614b5 sc_inner_width_none sc_content_align_inherit sc_layouts_column_icons_position_left sc_fly_static\" data-id=\"c0614b5\" data-element_type=\"column\" data-e-type=\"column\">\n\t\t\t<div class=\"elementor-widget-wrap elementor-element-populated\">\n\t\t\t\t\t\t<div class=\"elementor-element elementor-element-bfff135 sc_height_large sc_fly_static elementor-widget elementor-widget-spacer\" data-id=\"bfff135\" data-element_type=\"widget\" data-e-type=\"widget\" data-widget_type=\"spacer.default\">\n\t\t\t\t<div class=\"elementor-widget-container\">\n\t\t\t\t\t\t\t<div class=\"elementor-spacer\">\n\t\t\t<div class=\"elementor-spacer-inner\"><\/div>\n\t\t<\/div>\n\t\t\t\t\t\t<\/div>\n\t\t\t\t<\/div>\n\t\t\t\t\t<\/div>\n\t\t<\/div>\n\t\t\t\t\t<\/div>\n\t\t<\/section>\n\t\t\t\t<section class=\"elementor-section elementor-top-section elementor-element elementor-element-458c46d0 elementor-section-boxed elementor-section-height-default elementor-section-height-default sc_fly_static\" data-id=\"458c46d0\" data-element_type=\"section\" data-e-type=\"section\">\n\t\t\t\t\t\t<div class=\"elementor-container elementor-column-gap-extended\">\n\t\t\t\t\t<div class=\"elementor-column elementor-col-100 elementor-top-column elementor-element elementor-element-3799121d sc_inner_width_none sc_content_align_inherit sc_layouts_column_icons_position_left sc_fly_static\" data-id=\"3799121d\" data-element_type=\"column\" data-e-type=\"column\">\n\t\t\t<div class=\"elementor-widget-wrap elementor-element-populated\">\n\t\t\t\t\t\t<div class=\"elementor-element elementor-element-1f988a7f sc_fly_static elementor-widget elementor-widget-text-editor\" data-id=\"1f988a7f\" data-element_type=\"widget\" data-e-type=\"widget\" data-widget_type=\"text-editor.default\">\n\t\t\t\t<div class=\"elementor-widget-container\">\n\t\t\t\t\t\t\t\t\t<p>The present conditions of use of the website regulate the terms of access and use of this website, property of GRUPO MAES HONEY, hereinafter \u2018the Company\u2019, which the user of the portal must accept in order to use all the services and information provided by the portal.<\/p>\n<p>The user, as well as the Company, owner of the portal, may be jointly referred to as the parties. The mere access or use of the portal, of all or part of its contents and services means the full acceptance of these conditions of use. The provision and use of the portal is understood to be subject to strict compliance with the terms set out in these conditions of use of the portal.  <\/p>\n<p>Users can access different types of information and services through the portal. The portal reserves the right to modify, at any time and without prior notice, the presentation and configuration of the information and services offered on the portal. The user expressly acknowledges and accepts that at any time the portal may interrupt, deactivate and\/or cancel any information or service. The portal will make its best efforts to try to guarantee the availability and accessibility of the website. However, on occasions, for reasons of maintenance, updating, change of location, etc., access to the portal may be interrupted.    <\/p>\n<p>The application does not intervene in the creation of those contents and\/or services provided or supplied by third parties in and\/or through the application, nor does it control their legality. In any case, it does not offer any kind of guarantee about them. The user acknowledges that the application is not and will not be responsible for the content and\/or services provided or supplied by third parties in and\/or through the application. The user accepts that the application will not assume any responsibility for any damage or harm produced as a consequence of the use of this information or services of third parties.   <\/p>\n<p>The company responsible for the website cannot assume any liability arising from the incorrect, inappropriate or unlawful use of the information appearing on this website.<\/p>\n<p>Within the limits established by law, the company assumes no liability for the lack of truthfulness, completeness, updating and accuracy of the data or information contained in its Internet pages.<\/p>\n<p>The contents and information are not binding on the company and do not constitute opinions, advice or legal advice of any kind, as it is merely a service offered for information and dissemination purposes. <\/p>\n<p>The company&#8217;s website may contain links to other websites of third parties that it does not control. Therefore, the company cannot assume responsibility for the content that may appear on third party sites. <\/p>\n<p>The texts, images, sounds, animations, software and other contents included in this website are the exclusive property of the company or its licensors. Any act of transmission, distribution, transfer, reproduction, storage or total or partial public communication must have the express consent of the company. <\/p>\n<p>The user must at all times respect the terms and conditions set out in this legal notice. The user expressly declares that he\/she will use the portal diligently and assumes any liability that may arise from non-compliance with the rules. <\/p>\n<p>The user undertakes, in those cases in which he\/she is asked for data or information, not to falsify his\/her identity by impersonating any other person. The user may not use the portal for activities contrary to the law, morality and public order, or for purposes that are prohibited or that violate or harm the rights of third parties. Likewise, the dissemination, storage and\/or management of data or content that infringes the rights of third parties or any regulations governing intellectual or industrial property rights is prohibited.  <\/p>\n<p>Likewise, the user may not use the portal to transmit, store, disseminate, promote or distribute data or contents that contain viruses or any other computer code, files or programmes designed to interrupt, destroy or damage the operation of any computer or telecommunications programme or equipment.<\/p>\n<p>The user undertakes to indemnify and hold the portal harmless for any damage, harm, sanction, fine, penalty or compensation that the portal may have to face.<\/p>\n<p>Likewise, you can consult our<u> Data Protection Policy <\/u>and our <u>Cookies Policy<\/u> by clicking on the links.<\/p>\n\t\t\t\t\t\t\t\t<\/div>\n\t\t\t\t<\/div>\n\t\t\t\t\t<\/div>\n\t\t<\/div>\n\t\t\t\t\t<\/div>\n\t\t<\/section>\n\t\t\t\t<\/div>\n\t\t","protected":false},"excerpt":{"rendered":"<p>Legal Notice The present conditions of use of the website regulate the terms of access and use of this website, property of GRUPO MAES HONEY, hereinafter \u2018the Company\u2019, which the&hellip;<\/p>\n","protected":false},"author":21,"featured_media":0,"parent":0,"menu_order":20,"comment_status":"closed","ping_status":"closed","template":"","meta":{"_acf_changed":false,"footnotes":""},"class_list":["post-22729","page","type-page","status-publish","hentry"],"acf":[],"yoast_head":"<!-- This site is optimized with the Yoast SEO plugin v27.1.1 - https:\/\/yoast.com\/product\/yoast-seo-wordpress\/ -->\n<title>Legal Notice - MAES HONEY<\/title>\n<meta name=\"description\" content=\"Read the Maes Honey privacy policy to learn how we collect, use and protect personal data when you visit our website or contact us.\" \/>\n<meta name=\"robots\" content=\"noindex, nofollow\" \/>\n<meta property=\"og:locale\" content=\"en_US\" \/>\n<meta property=\"og:type\" content=\"article\" \/>\n<meta property=\"og:title\" content=\"Legal Notice - MAES HONEY\" \/>\n<meta property=\"og:description\" content=\"Read the Maes Honey privacy policy to learn how we collect, use and protect personal data when you visit our website or contact us.\" \/>\n<meta property=\"og:url\" content=\"https:\/\/maeshoney.com\/en\/legal-warning\/\" \/>\n<meta property=\"og:site_name\" content=\"MAES HONEY\" \/>\n<meta property=\"article:modified_time\" content=\"2026-03-16T12:34:09+00:00\" \/>\n<meta name=\"twitter:card\" content=\"summary_large_image\" \/>\n<meta name=\"twitter:label1\" content=\"Est. reading time\" \/>\n\t<meta name=\"twitter:data1\" content=\"4 minutes\" \/>\n<script type=\"application\/ld+json\" class=\"yoast-schema-graph\">{\"@context\":\"https:\/\/schema.org\",\"@graph\":[{\"@type\":\"WebPage\",\"@id\":\"https:\/\/maeshoney.com\/en\/legal-warning\/\",\"url\":\"https:\/\/maeshoney.com\/en\/legal-warning\/\",\"name\":\"Legal Notice - MAES HONEY\",\"isPartOf\":{\"@id\":\"https:\/\/maeshoney.com\/#website\"},\"datePublished\":\"2023-11-20T10:15:29+00:00\",\"dateModified\":\"2026-03-16T12:34:09+00:00\",\"description\":\"Read the Maes Honey privacy policy to learn how we collect, use and protect personal data when you visit our website or contact us.\",\"breadcrumb\":{\"@id\":\"https:\/\/maeshoney.com\/en\/legal-warning\/#breadcrumb\"},\"inLanguage\":\"en-US\",\"potentialAction\":[{\"@type\":\"ReadAction\",\"target\":[\"https:\/\/maeshoney.com\/en\/legal-warning\/\"]}]},{\"@type\":\"BreadcrumbList\",\"@id\":\"https:\/\/maeshoney.com\/en\/legal-warning\/#breadcrumb\",\"itemListElement\":[{\"@type\":\"ListItem\",\"position\":1,\"name\":\"Portada\",\"item\":\"https:\/\/maeshoney.com\/en\/\"},{\"@type\":\"ListItem\",\"position\":2,\"name\":\"Legal Notice\"}]},{\"@type\":\"WebSite\",\"@id\":\"https:\/\/maeshoney.com\/#website\",\"url\":\"https:\/\/maeshoney.com\/\",\"name\":\"MAES HONEY\",\"description\":\"En Maes Honey somos l\u00edderes en la exportaci\u00f3n de miel en Espa\u00f1a. Contamos con una gran capacidad de producci\u00f3n de miel anual.\",\"publisher\":{\"@id\":\"https:\/\/maeshoney.com\/#organization\"},\"potentialAction\":[{\"@type\":\"SearchAction\",\"target\":{\"@type\":\"EntryPoint\",\"urlTemplate\":\"https:\/\/maeshoney.com\/?s={search_term_string}\"},\"query-input\":{\"@type\":\"PropertyValueSpecification\",\"valueRequired\":true,\"valueName\":\"search_term_string\"}}],\"inLanguage\":\"en-US\"},{\"@type\":\"Organization\",\"@id\":\"https:\/\/maeshoney.com\/#organization\",\"name\":\"MAES HONEY\",\"url\":\"https:\/\/maeshoney.com\/\",\"logo\":{\"@type\":\"ImageObject\",\"inLanguage\":\"en-US\",\"@id\":\"https:\/\/maeshoney.com\/#\/schema\/logo\/image\/\",\"url\":\"https:\/\/maeshoney.com\/wp-content\/uploads\/2023\/11\/maes-honey-logo-es.png\",\"contentUrl\":\"https:\/\/maeshoney.com\/wp-content\/uploads\/2023\/11\/maes-honey-logo-es.png\",\"width\":157,\"height\":66,\"caption\":\"MAES HONEY\"},\"image\":{\"@id\":\"https:\/\/maeshoney.com\/#\/schema\/logo\/image\/\"}}]}<\/script>\n<!-- \/ Yoast SEO plugin. -->","yoast_head_json":{"title":"Legal Notice - MAES HONEY","description":"Read the Maes Honey privacy policy to learn how we collect, use and protect personal data when you visit our website or contact us.","robots":{"index":"noindex","follow":"nofollow"},"og_locale":"en_US","og_type":"article","og_title":"Legal Notice - MAES HONEY","og_description":"Read the Maes Honey privacy policy to learn how we collect, use and protect personal data when you visit our website or contact us.","og_url":"https:\/\/maeshoney.com\/en\/legal-warning\/","og_site_name":"MAES HONEY","article_modified_time":"2026-03-16T12:34:09+00:00","twitter_card":"summary_large_image","twitter_misc":{"Est. reading time":"4 minutes"},"schema":{"@context":"https:\/\/schema.org","@graph":[{"@type":"WebPage","@id":"https:\/\/maeshoney.com\/en\/legal-warning\/","url":"https:\/\/maeshoney.com\/en\/legal-warning\/","name":"Legal Notice - MAES HONEY","isPartOf":{"@id":"https:\/\/maeshoney.com\/#website"},"datePublished":"2023-11-20T10:15:29+00:00","dateModified":"2026-03-16T12:34:09+00:00","description":"Read the Maes Honey privacy policy to learn how we collect, use and protect personal data when you visit our website or contact us.","breadcrumb":{"@id":"https:\/\/maeshoney.com\/en\/legal-warning\/#breadcrumb"},"inLanguage":"en-US","potentialAction":[{"@type":"ReadAction","target":["https:\/\/maeshoney.com\/en\/legal-warning\/"]}]},{"@type":"BreadcrumbList","@id":"https:\/\/maeshoney.com\/en\/legal-warning\/#breadcrumb","itemListElement":[{"@type":"ListItem","position":1,"name":"Portada","item":"https:\/\/maeshoney.com\/en\/"},{"@type":"ListItem","position":2,"name":"Legal Notice"}]},{"@type":"WebSite","@id":"https:\/\/maeshoney.com\/#website","url":"https:\/\/maeshoney.com\/","name":"MAES HONEY","description":"En Maes Honey somos l\u00edderes en la exportaci\u00f3n de miel en Espa\u00f1a. Contamos con una gran capacidad de producci\u00f3n de miel anual.","publisher":{"@id":"https:\/\/maeshoney.com\/#organization"},"potentialAction":[{"@type":"SearchAction","target":{"@type":"EntryPoint","urlTemplate":"https:\/\/maeshoney.com\/?s={search_term_string}"},"query-input":{"@type":"PropertyValueSpecification","valueRequired":true,"valueName":"search_term_string"}}],"inLanguage":"en-US"},{"@type":"Organization","@id":"https:\/\/maeshoney.com\/#organization","name":"MAES HONEY","url":"https:\/\/maeshoney.com\/","logo":{"@type":"ImageObject","inLanguage":"en-US","@id":"https:\/\/maeshoney.com\/#\/schema\/logo\/image\/","url":"https:\/\/maeshoney.com\/wp-content\/uploads\/2023\/11\/maes-honey-logo-es.png","contentUrl":"https:\/\/maeshoney.com\/wp-content\/uploads\/2023\/11\/maes-honey-logo-es.png","width":157,"height":66,"caption":"MAES HONEY"},"image":{"@id":"https:\/\/maeshoney.com\/#\/schema\/logo\/image\/"}}]}},"_links":{"self":[{"href":"https:\/\/maeshoney.com\/en\/wp-json\/wp\/v2\/pages\/22729","targetHints":{"allow":["GET"]}}],"collection":[{"href":"https:\/\/maeshoney.com\/en\/wp-json\/wp\/v2\/pages"}],"about":[{"href":"https:\/\/maeshoney.com\/en\/wp-json\/wp\/v2\/types\/page"}],"author":[{"embeddable":true,"href":"https:\/\/maeshoney.com\/en\/wp-json\/wp\/v2\/users\/21"}],"replies":[{"embeddable":true,"href":"https:\/\/maeshoney.com\/en\/wp-json\/wp\/v2\/comments?post=22729"}],"version-history":[{"count":1,"href":"https:\/\/maeshoney.com\/en\/wp-json\/wp\/v2\/pages\/22729\/revisions"}],"predecessor-version":[{"id":34144,"href":"https:\/\/maeshoney.com\/en\/wp-json\/wp\/v2\/pages\/22729\/revisions\/34144"}],"wp:attachment":[{"href":"https:\/\/maeshoney.com\/en\/wp-json\/wp\/v2\/media?parent=22729"}],"curies":[{"name":"wp","href":"https:\/\/api.w.org\/{rel}","templated":true}]}}